{"id":54292,"date":"2025-02-28T15:00:16","date_gmt":"2025-02-28T13:00:16","guid":{"rendered":"https:\/\/startlan.ee\/toode\/7days-my-beauty-week-naokreem-retinol-massaazirullikuga-vananemisvastane-ja-pinguldav-40-ml\/"},"modified":"2026-05-13T18:00:20","modified_gmt":"2026-05-13T15:00:20","slug":"7days-my-beauty-week-naokreem-retinol-massaazirullikuga-vananemisvastane-ja-pinguldav-40-ml","status":"publish","type":"product","link":"https:\/\/startlan.ee\/en\/toode\/7days-my-beauty-week-naokreem-retinol-massaazirullikuga-vananemisvastane-ja-pinguldav-40-ml\/","title":{"rendered":"7DAYS MY BEAUTY WEEK N\u00e4okreem RETINOL massaa\u017eirullikuga vananemisvastane ja pinguldav 40 ml"},"content":{"rendered":"<p>N\u00e4okreem 7DAYS MY BEAUTY WEEK Retinol 40 ml + 3D massager intensiivseks niisutuseks, vananemisvastaseks ja t\u00f5stva toimeks. Kahetoimeline niisutav n\u00e4okreem retinooliga: 24-tunnine niisutus + n\u00e4omassaa\u017e. 3D FACE FIT Massager annab t\u00f5stva efekti, v\u00e4hendab turseid, silub kortse ning kujundab kindla ja kindla n\u00e4okontuuri.<\/p>\n<p>Niisutav n\u00e4okreem muudab naha v\u00e4rskeks, pringiks, elastseks ja elastseks t\u00e4nu aktiivsete koostisosade kompleksile. Retinool silub peeneid jooni ja s\u00fcgavaid kortse, stimuleerib rakkude uuenemist, noorendab, v\u00f5itleb pigmentatsiooniga ning \u00fchtlustab naha tekstuuri ja tooni. H\u00fcaluroonhape niisutab intensiivselt, v\u00e4rskendab, suurendab elastsust, silub nahka ja taastab veetasakaalu. E-vitamiin ja puuviljaekstraktid rahustavad, toniseerivad ja aitavad aeglustada naha vananemisprotsessi.<\/p>\n<p>3D FACE FIT Massager t\u00f5hustab toimeainete s\u00fcgavamat tungimist nahka, suurendab selle tugevust ja elastsust, silub kortse, v\u00e4hendab turseid, parandab jumet, treenib lihaseid ja vormib n\u00e4okontuuri.<\/p>\n<p>Niisutav n\u00e4okreem tagab niisutuse ilma kleepuva v\u00f5i rasvase tundeta p\u00e4rast pealekandmist. Puhastage nahka tavalise n\u00e4opuhastusvahendiga. Kandke ja jaotage kreemi n\u00e4o, kaela ja dekolteepiirkonna massaa\u017eijoontele 10-15 minutiks, kasutades masseerijat. Oodake, kuni see t\u00e4ielikult imendub. Maksimaalse tulemuse saavutamiseks kasutage kreemi kaks korda p\u00e4evas, hommikul ja \u00f5htul. Pakendi avamiseks keerake masseerijat vastup\u00e4eva; pakendi sulgemiseks keerake seda p\u00e4rip\u00e4eva.<\/p>\n","protected":false},"excerpt":{"rendered":"<p>N\u00e4okreem 7DAYS MY BEAUTY WEEK Retinol 40 ml + 3D massager intensiivseks niisutuseks, vananemisvastaseks ja t\u00f5stva toimeks. Kahetoimeline niisutav n\u00e4okreem&#8230;<\/p>\n","protected":false},"featured_media":54796,"comment_status":"open","ping_status":"closed","template":"","meta":{"_acf_changed":false,"inline_featured_image":false},"pwb-brand":[981],"product_brand":[],"product_cat":[864,936,1071],"product_tag":[1042],"class_list":{"0":"post-54292","1":"product","2":"type-product","3":"status-publish","4":"has-post-thumbnail","6":"pwb-brand-7days","7":"product_cat-naokreemid","8":"product_cat-soodustooted","9":"product_cat-korea","10":"product_tag-7days-nao-ja-silmakreemid","12":"first","13":"instock","14":"sale","15":"taxable","16":"shipping-taxable","17":"purchasable","18":"product-type-simple"},"acf":[],"brands":[{"id":981,"name":"7Days","slug":"7days"}],"_links":{"self":[{"href":"https:\/\/startlan.ee\/en\/wp-json\/wp\/v2\/product\/54292","targetHints":{"allow":["GET"]}}],"collection":[{"href":"https:\/\/startlan.ee\/en\/wp-json\/wp\/v2\/product"}],"about":[{"href":"https:\/\/startlan.ee\/en\/wp-json\/wp\/v2\/types\/product"}],"replies":[{"embeddable":true,"href":"https:\/\/startlan.ee\/en\/wp-json\/wp\/v2\/comments?post=54292"}],"wp:featuredmedia":[{"embeddable":true,"href":"https:\/\/startlan.ee\/en\/wp-json\/wp\/v2\/media\/54796"}],"wp:attachment":[{"href":"https:\/\/startlan.ee\/en\/wp-json\/wp\/v2\/media?parent=54292"}],"wp:term":[{"taxonomy":"pwb-brand","embeddable":true,"href":"https:\/\/startlan.ee\/en\/wp-json\/wp\/v2\/pwb-brand?post=54292"},{"taxonomy":"product_brand","embeddable":true,"href":"https:\/\/startlan.ee\/en\/wp-json\/wp\/v2\/product_brand?post=54292"},{"taxonomy":"product_cat","embeddable":true,"href":"https:\/\/startlan.ee\/en\/wp-json\/wp\/v2\/product_cat?post=54292"},{"taxonomy":"product_tag","embeddable":true,"href":"https:\/\/startlan.ee\/en\/wp-json\/wp\/v2\/product_tag?post=54292"}],"curies":[{"name":"wp","href":"https:\/\/api.w.org\/{rel}","templated":true}]}}