{"id":54287,"date":"2025-02-27T17:00:39","date_gmt":"2025-02-27T15:00:39","guid":{"rendered":"https:\/\/startlan.ee\/toode\/super-facialist-seerum-vitamiin-c-spf-50-50ml\/"},"modified":"2026-05-13T18:30:31","modified_gmt":"2026-05-13T15:30:31","slug":"super-facialist-seerum-vitamiin-c-spf-50-50ml","status":"publish","type":"product","link":"https:\/\/startlan.ee\/en\/toode\/super-facialist-seerum-vitamiin-c-spf-50-50ml\/","title":{"rendered":"SUPER FACIALIST Seerum Vitamiin C SPF 50+ 50ml"},"content":{"rendered":"<p>Kerge ja kiiresti imenduv SPF50+ vedelik igap\u00e4evaseks kaitseks p\u00e4ikese kahjulike kiirte eest.<br \/>\nSee \u00fchendab 1% vitamiini C ja laia toimespektriga SPF, et kaitsta nahka p\u00e4ikesekahjustuste ja keskkonnam\u00f5jude eest. H\u00fcaluroonhape, aaloe vera ja ferulhape aitavad nahka niisutada, rahustada ja suurendada s\u00e4ra. Eriti kerge tekstuuriga seerum j\u00e4tab naha pehmeks, kaitstuks ja s\u00e4ravaks, pakkudes p\u00fcsivat kaitset. Kasutage igap\u00e4evaselt, et saada SPF kaitse ilma kleepuva v\u00f5i rasvase j\u00e4\u00e4gita. Sobib meigi alla. Kasutamine: LOKSUTAGE ENNE KASUTAMIST. Kasutage iga p\u00e4ev puhtal, kuival nahal. Kandke toode \u00fchtlaselt ja rohkelt n\u00e4ole, kaelale ja dekolteele v\u00f5i muudele p\u00e4ikesele avatud aladele. Masseerige \u00f5rnalt nahka ja laske imenduda v\u00e4hemalt 15 minutit enne p\u00e4ikese k\u00e4tte minekut, v\u00e4ltides silma\u00fcmbrust. Korrake kasutamist sageli ja rohkelt iga 1-2 tunni j\u00e4rel ning alati p\u00e4rast ujumist v\u00f5i kuivatamist kaitse s\u00e4ilitamiseks. Hoiatused: Ainult v\u00e4lispidiseks kasutamiseks. V\u00e4ltige silmadega kokkupuudet. Kui toode satub silma, loputage kohe sooja veega. V\u00e4ltige kasutamist \u00e4rritunud v\u00f5i katki l\u00e4inud nahal. Hoidke lastele k\u00e4tte saamatus kohas. Looduslike koostisosade t\u00f5ttu v\u00f5ib v\u00e4rvus aja jooksul ja partii j\u00e4rgi erineda. Tehke enne kasutamist nahatesti. L\u00f5petage kasutamine, kui tekib \u00e4rritus.<\/p>\n","protected":false},"excerpt":{"rendered":"<p>Kerge ja kiiresti imenduv SPF50+ vedelik igap\u00e4evaseks kaitseks p\u00e4ikese kahjulike kiirte eest. See \u00fchendab 1% vitamiini C ja laia toimespektriga&#8230;<\/p>\n","protected":false},"featured_media":55171,"comment_status":"open","ping_status":"closed","template":"","meta":{"_acf_changed":false,"inline_featured_image":false},"pwb-brand":[989],"product_brand":[],"product_cat":[865,936],"product_tag":[],"class_list":{"0":"post-54287","1":"product","2":"type-product","3":"status-publish","4":"has-post-thumbnail","6":"pwb-brand-superfacialist","7":"product_cat-seerumid-ja-kontsentraadid","8":"product_cat-soodustooted","10":"first","11":"instock","12":"taxable","13":"shipping-taxable","14":"purchasable","15":"product-type-simple"},"acf":[],"brands":[{"id":989,"name":"Superfacialist","slug":"superfacialist"}],"_links":{"self":[{"href":"https:\/\/startlan.ee\/en\/wp-json\/wp\/v2\/product\/54287","targetHints":{"allow":["GET"]}}],"collection":[{"href":"https:\/\/startlan.ee\/en\/wp-json\/wp\/v2\/product"}],"about":[{"href":"https:\/\/startlan.ee\/en\/wp-json\/wp\/v2\/types\/product"}],"replies":[{"embeddable":true,"href":"https:\/\/startlan.ee\/en\/wp-json\/wp\/v2\/comments?post=54287"}],"wp:featuredmedia":[{"embeddable":true,"href":"https:\/\/startlan.ee\/en\/wp-json\/wp\/v2\/media\/55171"}],"wp:attachment":[{"href":"https:\/\/startlan.ee\/en\/wp-json\/wp\/v2\/media?parent=54287"}],"wp:term":[{"taxonomy":"pwb-brand","embeddable":true,"href":"https:\/\/startlan.ee\/en\/wp-json\/wp\/v2\/pwb-brand?post=54287"},{"taxonomy":"product_brand","embeddable":true,"href":"https:\/\/startlan.ee\/en\/wp-json\/wp\/v2\/product_brand?post=54287"},{"taxonomy":"product_cat","embeddable":true,"href":"https:\/\/startlan.ee\/en\/wp-json\/wp\/v2\/product_cat?post=54287"},{"taxonomy":"product_tag","embeddable":true,"href":"https:\/\/startlan.ee\/en\/wp-json\/wp\/v2\/product_tag?post=54287"}],"curies":[{"name":"wp","href":"https:\/\/api.w.org\/{rel}","templated":true}]}}