{"id":54286,"date":"2025-02-27T17:00:38","date_gmt":"2025-02-27T15:00:38","guid":{"rendered":"https:\/\/startlan.ee\/toode\/super-facialist-kontsentraat-retinooliga-30ml\/"},"modified":"2026-05-13T18:00:45","modified_gmt":"2026-05-13T15:00:45","slug":"super-facialist-kontsentraat-retinooliga-30ml","status":"publish","type":"product","link":"https:\/\/startlan.ee\/en\/toode\/super-facialist-kontsentraat-retinooliga-30ml\/","title":{"rendered":"SUPER FACIALIST Kontsentraat Retinooliga 30ml"},"content":{"rendered":"<p>K\u00f5rge toimega retinoolikontsentraat, mis sisaldab 0,29% puhast retinooli (vitamiin A) ja 1% bakuhioli.<br \/>\nSihtige vananemise n\u00e4htavaid m\u00e4rke ja avastage siledam, s\u00e4ravam nahk. See tugev seerum aitab parandada kortsude, peente joonte ja pigmendi v\u00e4limust, pakkudes samal ajal niisutust ja naha toitumist. Rikastatud h\u00fcaluroonhappe ja kollageeni t\u00f5hustava toimeainega, et aidata suurendada naha kindlust ja elastsust, andes nahale nooruslikuma v\u00e4limuse. Kasutamine : \u00d5htul kanna kuivale nahale enne tavap\u00e4rast \u00f6\u00f6kreemi. Kasuta hernetera suurust kogust. Masseeri toode nahka ja masseeri \u00f5rnalt \u00fclespoole. V\u00e4ldi silma- ja huulepiirkonda. Lase seerumil t\u00e4ielikult imenduda enne teiste toodete pealekandmist. Alusta j\u00e4rk-j\u00e4rgult kasutamist, et v\u00e4ltida naha tundlikkust. Hoiatused: Ainult v\u00e4lispidiseks kasutamiseks. V\u00e4ltida silma sattumist. Kui toode satub silma, loputage kohe sooja veega. V\u00e4ltige kasutamist \u00e4rritunud v\u00f5i purunenud nahal. Hoida lastele k\u00e4ttesaamatus kohas. Looduslike koostisosade t\u00f5ttu v\u00f5ib v\u00e4rv aja jooksul ja partiideni erineda. Proovige toodet v\u00e4ikesel naha pinnal enne kasutamist. \u00c4rrituse ilmnemisel katkestada. Toodet ei tohi kasutada imetavad ega rasedad naised. Sisaldab A-vitamiini. Enne kasutamist arvestage oma p\u00e4evatarbimisega. Hoiatus p\u00e4ikese k\u00e4es: see toode v\u00f5ib suurendada teie naha tundlikkust p\u00e4ikese suhtes. Kasuta p\u00e4ikesekaitset vastavalt vajadusele. \u00c4rge kasutage koos teiste puhaste retinoolitoodete, retinoehappe, alfa-h\u00fcdroks\u00fchapete (AHA-de) ja beeta-h\u00fcdroks\u00fchapetega (BHA-dega).<\/p>\n","protected":false},"excerpt":{"rendered":"<p>K\u00f5rge toimega retinoolikontsentraat, mis sisaldab 0,29% puhast retinooli (vitamiin A) ja 1% bakuhioli. Sihtige vananemise n\u00e4htavaid m\u00e4rke ja avastage siledam,&#8230;<\/p>\n","protected":false},"featured_media":55182,"comment_status":"open","ping_status":"closed","template":"","meta":{"_acf_changed":false,"inline_featured_image":false},"pwb-brand":[989],"product_brand":[],"product_cat":[865],"product_tag":[],"class_list":{"0":"post-54286","1":"product","2":"type-product","3":"status-publish","4":"has-post-thumbnail","6":"pwb-brand-superfacialist","7":"product_cat-seerumid-ja-kontsentraadid","9":"first","10":"instock","11":"taxable","12":"shipping-taxable","13":"purchasable","14":"product-type-simple"},"acf":[],"brands":[{"id":989,"name":"Superfacialist","slug":"superfacialist"}],"_links":{"self":[{"href":"https:\/\/startlan.ee\/en\/wp-json\/wp\/v2\/product\/54286","targetHints":{"allow":["GET"]}}],"collection":[{"href":"https:\/\/startlan.ee\/en\/wp-json\/wp\/v2\/product"}],"about":[{"href":"https:\/\/startlan.ee\/en\/wp-json\/wp\/v2\/types\/product"}],"replies":[{"embeddable":true,"href":"https:\/\/startlan.ee\/en\/wp-json\/wp\/v2\/comments?post=54286"}],"wp:featuredmedia":[{"embeddable":true,"href":"https:\/\/startlan.ee\/en\/wp-json\/wp\/v2\/media\/55182"}],"wp:attachment":[{"href":"https:\/\/startlan.ee\/en\/wp-json\/wp\/v2\/media?parent=54286"}],"wp:term":[{"taxonomy":"pwb-brand","embeddable":true,"href":"https:\/\/startlan.ee\/en\/wp-json\/wp\/v2\/pwb-brand?post=54286"},{"taxonomy":"product_brand","embeddable":true,"href":"https:\/\/startlan.ee\/en\/wp-json\/wp\/v2\/product_brand?post=54286"},{"taxonomy":"product_cat","embeddable":true,"href":"https:\/\/startlan.ee\/en\/wp-json\/wp\/v2\/product_cat?post=54286"},{"taxonomy":"product_tag","embeddable":true,"href":"https:\/\/startlan.ee\/en\/wp-json\/wp\/v2\/product_tag?post=54286"}],"curies":[{"name":"wp","href":"https:\/\/api.w.org\/{rel}","templated":true}]}}