{"id":54284,"date":"2025-02-27T17:00:38","date_gmt":"2025-02-27T15:00:38","guid":{"rendered":"https:\/\/startlan.ee\/toode\/super-facialist-naokreem-salitsuulhappega-matistav-50ml\/"},"modified":"2026-05-13T18:00:44","modified_gmt":"2026-05-13T15:00:44","slug":"super-facialist-naokreem-salitsuulhappega-matistav-50ml","status":"publish","type":"product","link":"https:\/\/startlan.ee\/en\/toode\/super-facialist-naokreem-salitsuulhappega-matistav-50ml\/","title":{"rendered":"SUPER FACIALIST N\u00e4okreem Salits\u00fc\u00fclhappega matistav 50ml"},"content":{"rendered":"<p>Rasusele ja vistrikutele kalduvale nahale m\u00f5eldud puhastav geelkreem aitab hoida naha puhtana ja niisutatuna.<br \/>\nSee sisaldab salits\u00fc\u00fclhapet ja niatsiinamiidi, mis aitavad vistrikke ravida, ning tapiokat, mis neelab \u00f5li ja hoiab naha l\u00e4ikevabana. Rikastatud n\u00f5gese ja vesikressi ekstraktide ning prebiootikumidega, et aidata nahka tasakaalustada ja kaitsta selle loomulikku mikrofloorat. Kasutamine: Masseeri puhtale n\u00e4ole, kaelale ja dekolteele iga hommik ja \u00f5htu. Hoiatused: Ainult v\u00e4lispidiseks kasutamiseks. V\u00e4ltige silmadega kokkupuudet. Kui toode satub silma, loputage kohe sooja veega. V\u00e4ltige kasutamist \u00e4rritunud v\u00f5i katki l\u00e4inud nahal. Hoidke lastele k\u00e4tte saamatus kohas. Looduslike koostisosade t\u00f5ttu v\u00f5ib v\u00e4rvus aja jooksul ja partii j\u00e4rgi erineda. Tehke enne kasutamist nahatesti. L\u00f5petage kasutamine, kui tekib \u00e4rritus.<\/p>\n","protected":false},"excerpt":{"rendered":"<p>Rasusele ja vistrikutele kalduvale nahale m\u00f5eldud puhastav geelkreem aitab hoida naha puhtana ja niisutatuna. See sisaldab salits\u00fc\u00fclhapet ja niatsiinamiidi, mis&#8230;<\/p>\n","protected":false},"featured_media":55179,"comment_status":"open","ping_status":"closed","template":"","meta":{"_acf_changed":false,"inline_featured_image":false},"pwb-brand":[989],"product_brand":[],"product_cat":[864],"product_tag":[],"class_list":{"0":"post-54284","1":"product","2":"type-product","3":"status-publish","4":"has-post-thumbnail","6":"pwb-brand-superfacialist","7":"product_cat-naokreemid","9":"first","10":"instock","11":"taxable","12":"shipping-taxable","13":"purchasable","14":"product-type-simple"},"acf":[],"brands":[{"id":989,"name":"Superfacialist","slug":"superfacialist"}],"_links":{"self":[{"href":"https:\/\/startlan.ee\/en\/wp-json\/wp\/v2\/product\/54284","targetHints":{"allow":["GET"]}}],"collection":[{"href":"https:\/\/startlan.ee\/en\/wp-json\/wp\/v2\/product"}],"about":[{"href":"https:\/\/startlan.ee\/en\/wp-json\/wp\/v2\/types\/product"}],"replies":[{"embeddable":true,"href":"https:\/\/startlan.ee\/en\/wp-json\/wp\/v2\/comments?post=54284"}],"wp:featuredmedia":[{"embeddable":true,"href":"https:\/\/startlan.ee\/en\/wp-json\/wp\/v2\/media\/55179"}],"wp:attachment":[{"href":"https:\/\/startlan.ee\/en\/wp-json\/wp\/v2\/media?parent=54284"}],"wp:term":[{"taxonomy":"pwb-brand","embeddable":true,"href":"https:\/\/startlan.ee\/en\/wp-json\/wp\/v2\/pwb-brand?post=54284"},{"taxonomy":"product_brand","embeddable":true,"href":"https:\/\/startlan.ee\/en\/wp-json\/wp\/v2\/product_brand?post=54284"},{"taxonomy":"product_cat","embeddable":true,"href":"https:\/\/startlan.ee\/en\/wp-json\/wp\/v2\/product_cat?post=54284"},{"taxonomy":"product_tag","embeddable":true,"href":"https:\/\/startlan.ee\/en\/wp-json\/wp\/v2\/product_tag?post=54284"}],"curies":[{"name":"wp","href":"https:\/\/api.w.org\/{rel}","templated":true}]}}