{"id":54283,"date":"2025-02-27T17:00:38","date_gmt":"2025-02-27T15:00:38","guid":{"rendered":"https:\/\/startlan.ee\/toode\/super-facialist-nahka-taiustav-primer-light-30ml\/"},"modified":"2026-05-13T18:30:30","modified_gmt":"2026-05-13T15:30:30","slug":"super-facialist-nahka-taiustav-primer-light-30ml","status":"publish","type":"product","link":"https:\/\/startlan.ee\/en\/toode\/super-facialist-nahka-taiustav-primer-light-30ml\/","title":{"rendered":"SUPER FACIALIST Nahka t\u00e4iustav primer Light 30ml"},"content":{"rendered":"<p>See mitmeotstarbeline primer \u00fchendab niisutavad koostisosad ja v\u00e4rvikorrektsed pigmendid, et hajutada puudusi, tasakaalustades kolme levinumat nahahoolduse murekohta: punetust, kollasust ja tuhmust. Avasta t\u00e4iuslik jume ja aita taastada naha loomulik s\u00e4ra.<\/p>\n<p>H\u00dcALUROONHAPE: Aitab niisutada ja parandada naha niiskuse s\u00e4ilitamist<br \/>\nNIATSIINAMIID: Aitab reguleerida rasu tootmist ja parandada naha tekstuuri<br \/>\nCICA: Aitab rahustada, leevendada ja rahustada<\/p>\n<p>V\u00e4rvikorrektsiooni tehnoloogia<br \/>\nRoheline: V\u00e4hendab punetust<br \/>\nLavendel: Tasakaalustab kollasust<br \/>\nVirsik: Parandab tuhmust Kasutamine: P\u00e4rast puhastamist ja niisutamist kandke hernetera suurune kogus n\u00e4ole. Sobib primeriks v\u00f5i naha hooldusprotseduuri viimaseks sammuks. Hoiatused: Ainult v\u00e4lispidiseks kasutamiseks. V\u00e4ltige silmadega kokkupuudet. Kui toode satub silma, loputage kohe sooja veega. V\u00e4ltige kasutamist \u00e4rritunud v\u00f5i katki l\u00e4inud nahal. Hoidke lastele k\u00e4tte saamatus kohas. Looduslike koostisosade t\u00f5ttu v\u00f5ib v\u00e4rvus aja jooksul ja partii j\u00e4rgi erineda. Tehke enne kasutamist nahatesti. L\u00f5petage kasutamine, kui tekib \u00e4rritus.<\/p>\n","protected":false},"excerpt":{"rendered":"<p>See mitmeotstarbeline primer \u00fchendab niisutavad koostisosad ja v\u00e4rvikorrektsed pigmendid, et hajutada puudusi, tasakaalustades kolme levinumat nahahoolduse murekohta: punetust, kollasust ja&#8230;<\/p>\n","protected":false},"featured_media":55176,"comment_status":"open","ping_status":"closed","template":"","meta":{"_acf_changed":false,"inline_featured_image":false},"pwb-brand":[989],"product_brand":[],"product_cat":[889],"product_tag":[],"class_list":{"0":"post-54283","1":"product","2":"type-product","3":"status-publish","4":"has-post-thumbnail","6":"pwb-brand-superfacialist","7":"product_cat-primerid-ja-aluskreemid","9":"first","10":"instock","11":"taxable","12":"shipping-taxable","13":"purchasable","14":"product-type-simple"},"acf":[],"brands":[{"id":989,"name":"Superfacialist","slug":"superfacialist"}],"_links":{"self":[{"href":"https:\/\/startlan.ee\/en\/wp-json\/wp\/v2\/product\/54283","targetHints":{"allow":["GET"]}}],"collection":[{"href":"https:\/\/startlan.ee\/en\/wp-json\/wp\/v2\/product"}],"about":[{"href":"https:\/\/startlan.ee\/en\/wp-json\/wp\/v2\/types\/product"}],"replies":[{"embeddable":true,"href":"https:\/\/startlan.ee\/en\/wp-json\/wp\/v2\/comments?post=54283"}],"wp:featuredmedia":[{"embeddable":true,"href":"https:\/\/startlan.ee\/en\/wp-json\/wp\/v2\/media\/55176"}],"wp:attachment":[{"href":"https:\/\/startlan.ee\/en\/wp-json\/wp\/v2\/media?parent=54283"}],"wp:term":[{"taxonomy":"pwb-brand","embeddable":true,"href":"https:\/\/startlan.ee\/en\/wp-json\/wp\/v2\/pwb-brand?post=54283"},{"taxonomy":"product_brand","embeddable":true,"href":"https:\/\/startlan.ee\/en\/wp-json\/wp\/v2\/product_brand?post=54283"},{"taxonomy":"product_cat","embeddable":true,"href":"https:\/\/startlan.ee\/en\/wp-json\/wp\/v2\/product_cat?post=54283"},{"taxonomy":"product_tag","embeddable":true,"href":"https:\/\/startlan.ee\/en\/wp-json\/wp\/v2\/product_tag?post=54283"}],"curies":[{"name":"wp","href":"https:\/\/api.w.org\/{rel}","templated":true}]}}