{"id":54281,"date":"2025-02-27T17:00:37","date_gmt":"2025-02-27T15:00:37","guid":{"rendered":"https:\/\/startlan.ee\/toode\/super-facialist-paevakreem-vananemisevastane-retinooliga-50ml\/"},"modified":"2026-05-13T18:00:44","modified_gmt":"2026-05-13T15:00:44","slug":"super-facialist-paevakreem-vananemisevastane-retinooliga-50ml","status":"publish","type":"product","link":"https:\/\/startlan.ee\/en\/toode\/super-facialist-paevakreem-vananemisevastane-retinooliga-50ml\/","title":{"rendered":"SUPER FACIALIST P\u00e4evakreem vananemisevastane retinooliga 50ml"},"content":{"rendered":"<p>Kreem, mis on m\u00f5eldud vananemise m\u00e4rke n\u00e4itavale nahale. Meie uuendav p\u00e4evakreem \u00fchendab retinooli ja valge tee ekstrakti, et aidata v\u00e4hendada peeneid jooni ja kortse ning anda nahale nooruslik v\u00e4limus.<br \/>\nKreem aitab parandada naha kindlust ja elastsust ning hoiab naha niisutatuna terve p\u00e4eva, sisaldades sheav\u00f5id, h\u00fcaluroonhapet ja kollageeni t\u00f5hustavat toimeainet valgest lupiiniseemnest. Kasutamine: Iga hommik masseeri kreem puhtale n\u00e4ole ja kaelale. Kanna peale igap\u00e4evane p\u00e4ikesekaitsekreem SPF v\u00e4hemalt 25. Parimate tulemuste jaoks kasuta iga p\u00e4ev v\u00e4hemalt 3 n\u00e4dalat. Kui sul on tundlik nahk, siis alusta Retinooli kasutamist iga kolmas p\u00e4ev, seej\u00e4rel vaheldumisi p\u00e4evad ja l\u00f5puks igap\u00e4evaselt. Hoiatused: Ainult v\u00e4lispidiseks kasutamiseks. V\u00e4ltige silmadega kokkupuudet. Kui toode satub silma, loputage kohe sooja veega. V\u00e4ltige kasutamist \u00e4rritunud v\u00f5i katki l\u00e4inud nahal. Hoidke lastele k\u00e4tte saamatus kohas. Looduslike koostisosade t\u00f5ttu v\u00f5ib v\u00e4rvus aja jooksul ja partii j\u00e4rgi erineda. Tehke enne kasutamist nahatesti. L\u00f5petage kasutamine, kui tekib \u00e4rritus.<\/p>\n","protected":false},"excerpt":{"rendered":"<p>Kreem, mis on m\u00f5eldud vananemise m\u00e4rke n\u00e4itavale nahale. Meie uuendav p\u00e4evakreem \u00fchendab retinooli ja valge tee ekstrakti, et aidata v\u00e4hendada&#8230;<\/p>\n","protected":false},"featured_media":55191,"comment_status":"open","ping_status":"closed","template":"","meta":{"_acf_changed":false,"inline_featured_image":false},"pwb-brand":[989],"product_brand":[],"product_cat":[864],"product_tag":[],"class_list":{"0":"post-54281","1":"product","2":"type-product","3":"status-publish","4":"has-post-thumbnail","6":"pwb-brand-superfacialist","7":"product_cat-naokreemid","9":"first","10":"instock","11":"taxable","12":"shipping-taxable","13":"purchasable","14":"product-type-simple"},"acf":[],"brands":[{"id":989,"name":"Superfacialist","slug":"superfacialist"}],"_links":{"self":[{"href":"https:\/\/startlan.ee\/en\/wp-json\/wp\/v2\/product\/54281","targetHints":{"allow":["GET"]}}],"collection":[{"href":"https:\/\/startlan.ee\/en\/wp-json\/wp\/v2\/product"}],"about":[{"href":"https:\/\/startlan.ee\/en\/wp-json\/wp\/v2\/types\/product"}],"replies":[{"embeddable":true,"href":"https:\/\/startlan.ee\/en\/wp-json\/wp\/v2\/comments?post=54281"}],"wp:featuredmedia":[{"embeddable":true,"href":"https:\/\/startlan.ee\/en\/wp-json\/wp\/v2\/media\/55191"}],"wp:attachment":[{"href":"https:\/\/startlan.ee\/en\/wp-json\/wp\/v2\/media?parent=54281"}],"wp:term":[{"taxonomy":"pwb-brand","embeddable":true,"href":"https:\/\/startlan.ee\/en\/wp-json\/wp\/v2\/pwb-brand?post=54281"},{"taxonomy":"product_brand","embeddable":true,"href":"https:\/\/startlan.ee\/en\/wp-json\/wp\/v2\/product_brand?post=54281"},{"taxonomy":"product_cat","embeddable":true,"href":"https:\/\/startlan.ee\/en\/wp-json\/wp\/v2\/product_cat?post=54281"},{"taxonomy":"product_tag","embeddable":true,"href":"https:\/\/startlan.ee\/en\/wp-json\/wp\/v2\/product_tag?post=54281"}],"curies":[{"name":"wp","href":"https:\/\/api.w.org\/{rel}","templated":true}]}}