{"id":54280,"date":"2025-02-27T17:00:37","date_gmt":"2025-02-27T15:00:37","guid":{"rendered":"https:\/\/startlan.ee\/toode\/super-facialist-silmakreem-tumedatele-silmaalustele-vitamiin-c-15ml\/"},"modified":"2026-05-13T16:00:44","modified_gmt":"2026-05-13T13:00:44","slug":"super-facialist-silmakreem-tumedatele-silmaalustele-vitamiin-c-15ml","status":"publish","type":"product","link":"https:\/\/startlan.ee\/en\/toode\/super-facialist-silmakreem-tumedatele-silmaalustele-vitamiin-c-15ml\/","title":{"rendered":"SUPER FACIALIST Silmakreem tumedatele silmaalustele Vitamiin C 15ml"},"content":{"rendered":"<p>\u00c4rata v\u00e4sinud silmi ja aita v\u00e4hendada tumedate ringide, peenete joonte ja kortsude n\u00e4htavust selle heledust andva silmakreemiga.<br \/>\nSegades vitamiini C, stimuleerivat kofeiini ja peptiidi, et anda kirkam, siledam ja kindlam silma\u00fcmbrus regulaarse kasutamise korral. Kasuta toodet, et saavutada s\u00e4rav, pehme efekt. L\u00f5hnavaba. Kasutamine: Kandke s\u00f5rmedega silmade \u00fcmbrusesse, \u00f5rnalt koputavate liigutusi. Kasutage iga silma\u00fcmbruse kohta riisiterasuurust kogust. Hoiatused: Ainult v\u00e4lispidiseks kasutamiseks. V\u00e4ltige silmadega kokkupuudet. Kui toode satub silma, loputage kohe sooja veega. V\u00e4ltige kasutamist \u00e4rritunud v\u00f5i katki l\u00e4inud nahal. Hoidke lastele k\u00e4tte saamatus kohas. Looduslike koostisosade t\u00f5ttu v\u00f5ib v\u00e4rvus aja jooksul ja partii j\u00e4rgi erineda. Tehke enne kasutamist nahatesti. L\u00f5petage kasutamine, kui tekib \u00e4rritus.<\/p>\n","protected":false},"excerpt":{"rendered":"<p>\u00c4rata v\u00e4sinud silmi ja aita v\u00e4hendada tumedate ringide, peenete joonte ja kortsude n\u00e4htavust selle heledust andva silmakreemiga. Segades vitamiini C,&#8230;<\/p>\n","protected":false},"featured_media":55188,"comment_status":"open","ping_status":"closed","template":"","meta":{"_acf_changed":false,"inline_featured_image":false},"pwb-brand":[989],"product_brand":[],"product_cat":[940],"product_tag":[],"class_list":{"0":"post-54280","1":"product","2":"type-product","3":"status-publish","4":"has-post-thumbnail","6":"pwb-brand-superfacialist","7":"product_cat-silmahooldus","9":"first","10":"instock","11":"taxable","12":"shipping-taxable","13":"purchasable","14":"product-type-simple"},"acf":[],"brands":[{"id":989,"name":"Superfacialist","slug":"superfacialist"}],"_links":{"self":[{"href":"https:\/\/startlan.ee\/en\/wp-json\/wp\/v2\/product\/54280","targetHints":{"allow":["GET"]}}],"collection":[{"href":"https:\/\/startlan.ee\/en\/wp-json\/wp\/v2\/product"}],"about":[{"href":"https:\/\/startlan.ee\/en\/wp-json\/wp\/v2\/types\/product"}],"replies":[{"embeddable":true,"href":"https:\/\/startlan.ee\/en\/wp-json\/wp\/v2\/comments?post=54280"}],"wp:featuredmedia":[{"embeddable":true,"href":"https:\/\/startlan.ee\/en\/wp-json\/wp\/v2\/media\/55188"}],"wp:attachment":[{"href":"https:\/\/startlan.ee\/en\/wp-json\/wp\/v2\/media?parent=54280"}],"wp:term":[{"taxonomy":"pwb-brand","embeddable":true,"href":"https:\/\/startlan.ee\/en\/wp-json\/wp\/v2\/pwb-brand?post=54280"},{"taxonomy":"product_brand","embeddable":true,"href":"https:\/\/startlan.ee\/en\/wp-json\/wp\/v2\/product_brand?post=54280"},{"taxonomy":"product_cat","embeddable":true,"href":"https:\/\/startlan.ee\/en\/wp-json\/wp\/v2\/product_cat?post=54280"},{"taxonomy":"product_tag","embeddable":true,"href":"https:\/\/startlan.ee\/en\/wp-json\/wp\/v2\/product_tag?post=54280"}],"curies":[{"name":"wp","href":"https:\/\/api.w.org\/{rel}","templated":true}]}}