{"id":54273,"date":"2025-02-27T16:00:42","date_gmt":"2025-02-27T14:00:42","guid":{"rendered":"https:\/\/startlan.ee\/toode\/super-facialist-geel-clear-skin-vistrikutele-15ml\/"},"modified":"2026-05-13T18:00:44","modified_gmt":"2026-05-13T15:00:44","slug":"super-facialist-geel-clear-skin-vistrikutele-15ml","status":"publish","type":"product","link":"https:\/\/startlan.ee\/en\/toode\/super-facialist-geel-clear-skin-vistrikutele-15ml\/","title":{"rendered":"SUPER FACIALIST Geel Clear Skin vistrikutele 15ml"},"content":{"rendered":"<p>Kas sinu nahk teeb muret?<br \/>\nKas on raske tunda end oma naha suhtes kindlalt?<\/p>\n<p>Meie nahahoolduse ekspertide meeskond on v\u00e4lja t\u00f6\u00f6tanud ainulaadse naha tasakaalustamise kompleksi ja toonud selle Super Facialist Clear Skin toodetesse.<\/p>\n<p>Olen siin, et&#8230;<br \/>\nravida neid murettekitavaid vistrikke.<\/p>\n<p>10% Niatsiinamiid &#8211; aitab v\u00e4hendada rasuse naha n\u00e4htavust ja minimeerida punetust vihastelt ja \u00e4rritunud vistrikelt.<\/p>\n<p>Prebiootikumid tsikoorist &#8211; lisatud naha tasakaalu hoidmiseks ja tulevaste l\u00f6\u00f6vete ennetamiseks.<\/p>\n<p>Orgaaniline teepuu\u00f5li &#8211; kui koaalad seda armastavad, siis armastame seda ka meie. Teepuu\u00f5li on antimikroobne ja aitab v\u00e4hendada l\u00f6\u00f6vete n\u00e4htavust &#8211; lisaks annab see meelerahu andva v\u00e4rske l\u00f5hna! Kasutamine: Kandke otse puhtale, kuivale nahale, kui m\u00e4rkate vistrikku. Hoiatused : Ainult v\u00e4lispidiseks kasutamiseks. V\u00e4ltige otsest kontakti silmadega. Kui see juhtub, loputage kohe veega. Looduslike koostisosade t\u00f5ttu v\u00f5ib v\u00e4rvus erineda. Mitte kasutada nahahaigustel. Tehke enne kasutamist nahatesti. L\u00f5petage kasutamine, kui tekib \u00e4rritus.<\/p>\n","protected":false},"excerpt":{"rendered":"<p>Kas sinu nahk teeb muret? Kas on raske tunda end oma naha suhtes kindlalt? Meie nahahoolduse ekspertide meeskond on v\u00e4lja&#8230;<\/p>\n","protected":false},"featured_media":55197,"comment_status":"open","ping_status":"closed","template":"","meta":{"_acf_changed":false,"inline_featured_image":false},"pwb-brand":[989],"product_brand":[],"product_cat":[865],"product_tag":[],"class_list":{"0":"post-54273","1":"product","2":"type-product","3":"status-publish","4":"has-post-thumbnail","6":"pwb-brand-superfacialist","7":"product_cat-seerumid-ja-kontsentraadid","9":"first","10":"outofstock","11":"taxable","12":"shipping-taxable","13":"purchasable","14":"product-type-simple"},"acf":[],"brands":[{"id":989,"name":"Superfacialist","slug":"superfacialist"}],"_links":{"self":[{"href":"https:\/\/startlan.ee\/en\/wp-json\/wp\/v2\/product\/54273","targetHints":{"allow":["GET"]}}],"collection":[{"href":"https:\/\/startlan.ee\/en\/wp-json\/wp\/v2\/product"}],"about":[{"href":"https:\/\/startlan.ee\/en\/wp-json\/wp\/v2\/types\/product"}],"replies":[{"embeddable":true,"href":"https:\/\/startlan.ee\/en\/wp-json\/wp\/v2\/comments?post=54273"}],"wp:featuredmedia":[{"embeddable":true,"href":"https:\/\/startlan.ee\/en\/wp-json\/wp\/v2\/media\/55197"}],"wp:attachment":[{"href":"https:\/\/startlan.ee\/en\/wp-json\/wp\/v2\/media?parent=54273"}],"wp:term":[{"taxonomy":"pwb-brand","embeddable":true,"href":"https:\/\/startlan.ee\/en\/wp-json\/wp\/v2\/pwb-brand?post=54273"},{"taxonomy":"product_brand","embeddable":true,"href":"https:\/\/startlan.ee\/en\/wp-json\/wp\/v2\/product_brand?post=54273"},{"taxonomy":"product_cat","embeddable":true,"href":"https:\/\/startlan.ee\/en\/wp-json\/wp\/v2\/product_cat?post=54273"},{"taxonomy":"product_tag","embeddable":true,"href":"https:\/\/startlan.ee\/en\/wp-json\/wp\/v2\/product_tag?post=54273"}],"curies":[{"name":"wp","href":"https:\/\/api.w.org\/{rel}","templated":true}]}}