{"id":54272,"date":"2025-02-27T16:00:42","date_gmt":"2025-02-27T14:00:42","guid":{"rendered":"https:\/\/startlan.ee\/toode\/super-facialist-naomask-klaaristav-125ml\/"},"modified":"2026-05-13T18:00:44","modified_gmt":"2026-05-13T15:00:44","slug":"super-facialist-naomask-klaaristav-125ml","status":"publish","type":"product","link":"https:\/\/startlan.ee\/en\/toode\/super-facialist-naomask-klaaristav-125ml\/","title":{"rendered":"SUPER FACIALIST N\u00e4omask klaaristav 125ml"},"content":{"rendered":"<p>Kas sinu nahk teeb muret?<br \/>\nKas on raske tunda end oma naha suhtes kindlalt?<\/p>\n<p>Meie nahahoolduse ekspertide meeskond on v\u00e4lja t\u00f6\u00f6tanud ainulaadse naha tasakaalustamise kompleksi ja toonud selle Super Facialist Clear Skin toodetesse.<\/p>\n<p>Olen siin, et&#8230;<br \/>\nennetada tulevasi l\u00f6\u00f6beid kiiresti!<\/p>\n<p>1% Niatsiinamiid &#8211; aitab v\u00e4hendada rasuse naha n\u00e4htavust ja minimeerida punetust vihastelt ja \u00e4rritunud vistrikelt.<br \/>\nPrebiootikumid tsikoorist &#8211; lisatud naha tasakaalu hoidmiseks ja tulevaste l\u00f6\u00f6vete ennetamiseks.<br \/>\nOrgaaniline teepuu\u00f5li &#8211; kui koaalad seda armastavad, siis armastame seda ka meie. Teepuu\u00f5li on antimikroobne ja aitab v\u00e4hendada l\u00f6\u00f6vete n\u00e4htavust &#8211; lisaks annab see meelerahu andva v\u00e4rske l\u00f5hna!<\/p>\n<p>Loodusliku savi ja aktiivs\u00f6e lisandiga, et aidata puhastada poore s\u00fcgavalt ja tasakaalustada nahka. Ja sinu rahu tagamiseks on k\u00f5ik meie tooted dermatoloogiliselt testitud ja vegan-s\u00f5bralikud. Kasutamine: Kandke paks kiht puhtale nahale, v\u00e4ltides silma\u00fcmbrust. J\u00e4tke 10 minutiks m\u00f5juma, et mask saaks oma t\u00f6\u00f6d teha, seej\u00e4rel loputage sooja veega. Soovitame kasutada 2\u20133 korda n\u00e4dalas parimate tulemuste saavutamiseks. Hoiatused : Ainult v\u00e4lispidiseks kasutamiseks. V\u00e4ltige otsest kontakti silmadega. Kui see juhtub, loputage kohe veega. Looduslike koostisosade t\u00f5ttu v\u00f5ib v\u00e4rvus erineda. Mitte kasutada nahahaigustel. Tehke enne kasutamist nahatesti. L\u00f5petage kasutamine, kui tekib \u00e4rritus.<\/p>\n","protected":false},"excerpt":{"rendered":"<p>Kas sinu nahk teeb muret? Kas on raske tunda end oma naha suhtes kindlalt? Meie nahahoolduse ekspertide meeskond on v\u00e4lja&#8230;<\/p>\n","protected":false},"featured_media":55194,"comment_status":"open","ping_status":"closed","template":"","meta":{"_acf_changed":false,"inline_featured_image":false},"pwb-brand":[989],"product_brand":[],"product_cat":[866],"product_tag":[],"class_list":{"0":"post-54272","1":"product","2":"type-product","3":"status-publish","4":"has-post-thumbnail","6":"pwb-brand-superfacialist","7":"product_cat-maskid-nagu","9":"first","10":"instock","11":"taxable","12":"shipping-taxable","13":"purchasable","14":"product-type-simple"},"acf":[],"brands":[{"id":989,"name":"Superfacialist","slug":"superfacialist"}],"_links":{"self":[{"href":"https:\/\/startlan.ee\/en\/wp-json\/wp\/v2\/product\/54272","targetHints":{"allow":["GET"]}}],"collection":[{"href":"https:\/\/startlan.ee\/en\/wp-json\/wp\/v2\/product"}],"about":[{"href":"https:\/\/startlan.ee\/en\/wp-json\/wp\/v2\/types\/product"}],"replies":[{"embeddable":true,"href":"https:\/\/startlan.ee\/en\/wp-json\/wp\/v2\/comments?post=54272"}],"wp:featuredmedia":[{"embeddable":true,"href":"https:\/\/startlan.ee\/en\/wp-json\/wp\/v2\/media\/55194"}],"wp:attachment":[{"href":"https:\/\/startlan.ee\/en\/wp-json\/wp\/v2\/media?parent=54272"}],"wp:term":[{"taxonomy":"pwb-brand","embeddable":true,"href":"https:\/\/startlan.ee\/en\/wp-json\/wp\/v2\/pwb-brand?post=54272"},{"taxonomy":"product_brand","embeddable":true,"href":"https:\/\/startlan.ee\/en\/wp-json\/wp\/v2\/product_brand?post=54272"},{"taxonomy":"product_cat","embeddable":true,"href":"https:\/\/startlan.ee\/en\/wp-json\/wp\/v2\/product_cat?post=54272"},{"taxonomy":"product_tag","embeddable":true,"href":"https:\/\/startlan.ee\/en\/wp-json\/wp\/v2\/product_tag?post=54272"}],"curies":[{"name":"wp","href":"https:\/\/api.w.org\/{rel}","templated":true}]}}