{"id":54271,"date":"2025-02-27T16:00:41","date_gmt":"2025-02-27T14:00:41","guid":{"rendered":"https:\/\/startlan.ee\/toode\/super-facialist-glow-boost-seerum-vitamiin-c-30ml\/"},"modified":"2026-05-13T18:30:30","modified_gmt":"2026-05-13T15:30:30","slug":"super-facialist-glow-boost-seerum-vitamiin-c-30ml","status":"publish","type":"product","link":"https:\/\/startlan.ee\/en\/toode\/super-facialist-glow-boost-seerum-vitamiin-c-30ml\/","title":{"rendered":"SUPER FACIALIST Glow Boost Seerum Vitamiin C 30ml"},"content":{"rendered":"<p>S\u00e4ra suurendav seerum, mis sisaldab heledust andvat vitamiini C, et aidata v\u00e4hendada pigmendi n\u00e4htavust.<br \/>\nRikkalik h\u00fcdratseeriva h\u00fcaluroonhappe ja vetikaekstraktiga, mis aitavad nahka taastada ja stimuleerida kollageeni s\u00fcnteesi. Avasta siledam, s\u00e4ravam ja tervem v\u00e4limus. Kasutamine: Enne p\u00e4evakreemi v\u00f5i \u00f6\u00f6kreemi pealekandmist kasutage hernetera suurust kogust. Kandke nahale ja masseerige \u00f5rnalt \u00fclespoole. Hoiatused: Ainult v\u00e4lispidiseks kasutamiseks. V\u00e4ltige silmadega kokkupuudet. Kui toode satub silma, loputage kohe sooja veega. V\u00e4ltige kasutamist \u00e4rritunud v\u00f5i katki l\u00e4inud nahal. Hoidke lastele k\u00e4tte saamatus kohas. Looduslike koostisosade t\u00f5ttu v\u00f5ib v\u00e4rvus aja jooksul ja partii j\u00e4rgi erineda. Tehke enne kasutamist nahatesti. L\u00f5petage kasutamine, kui tekib \u00e4rritus.<\/p>\n","protected":false},"excerpt":{"rendered":"<p>S\u00e4ra suurendav seerum, mis sisaldab heledust andvat vitamiini C, et aidata v\u00e4hendada pigmendi n\u00e4htavust. Rikkalik h\u00fcdratseeriva h\u00fcaluroonhappe ja vetikaekstraktiga, mis&#8230;<\/p>\n","protected":false},"featured_media":55206,"comment_status":"open","ping_status":"closed","template":"","meta":{"_acf_changed":false,"inline_featured_image":false},"pwb-brand":[989],"product_brand":[],"product_cat":[865],"product_tag":[],"class_list":{"0":"post-54271","1":"product","2":"type-product","3":"status-publish","4":"has-post-thumbnail","6":"pwb-brand-superfacialist","7":"product_cat-seerumid-ja-kontsentraadid","9":"first","10":"instock","11":"taxable","12":"shipping-taxable","13":"purchasable","14":"product-type-simple"},"acf":[],"brands":[{"id":989,"name":"Superfacialist","slug":"superfacialist"}],"_links":{"self":[{"href":"https:\/\/startlan.ee\/en\/wp-json\/wp\/v2\/product\/54271","targetHints":{"allow":["GET"]}}],"collection":[{"href":"https:\/\/startlan.ee\/en\/wp-json\/wp\/v2\/product"}],"about":[{"href":"https:\/\/startlan.ee\/en\/wp-json\/wp\/v2\/types\/product"}],"replies":[{"embeddable":true,"href":"https:\/\/startlan.ee\/en\/wp-json\/wp\/v2\/comments?post=54271"}],"wp:featuredmedia":[{"embeddable":true,"href":"https:\/\/startlan.ee\/en\/wp-json\/wp\/v2\/media\/55206"}],"wp:attachment":[{"href":"https:\/\/startlan.ee\/en\/wp-json\/wp\/v2\/media?parent=54271"}],"wp:term":[{"taxonomy":"pwb-brand","embeddable":true,"href":"https:\/\/startlan.ee\/en\/wp-json\/wp\/v2\/pwb-brand?post=54271"},{"taxonomy":"product_brand","embeddable":true,"href":"https:\/\/startlan.ee\/en\/wp-json\/wp\/v2\/product_brand?post=54271"},{"taxonomy":"product_cat","embeddable":true,"href":"https:\/\/startlan.ee\/en\/wp-json\/wp\/v2\/product_cat?post=54271"},{"taxonomy":"product_tag","embeddable":true,"href":"https:\/\/startlan.ee\/en\/wp-json\/wp\/v2\/product_tag?post=54271"}],"curies":[{"name":"wp","href":"https:\/\/api.w.org\/{rel}","templated":true}]}}