{"id":54270,"date":"2025-02-27T16:00:41","date_gmt":"2025-02-27T14:00:41","guid":{"rendered":"https:\/\/startlan.ee\/toode\/super-facialist-naopuhastusoli-vitamiin-c-200ml\/"},"modified":"2026-05-13T18:00:43","modified_gmt":"2026-05-13T15:00:43","slug":"super-facialist-naopuhastusoli-vitamiin-c-200ml","status":"publish","type":"product","link":"https:\/\/startlan.ee\/en\/toode\/super-facialist-naopuhastusoli-vitamiin-c-200ml\/","title":{"rendered":"SUPER FACIALIST N\u00e4opuhastus\u00f5li Vitamiin C 200ml"},"content":{"rendered":"<p>Meie luksuslik puhastus\u00f5li, millel on ainulaadne \u00f5li piimaks muutuv tekstuur, aitab eemaldada meigi, igap\u00e4evased saasteained ja kogunenud mustuse.<br \/>\nVitamiin C on segatud toitvate oliivi\u00f5li ja viinamarjaseemne\u00f5lidega, et anda nahale s\u00e4rav, puhas ja ere jume. Nahk j\u00e4\u00e4b pehmeks, puhastatuks ja v\u00e4rskendatuks. Dermatoloogiliselt testitud. Kasutamine: Masseerige kuivale nahale (soovitame v\u00f5tta aega ja nautida kaunist aroomi), seej\u00e4rel lisage veidi vett, et muuta \u00f5li kergemaks piimaks. Loputage leige veega v\u00f5i pehme r\u00e4tikuga, mis on niisutatud, ja patsutage nahk kuivaks. Hoiatused : Ainult v\u00e4lispidiseks kasutamiseks. V\u00e4ltige silmadega kokkupuudet. Kui toode satub silma, loputage kohe sooja veega. V\u00e4ltige kasutamist \u00e4rritunud v\u00f5i katki l\u00e4inud nahal. Hoidke lastele k\u00e4tte saamatus kohas. Looduslike koostisosade t\u00f5ttu v\u00f5ib v\u00e4rvus aja jooksul ja partii j\u00e4rgi erineda. Tehke enne kasutamist nahatesti. L\u00f5petage kasutamine, kui tekib \u00e4rritus.<\/p>\n","protected":false},"excerpt":{"rendered":"<p>Meie luksuslik puhastus\u00f5li, millel on ainulaadne \u00f5li piimaks muutuv tekstuur, aitab eemaldada meigi, igap\u00e4evased saasteained ja kogunenud mustuse. Vitamiin C&#8230;<\/p>\n","protected":false},"featured_media":55203,"comment_status":"open","ping_status":"closed","template":"","meta":{"_acf_changed":false,"inline_featured_image":false},"pwb-brand":[989],"product_brand":[],"product_cat":[867],"product_tag":[],"class_list":{"0":"post-54270","1":"product","2":"type-product","3":"status-publish","4":"has-post-thumbnail","6":"pwb-brand-superfacialist","7":"product_cat-puhastus-meigieemaldus","9":"first","10":"outofstock","11":"taxable","12":"shipping-taxable","13":"purchasable","14":"product-type-simple"},"acf":[],"brands":[{"id":989,"name":"Superfacialist","slug":"superfacialist"}],"_links":{"self":[{"href":"https:\/\/startlan.ee\/en\/wp-json\/wp\/v2\/product\/54270","targetHints":{"allow":["GET"]}}],"collection":[{"href":"https:\/\/startlan.ee\/en\/wp-json\/wp\/v2\/product"}],"about":[{"href":"https:\/\/startlan.ee\/en\/wp-json\/wp\/v2\/types\/product"}],"replies":[{"embeddable":true,"href":"https:\/\/startlan.ee\/en\/wp-json\/wp\/v2\/comments?post=54270"}],"wp:featuredmedia":[{"embeddable":true,"href":"https:\/\/startlan.ee\/en\/wp-json\/wp\/v2\/media\/55203"}],"wp:attachment":[{"href":"https:\/\/startlan.ee\/en\/wp-json\/wp\/v2\/media?parent=54270"}],"wp:term":[{"taxonomy":"pwb-brand","embeddable":true,"href":"https:\/\/startlan.ee\/en\/wp-json\/wp\/v2\/pwb-brand?post=54270"},{"taxonomy":"product_brand","embeddable":true,"href":"https:\/\/startlan.ee\/en\/wp-json\/wp\/v2\/product_brand?post=54270"},{"taxonomy":"product_cat","embeddable":true,"href":"https:\/\/startlan.ee\/en\/wp-json\/wp\/v2\/product_cat?post=54270"},{"taxonomy":"product_tag","embeddable":true,"href":"https:\/\/startlan.ee\/en\/wp-json\/wp\/v2\/product_tag?post=54270"}],"curies":[{"name":"wp","href":"https:\/\/api.w.org\/{rel}","templated":true}]}}