{"id":54269,"date":"2025-02-27T16:00:41","date_gmt":"2025-02-27T14:00:41","guid":{"rendered":"https:\/\/startlan.ee\/toode\/super-facialist-savimask-salitsuulhappega-poore-puhastav-125ml\/"},"modified":"2026-05-13T18:00:43","modified_gmt":"2026-05-13T15:00:43","slug":"super-facialist-savimask-salitsuulhappega-poore-puhastav-125ml","status":"publish","type":"product","link":"https:\/\/startlan.ee\/en\/toode\/super-facialist-savimask-salitsuulhappega-poore-puhastav-125ml\/","title":{"rendered":"SUPER FACIALIST Savimask Salits\u00fc\u00fclhappega poore puhastav 125ml"},"content":{"rendered":"<p>Puhasta oma nahk s\u00fcgavalt ja v\u00e4rskendavalt meie detoksifitseeriva savimaskiga.<br \/>\nKasutades soojuse imavat Thermal Mud\u00b4i ja valge savi v\u00f5imet, aitab see t\u00f5mmata v\u00e4lja saasteaineid ja puhastada nahka liigsetest \u00f5lidest, mis viivad l\u00f6\u00f6vete tekkeni. Salits\u00fc\u00fclhappe ja 1% niatsiinamiidi segu koos vitamiinirikka avokaado\u00f5liga aitavad tasakaalustada nahka ning avada selge, v\u00e4rske ja silendatud jume. Dermatoloogiliselt testitud. Kasutamine : Kasutage 1\u20132 korda n\u00e4dalas, kandke rohkelt ja \u00fchtlane kiht puhastatud n\u00e4ole ja kaelale ning j\u00e4tke 5 minutiks m\u00f5juma. Loputage sooja veega v\u00f5i r\u00e4tikuga, mis on niisutatud sooja veega ja patsutage nahk kuivaks. Hoiatused : Ainult v\u00e4lispidiseks kasutamiseks. V\u00e4ltige silmadega kokkupuudet. Kui toode satub silma, loputage kohe sooja veega. V\u00e4ltige kasutamist \u00e4rritunud v\u00f5i katki l\u00e4inud nahal. Hoidke lastele k\u00e4tte saamatus kohas. Looduslike koostisosade t\u00f5ttu v\u00f5ib v\u00e4rvus aja jooksul ja partii j\u00e4rgi erineda. Tehke enne kasutamist nahatesti. L\u00f5petage kasutamine, kui tekib \u00e4rritus.<\/p>\n","protected":false},"excerpt":{"rendered":"<p>Puhasta oma nahk s\u00fcgavalt ja v\u00e4rskendavalt meie detoksifitseeriva savimaskiga. Kasutades soojuse imavat Thermal Mud\u00b4i ja valge savi v\u00f5imet, aitab see&#8230;<\/p>\n","protected":false},"featured_media":55199,"comment_status":"open","ping_status":"closed","template":"","meta":{"_acf_changed":false,"inline_featured_image":false},"pwb-brand":[989],"product_brand":[],"product_cat":[866],"product_tag":[],"class_list":{"0":"post-54269","1":"product","2":"type-product","3":"status-publish","4":"has-post-thumbnail","6":"pwb-brand-superfacialist","7":"product_cat-maskid-nagu","9":"first","10":"instock","11":"taxable","12":"shipping-taxable","13":"purchasable","14":"product-type-simple"},"acf":[],"brands":[{"id":989,"name":"Superfacialist","slug":"superfacialist"}],"_links":{"self":[{"href":"https:\/\/startlan.ee\/en\/wp-json\/wp\/v2\/product\/54269","targetHints":{"allow":["GET"]}}],"collection":[{"href":"https:\/\/startlan.ee\/en\/wp-json\/wp\/v2\/product"}],"about":[{"href":"https:\/\/startlan.ee\/en\/wp-json\/wp\/v2\/types\/product"}],"replies":[{"embeddable":true,"href":"https:\/\/startlan.ee\/en\/wp-json\/wp\/v2\/comments?post=54269"}],"wp:featuredmedia":[{"embeddable":true,"href":"https:\/\/startlan.ee\/en\/wp-json\/wp\/v2\/media\/55199"}],"wp:attachment":[{"href":"https:\/\/startlan.ee\/en\/wp-json\/wp\/v2\/media?parent=54269"}],"wp:term":[{"taxonomy":"pwb-brand","embeddable":true,"href":"https:\/\/startlan.ee\/en\/wp-json\/wp\/v2\/pwb-brand?post=54269"},{"taxonomy":"product_brand","embeddable":true,"href":"https:\/\/startlan.ee\/en\/wp-json\/wp\/v2\/product_brand?post=54269"},{"taxonomy":"product_cat","embeddable":true,"href":"https:\/\/startlan.ee\/en\/wp-json\/wp\/v2\/product_cat?post=54269"},{"taxonomy":"product_tag","embeddable":true,"href":"https:\/\/startlan.ee\/en\/wp-json\/wp\/v2\/product_tag?post=54269"}],"curies":[{"name":"wp","href":"https:\/\/api.w.org\/{rel}","templated":true}]}}