{"id":53724,"date":"2025-01-03T16:00:36","date_gmt":"2025-01-03T14:00:36","guid":{"rendered":"https:\/\/startlan.ee\/toode\/super-facialist-age-defence-seerum-meestele-30ml\/"},"modified":"2026-05-13T18:00:47","modified_gmt":"2026-05-13T15:00:47","slug":"super-facialist-age-defence-seerum-meestele-30ml","status":"publish","type":"product","link":"https:\/\/startlan.ee\/en\/toode\/super-facialist-age-defence-seerum-meestele-30ml\/","title":{"rendered":"Super Facialist Age Defence Seerum meestele 30ml"},"content":{"rendered":"<p>Meestele kohandatud tulemuslikkusele suunatud nahahooldus. Kerge seerum, mis p\u00f5hineb retinoolil ja niatsiinamiidil, mis aitab v\u00e4hendada peente joonte ja kortsude teket. Sihib esimesi vananemise m\u00e4rke, suurendades samal ajal kaktuseveega niisutust, et nahk oleks pehmem ja niisutatum. TULEMUS: pingul, h\u00fcdreeritud ja siledama v\u00e4limusega nahk. Kasutage iga p\u00e4ev hommikul ja \u00f5htul. Kandke p\u00e4rast n\u00e4o puhastamist \u00fchtlaselt n\u00e4ole ja kaelale. HOIATUSED: Ainult v\u00e4lispidiseks kasutamiseks. V\u00e4ltida silma sattumist. Kui toode satub silma, loputage kohe sooja veega. V\u00e4ltige kasutamist \u00e4rritunud v\u00f5i katkisel nahal. Hoida lastele k\u00e4ttesaamatus kohas. Looduslike koostisosade t\u00f5ttu v\u00f5ib v\u00e4rv aja jooksul ja partiideni erineda.<\/p>\n","protected":false},"excerpt":{"rendered":"<p>Meestele kohandatud tulemuslikkusele suunatud nahahooldus. Kerge seerum, mis p\u00f5hineb retinoolil ja niatsiinamiidil, mis aitab v\u00e4hendada peente joonte ja kortsude teket&#8230;.<\/p>\n","protected":false},"featured_media":53781,"comment_status":"open","ping_status":"closed","template":"","meta":{"_acf_changed":false,"inline_featured_image":false},"pwb-brand":[989],"product_brand":[],"product_cat":[865,903],"product_tag":[],"class_list":{"0":"post-53724","1":"product","2":"type-product","3":"status-publish","4":"has-post-thumbnail","6":"pwb-brand-superfacialist","7":"product_cat-seerumid-ja-kontsentraadid","8":"product_cat-mehed","10":"first","11":"instock","12":"taxable","13":"shipping-taxable","14":"purchasable","15":"product-type-simple"},"acf":[],"brands":[{"id":989,"name":"Superfacialist","slug":"superfacialist"}],"_links":{"self":[{"href":"https:\/\/startlan.ee\/en\/wp-json\/wp\/v2\/product\/53724","targetHints":{"allow":["GET"]}}],"collection":[{"href":"https:\/\/startlan.ee\/en\/wp-json\/wp\/v2\/product"}],"about":[{"href":"https:\/\/startlan.ee\/en\/wp-json\/wp\/v2\/types\/product"}],"replies":[{"embeddable":true,"href":"https:\/\/startlan.ee\/en\/wp-json\/wp\/v2\/comments?post=53724"}],"wp:featuredmedia":[{"embeddable":true,"href":"https:\/\/startlan.ee\/en\/wp-json\/wp\/v2\/media\/53781"}],"wp:attachment":[{"href":"https:\/\/startlan.ee\/en\/wp-json\/wp\/v2\/media?parent=53724"}],"wp:term":[{"taxonomy":"pwb-brand","embeddable":true,"href":"https:\/\/startlan.ee\/en\/wp-json\/wp\/v2\/pwb-brand?post=53724"},{"taxonomy":"product_brand","embeddable":true,"href":"https:\/\/startlan.ee\/en\/wp-json\/wp\/v2\/product_brand?post=53724"},{"taxonomy":"product_cat","embeddable":true,"href":"https:\/\/startlan.ee\/en\/wp-json\/wp\/v2\/product_cat?post=53724"},{"taxonomy":"product_tag","embeddable":true,"href":"https:\/\/startlan.ee\/en\/wp-json\/wp\/v2\/product_tag?post=53724"}],"curies":[{"name":"wp","href":"https:\/\/api.w.org\/{rel}","templated":true}]}}