{"id":53722,"date":"2025-01-03T16:00:35","date_gmt":"2025-01-03T14:00:35","guid":{"rendered":"https:\/\/startlan.ee\/toode\/super-facialist-naopesugeel-meestele-150ml\/"},"modified":"2026-05-13T18:30:31","modified_gmt":"2026-05-13T15:30:31","slug":"super-facialist-naopesugeel-meestele-150ml","status":"publish","type":"product","link":"https:\/\/startlan.ee\/en\/toode\/super-facialist-naopesugeel-meestele-150ml\/","title":{"rendered":"Super Facialist n\u00e4opesugeel meestele 150ml"},"content":{"rendered":"<p>Meestele kohandatud tulemuslikkusele suunatud nahahooldus. Alustage p\u00e4eva otse meie energiseeriva n\u00e4opesuga, mis on \u00fclim puhastuskogemus E-vitamiini l\u00f5hkevate helmestega, mis aitavad eemaldada kogunenud mustust. Niisutav aloe vera ja kaktusevesi segunevad niatsiinamiidi ja magneesiumiga, j\u00e4ttes naha s\u00fcgavalt puhtaks.<br \/>\nTULEMUS: puhas, v\u00e4rskendatud ja tervema v\u00e4limusega nahk. Kasutamine: Niisutage n\u00e4gu sooja veega. Masseerige v\u00e4ike kogus \u00f5rnalt nahale ja loputage. HOIATUSED: Ainult v\u00e4lispidiseks kasutamiseks. V\u00e4ltida silma sattumist. Kui toode satub silma, loputage kohe sooja veega. V\u00e4ltige kasutamist \u00e4rritunud v\u00f5i katkisel nahal. Hoida lastele k\u00e4ttesaamatus kohas. Looduslike koostisosade t\u00f5ttu v\u00f5ib v\u00e4rv aja jooksul ja partiideni erineda.<\/p>\n","protected":false},"excerpt":{"rendered":"<p>Meestele kohandatud tulemuslikkusele suunatud nahahooldus. Alustage p\u00e4eva otse meie energiseeriva n\u00e4opesuga, mis on \u00fclim puhastuskogemus E-vitamiini l\u00f5hkevate helmestega, mis aitavad&#8230;<\/p>\n","protected":false},"featured_media":53793,"comment_status":"open","ping_status":"closed","template":"","meta":{"_acf_changed":false,"inline_featured_image":false},"pwb-brand":[989],"product_brand":[],"product_cat":[864,867,903],"product_tag":[],"class_list":{"0":"post-53722","1":"product","2":"type-product","3":"status-publish","4":"has-post-thumbnail","6":"pwb-brand-superfacialist","7":"product_cat-naokreemid","8":"product_cat-puhastus-meigieemaldus","9":"product_cat-mehed","11":"first","12":"instock","13":"taxable","14":"shipping-taxable","15":"purchasable","16":"product-type-simple"},"acf":[],"brands":[{"id":989,"name":"Superfacialist","slug":"superfacialist"}],"_links":{"self":[{"href":"https:\/\/startlan.ee\/en\/wp-json\/wp\/v2\/product\/53722","targetHints":{"allow":["GET"]}}],"collection":[{"href":"https:\/\/startlan.ee\/en\/wp-json\/wp\/v2\/product"}],"about":[{"href":"https:\/\/startlan.ee\/en\/wp-json\/wp\/v2\/types\/product"}],"replies":[{"embeddable":true,"href":"https:\/\/startlan.ee\/en\/wp-json\/wp\/v2\/comments?post=53722"}],"wp:featuredmedia":[{"embeddable":true,"href":"https:\/\/startlan.ee\/en\/wp-json\/wp\/v2\/media\/53793"}],"wp:attachment":[{"href":"https:\/\/startlan.ee\/en\/wp-json\/wp\/v2\/media?parent=53722"}],"wp:term":[{"taxonomy":"pwb-brand","embeddable":true,"href":"https:\/\/startlan.ee\/en\/wp-json\/wp\/v2\/pwb-brand?post=53722"},{"taxonomy":"product_brand","embeddable":true,"href":"https:\/\/startlan.ee\/en\/wp-json\/wp\/v2\/product_brand?post=53722"},{"taxonomy":"product_cat","embeddable":true,"href":"https:\/\/startlan.ee\/en\/wp-json\/wp\/v2\/product_cat?post=53722"},{"taxonomy":"product_tag","embeddable":true,"href":"https:\/\/startlan.ee\/en\/wp-json\/wp\/v2\/product_tag?post=53722"}],"curies":[{"name":"wp","href":"https:\/\/api.w.org\/{rel}","templated":true}]}}