{"id":53721,"date":"2025-01-03T16:00:35","date_gmt":"2025-01-03T14:00:35","guid":{"rendered":"https:\/\/startlan.ee\/toode\/super-facialist-sugavniisutav-kreem-meestele-75ml\/"},"modified":"2026-05-13T18:00:45","modified_gmt":"2026-05-13T15:00:45","slug":"super-facialist-sugavniisutav-kreem-meestele-75ml","status":"publish","type":"product","link":"https:\/\/startlan.ee\/en\/toode\/super-facialist-sugavniisutav-kreem-meestele-75ml\/","title":{"rendered":"Super Facialist S\u00fcgavniisutav kreem meestele 75ml"},"content":{"rendered":"<p>Meestele kohandatud tulemuslikkusele suunatud nahahooldus. Suurep\u00e4rane igap\u00e4evane niisutaja, mis p\u00f5hineb h\u00fcaluroonhappel ja niatsiinamiidil, mis aitab parandada naha toonust ja niisutustaset. Meie kerget koostist on t\u00e4iustatud UVA\/B filtrite ja aktiivsete saastevastaste koostisosadega, mis aitavad blokeerida igap\u00e4evaseid kahjulikke saasteaineid, j\u00e4tmata nahka rasvaseks v\u00f5i kleepuvaks.<br \/>\nTULEMUS: Niisutatud, tugevdatud ja pinguldavama v\u00e4limusega nahk. Kasutage iga p\u00e4ev hommikul ja \u00f5htul. Kandke p\u00e4rast n\u00e4o puhastamist \u00fchtlaselt n\u00e4ole ja kaelale. HOIATUSED: Ainult v\u00e4lispidiseks kasutamiseks. V\u00e4ltida silma sattumist. Kui toode satub silma, loputage kohe sooja veega. V\u00e4ltige kasutamist \u00e4rritunud v\u00f5i katkisel nahal. Hoida lastele k\u00e4ttesaamatus kohas. Looduslike koostisosade t\u00f5ttu v\u00f5ib v\u00e4rv aja jooksul ja partiideni erineda.<\/p>\n","protected":false},"excerpt":{"rendered":"<p>Meestele kohandatud tulemuslikkusele suunatud nahahooldus. Suurep\u00e4rane igap\u00e4evane niisutaja, mis p\u00f5hineb h\u00fcaluroonhappel ja niatsiinamiidil, mis aitab parandada naha toonust ja niisutustaset&#8230;.<\/p>\n","protected":false},"featured_media":53790,"comment_status":"open","ping_status":"closed","template":"","meta":{"_acf_changed":false,"inline_featured_image":false},"pwb-brand":[989],"product_brand":[],"product_cat":[864,903],"product_tag":[],"class_list":{"0":"post-53721","1":"product","2":"type-product","3":"status-publish","4":"has-post-thumbnail","6":"pwb-brand-superfacialist","7":"product_cat-naokreemid","8":"product_cat-mehed","10":"first","11":"outofstock","12":"taxable","13":"shipping-taxable","14":"purchasable","15":"product-type-simple"},"acf":[],"brands":[{"id":989,"name":"Superfacialist","slug":"superfacialist"}],"_links":{"self":[{"href":"https:\/\/startlan.ee\/en\/wp-json\/wp\/v2\/product\/53721","targetHints":{"allow":["GET"]}}],"collection":[{"href":"https:\/\/startlan.ee\/en\/wp-json\/wp\/v2\/product"}],"about":[{"href":"https:\/\/startlan.ee\/en\/wp-json\/wp\/v2\/types\/product"}],"replies":[{"embeddable":true,"href":"https:\/\/startlan.ee\/en\/wp-json\/wp\/v2\/comments?post=53721"}],"wp:featuredmedia":[{"embeddable":true,"href":"https:\/\/startlan.ee\/en\/wp-json\/wp\/v2\/media\/53790"}],"wp:attachment":[{"href":"https:\/\/startlan.ee\/en\/wp-json\/wp\/v2\/media?parent=53721"}],"wp:term":[{"taxonomy":"pwb-brand","embeddable":true,"href":"https:\/\/startlan.ee\/en\/wp-json\/wp\/v2\/pwb-brand?post=53721"},{"taxonomy":"product_brand","embeddable":true,"href":"https:\/\/startlan.ee\/en\/wp-json\/wp\/v2\/product_brand?post=53721"},{"taxonomy":"product_cat","embeddable":true,"href":"https:\/\/startlan.ee\/en\/wp-json\/wp\/v2\/product_cat?post=53721"},{"taxonomy":"product_tag","embeddable":true,"href":"https:\/\/startlan.ee\/en\/wp-json\/wp\/v2\/product_tag?post=53721"}],"curies":[{"name":"wp","href":"https:\/\/api.w.org\/{rel}","templated":true}]}}