{"id":53720,"date":"2025-01-03T16:00:35","date_gmt":"2025-01-03T14:00:35","guid":{"rendered":"https:\/\/startlan.ee\/toode\/super-facialist-retinooliga-resync-ookreem-50ml\/"},"modified":"2026-05-13T18:00:45","modified_gmt":"2026-05-13T15:00:45","slug":"super-facialist-retinooliga-resync-ookreem-50ml","status":"publish","type":"product","link":"https:\/\/startlan.ee\/en\/toode\/super-facialist-retinooliga-resync-ookreem-50ml\/","title":{"rendered":"Super Facialist Retinooliga Resync \u00f6\u00f6kreem 50ml"},"content":{"rendered":"<p>Kogege Retinol SleepSmart Overnight Resync \u00f6\u00f6kreemi muutvat j\u00f5udu. Sisaldab vananemisvastast lemmikut retinooli (A-vitamiin), mis on t\u00f5estatud kollageeni taset v\u00f5imendav toimeaine. See v\u00f5imsa koostisega toode silub peeneid jooni ja kortse, et anda nahale v\u00e4rske v\u00e4limus.<br \/>\nSee toitev \u00fcle\u00f6\u00f6hooldus on asjatundlikult koostatud, et aidata v\u00f5idelda n\u00e4htavate vananemism\u00e4rkidega. Rikastatud 1% retinoolikompleksiga, mis aitab stimuleerida rakkude uuenemist, koos t\u00f5estatult kollageeni v\u00f5imendava aktiivse ja niisutava h\u00fcaluroonhappega.<\/p>\n<p>Seda t\u00e4iustab meie revolutsiooniline Resync SleepSmart Complex\u2122. T\u00e4iustatud tehnoloogia, mis s\u00fcnkroniseerub teie naha \u00f6\u00f6p\u00e4evar\u00fctmiga, et aidata maksimeerida naha uuenemist selle k\u00f5ige vastuv\u00f5tlikuma \u00f6ise faasi ajal. Meie t\u00e4iustatud valem, mis \u00fchendab kahte t\u00f5estatud v\u00e4simuse vastu v\u00f5itlevat toimeainet, t\u00f6\u00f6tab v\u00e4simatult kogu \u00f6\u00f6, et optimeerida naha uuenemist ja eluj\u00f5udu. Kasutamine: Kandke igal \u00f5htul puhastatud n\u00e4ole, kaelale ja dekolteepiirkonnale. Kui teil on tundlik nahk, soovitame kasutada n\u00e4dala jooksul igal kolmandal p\u00e4eval, seej\u00e4rel n\u00e4dala jooksul vaheldumisi p\u00e4evadel enne igap\u00e4evasele kasutamisele \u00fcleminekut.<\/p>\n","protected":false},"excerpt":{"rendered":"<p>Kogege Retinol SleepSmart Overnight Resync \u00f6\u00f6kreemi muutvat j\u00f5udu. Sisaldab vananemisvastast lemmikut retinooli (A-vitamiin), mis on t\u00f5estatud kollageeni taset v\u00f5imendav toimeaine&#8230;.<\/p>\n","protected":false},"featured_media":53787,"comment_status":"open","ping_status":"closed","template":"","meta":{"_acf_changed":false,"inline_featured_image":false},"pwb-brand":[989],"product_brand":[],"product_cat":[864],"product_tag":[],"class_list":{"0":"post-53720","1":"product","2":"type-product","3":"status-publish","4":"has-post-thumbnail","6":"pwb-brand-superfacialist","7":"product_cat-naokreemid","9":"first","10":"instock","11":"taxable","12":"shipping-taxable","13":"purchasable","14":"product-type-simple"},"acf":[],"brands":[{"id":989,"name":"Superfacialist","slug":"superfacialist"}],"_links":{"self":[{"href":"https:\/\/startlan.ee\/en\/wp-json\/wp\/v2\/product\/53720","targetHints":{"allow":["GET"]}}],"collection":[{"href":"https:\/\/startlan.ee\/en\/wp-json\/wp\/v2\/product"}],"about":[{"href":"https:\/\/startlan.ee\/en\/wp-json\/wp\/v2\/types\/product"}],"replies":[{"embeddable":true,"href":"https:\/\/startlan.ee\/en\/wp-json\/wp\/v2\/comments?post=53720"}],"wp:featuredmedia":[{"embeddable":true,"href":"https:\/\/startlan.ee\/en\/wp-json\/wp\/v2\/media\/53787"}],"wp:attachment":[{"href":"https:\/\/startlan.ee\/en\/wp-json\/wp\/v2\/media?parent=53720"}],"wp:term":[{"taxonomy":"pwb-brand","embeddable":true,"href":"https:\/\/startlan.ee\/en\/wp-json\/wp\/v2\/pwb-brand?post=53720"},{"taxonomy":"product_brand","embeddable":true,"href":"https:\/\/startlan.ee\/en\/wp-json\/wp\/v2\/product_brand?post=53720"},{"taxonomy":"product_cat","embeddable":true,"href":"https:\/\/startlan.ee\/en\/wp-json\/wp\/v2\/product_cat?post=53720"},{"taxonomy":"product_tag","embeddable":true,"href":"https:\/\/startlan.ee\/en\/wp-json\/wp\/v2\/product_tag?post=53720"}],"curies":[{"name":"wp","href":"https:\/\/api.w.org\/{rel}","templated":true}]}}