{"id":53718,"date":"2025-01-03T16:00:34","date_gmt":"2025-01-03T14:00:34","guid":{"rendered":"https:\/\/startlan.ee\/toode\/super-facialist-kibuvitsaga-overnight-resync-ookreem-50ml\/"},"modified":"2026-05-13T18:30:31","modified_gmt":"2026-05-13T15:30:31","slug":"super-facialist-kibuvitsaga-overnight-resync-ookreem-50ml","status":"publish","type":"product","link":"https:\/\/startlan.ee\/en\/toode\/super-facialist-kibuvitsaga-overnight-resync-ookreem-50ml\/","title":{"rendered":"Super Facialist Kibuvitsaga Overnight Resync \u00f6\u00f6kreem 50ml"},"content":{"rendered":"<p>Nautige meie noorendavat Kibuvitsa Overnight Resync \u00f6\u00f6kreemi, mis on loodud teie nahka puhkamise ajal toitma. Koos harmoonilise seguga kibuvitsamarjast ja toitvast sheav\u00f5ist, aitab see magades suurendada naha elastsust ja pehmust. \u00c4rgates on siledam ja niisutatud nahk ning s\u00e4ravam jume.<br \/>\nSeda t\u00e4iustab meie revolutsiooniline Resync SleepSmart Complex\u2122. T\u00e4iustatud tehnoloogia, mis s\u00fcnkroniseerub teie naha \u00f6\u00f6p\u00e4evar\u00fctmiga, et aidata maksimeerida naha uuenemist selle k\u00f5ige vastuv\u00f5tlikuma \u00f6ise faasi ajal. Meie t\u00e4iustatud koostis, mis \u00fchendab kahte t\u00f5estatud v\u00e4simuse vastu v\u00f5itlevat toimeainet, t\u00f6\u00f6tab v\u00e4simatult kogu \u00f6\u00f6, et optimeerida naha uuenemist ja eluj\u00f5udu. Kasutamine: Kandke igal \u00f5htul puhastatud n\u00e4ole, kaelale ja dekolteepiirkonnale.<\/p>\n","protected":false},"excerpt":{"rendered":"<p>Nautige meie noorendavat Kibuvitsa Overnight Resync \u00f6\u00f6kreemi, mis on loodud teie nahka puhkamise ajal toitma. Koos harmoonilise seguga kibuvitsamarjast ja&#8230;<\/p>\n","protected":false},"featured_media":53806,"comment_status":"open","ping_status":"closed","template":"","meta":{"_acf_changed":false,"inline_featured_image":false},"pwb-brand":[989],"product_brand":[],"product_cat":[864],"product_tag":[],"class_list":{"0":"post-53718","1":"product","2":"type-product","3":"status-publish","4":"has-post-thumbnail","6":"pwb-brand-superfacialist","7":"product_cat-naokreemid","9":"first","10":"instock","11":"taxable","12":"shipping-taxable","13":"purchasable","14":"product-type-simple"},"acf":[],"brands":[{"id":989,"name":"Superfacialist","slug":"superfacialist"}],"_links":{"self":[{"href":"https:\/\/startlan.ee\/en\/wp-json\/wp\/v2\/product\/53718","targetHints":{"allow":["GET"]}}],"collection":[{"href":"https:\/\/startlan.ee\/en\/wp-json\/wp\/v2\/product"}],"about":[{"href":"https:\/\/startlan.ee\/en\/wp-json\/wp\/v2\/types\/product"}],"replies":[{"embeddable":true,"href":"https:\/\/startlan.ee\/en\/wp-json\/wp\/v2\/comments?post=53718"}],"wp:featuredmedia":[{"embeddable":true,"href":"https:\/\/startlan.ee\/en\/wp-json\/wp\/v2\/media\/53806"}],"wp:attachment":[{"href":"https:\/\/startlan.ee\/en\/wp-json\/wp\/v2\/media?parent=53718"}],"wp:term":[{"taxonomy":"pwb-brand","embeddable":true,"href":"https:\/\/startlan.ee\/en\/wp-json\/wp\/v2\/pwb-brand?post=53718"},{"taxonomy":"product_brand","embeddable":true,"href":"https:\/\/startlan.ee\/en\/wp-json\/wp\/v2\/product_brand?post=53718"},{"taxonomy":"product_cat","embeddable":true,"href":"https:\/\/startlan.ee\/en\/wp-json\/wp\/v2\/product_cat?post=53718"},{"taxonomy":"product_tag","embeddable":true,"href":"https:\/\/startlan.ee\/en\/wp-json\/wp\/v2\/product_tag?post=53718"}],"curies":[{"name":"wp","href":"https:\/\/api.w.org\/{rel}","templated":true}]}}