{"id":53717,"date":"2025-01-03T16:00:34","date_gmt":"2025-01-03T14:00:34","guid":{"rendered":"https:\/\/startlan.ee\/toode\/super-facialist-vegan-kollageeniga-plumping-serum-30ml\/"},"modified":"2026-05-13T18:00:44","modified_gmt":"2026-05-13T15:00:44","slug":"super-facialist-vegan-kollageeniga-plumping-serum-30ml","status":"publish","type":"product","link":"https:\/\/startlan.ee\/en\/toode\/super-facialist-vegan-kollageeniga-plumping-serum-30ml\/","title":{"rendered":"Super Facialist Vegan Kollageeniga Plumping serum 30ml"},"content":{"rendered":"<p>&#8220;Meie \u00fclimalt efektiivne vegan kollageeni kosutav seerum aitab taastada v\u00e4rskema ja noorema naha v\u00e4limust. Tugev peptiidi sisaldav koostis, mis on loodud akaatsiapuust saadud taimse kollageeni elastsuse suurendamiseks. Tuntud naha t\u00e4iustamise poolest.<br \/>\nKasutades \u00e4ra meie uuendusliku Marine Bio-Complexi j\u00f5udu, mis segab h\u00fcaluroonhapet merevetikatega, et tagada naha kohene ja kauakestev niisutus. Segatud elastiini stimuleeriva vase ja hibiski ekstraktiga, et t\u00f5sta teie naha loomulikku heledust, j\u00e4ttes teile v\u00e4rskema ja nooruslikuma v\u00e4limuse. Kasutamine: Enne p\u00e4eva- v\u00f5i \u00f6\u00f6kreemi pealekandmist masseerige hernetera suurune kogus puhastatud n\u00e4ole ja kaelale. Parimate tulemuste saavutamiseks kasutage iga p\u00e4ev v\u00e4hemalt 3 n\u00e4dala jooksul.&#8221;<\/p>\n","protected":false},"excerpt":{"rendered":"<p>&#8220;Meie \u00fclimalt efektiivne vegan kollageeni kosutav seerum aitab taastada v\u00e4rskema ja noorema naha v\u00e4limust. Tugev peptiidi sisaldav koostis, mis on&#8230;<\/p>\n","protected":false},"featured_media":53803,"comment_status":"open","ping_status":"closed","template":"","meta":{"_acf_changed":false,"inline_featured_image":false},"pwb-brand":[989],"product_brand":[],"product_cat":[865],"product_tag":[],"class_list":{"0":"post-53717","1":"product","2":"type-product","3":"status-publish","4":"has-post-thumbnail","6":"pwb-brand-superfacialist","7":"product_cat-seerumid-ja-kontsentraadid","9":"first","10":"instock","11":"taxable","12":"shipping-taxable","13":"purchasable","14":"product-type-simple"},"acf":[],"brands":[{"id":989,"name":"Superfacialist","slug":"superfacialist"}],"_links":{"self":[{"href":"https:\/\/startlan.ee\/en\/wp-json\/wp\/v2\/product\/53717","targetHints":{"allow":["GET"]}}],"collection":[{"href":"https:\/\/startlan.ee\/en\/wp-json\/wp\/v2\/product"}],"about":[{"href":"https:\/\/startlan.ee\/en\/wp-json\/wp\/v2\/types\/product"}],"replies":[{"embeddable":true,"href":"https:\/\/startlan.ee\/en\/wp-json\/wp\/v2\/comments?post=53717"}],"wp:featuredmedia":[{"embeddable":true,"href":"https:\/\/startlan.ee\/en\/wp-json\/wp\/v2\/media\/53803"}],"wp:attachment":[{"href":"https:\/\/startlan.ee\/en\/wp-json\/wp\/v2\/media?parent=53717"}],"wp:term":[{"taxonomy":"pwb-brand","embeddable":true,"href":"https:\/\/startlan.ee\/en\/wp-json\/wp\/v2\/pwb-brand?post=53717"},{"taxonomy":"product_brand","embeddable":true,"href":"https:\/\/startlan.ee\/en\/wp-json\/wp\/v2\/product_brand?post=53717"},{"taxonomy":"product_cat","embeddable":true,"href":"https:\/\/startlan.ee\/en\/wp-json\/wp\/v2\/product_cat?post=53717"},{"taxonomy":"product_tag","embeddable":true,"href":"https:\/\/startlan.ee\/en\/wp-json\/wp\/v2\/product_tag?post=53717"}],"curies":[{"name":"wp","href":"https:\/\/api.w.org\/{rel}","templated":true}]}}