{"id":53716,"date":"2025-01-03T16:00:34","date_gmt":"2025-01-03T14:00:34","guid":{"rendered":"https:\/\/startlan.ee\/toode\/super-facialist-vegan-kollageeniga-overnight-resync-ookreem-50ml\/"},"modified":"2026-05-13T18:00:44","modified_gmt":"2026-05-13T15:00:44","slug":"super-facialist-vegan-kollageeniga-overnight-resync-ookreem-50ml","status":"publish","type":"product","link":"https:\/\/startlan.ee\/en\/toode\/super-facialist-vegan-kollageeniga-overnight-resync-ookreem-50ml\/","title":{"rendered":"Super Facialist Vegan Kollageeniga Overnight Resync \u00f6\u00f6kreem 50ml"},"content":{"rendered":"<p>Kogege mere muutvat j\u00f5udu meie revolutsioonilise Vegan Collagen Overnight Resync SleepSmart\u2122 \u00f6\u00f6kreemiga. Kasutage \u00e4ra vegan merep\u00f5hise biopol\u00fcmeeri, vase ja taimep\u00f5hise kollageeni tugevaid eeliseid \u2013 see luksuslik kreem muudab nahka t\u00e4idlasemaks ja silub, aidates v\u00e4hendada peente joonte ja kortsude teket.<br \/>\nSee \u00f6\u00f6kreem, mis p\u00f5hineb meie eksklusiivsel Resync SleepSmart Complex\u2122-il, on loodud s\u00fcnkroniseerima teie naha loomuliku \u00f6\u00f6p\u00e4evar\u00fctmiga. Magades aitab see optimeerida naha uuenemist kogu \u00f6\u00f6 jooksul, kui nahk on k\u00f5ige vastuv\u00f5tlikum, nii et \u00e4rkate siledama, h\u00fcdreeritud ja nooruslikuma jumega.<br \/>\nDermatoloogiliselt testitud ja nahahoolduseksperdi poolt heaks kiidetud uue p\u00f5lvkonna \u00f6\u00f6kreem pakub v\u00f5imsat, kuid \u00f5rna lahendust s\u00e4rava naha saavutamiseks. B-Circardin\u2122 tehnoloogial t\u00f6\u00f6tav Resync SleepSmart Complex\u2122 aitab optimeerida naha uuenemist \u00fcle\u00f6\u00f6, kui nahk on paranemisele k\u00f5ige vastuv\u00f5tlikum.<\/p>\n<p>Kasutage mere ja teaduse j\u00f5udu Vegan Collagen Overnight Resync SleepSmart \u00f6\u00f6kreemiga ja \u00e4ratage h\u00fcdreeritud, noorusliku ja s\u00e4rava nahaga. Kasutamine : Kandke igal hommikul puhastatud n\u00e4ole, kaelale ja dekolteepiirkonnale. Looduslike koostisosade t\u00f5ttu v\u00f5ib v\u00e4rv aja jooksul ja partiideni erineda.<\/p>\n","protected":false},"excerpt":{"rendered":"<p>Kogege mere muutvat j\u00f5udu meie revolutsioonilise Vegan Collagen Overnight Resync SleepSmart\u2122 \u00f6\u00f6kreemiga. Kasutage \u00e4ra vegan merep\u00f5hise biopol\u00fcmeeri, vase ja taimep\u00f5hise&#8230;<\/p>\n","protected":false},"featured_media":53801,"comment_status":"open","ping_status":"closed","template":"","meta":{"_acf_changed":false,"inline_featured_image":false},"pwb-brand":[989],"product_brand":[],"product_cat":[864],"product_tag":[],"class_list":{"0":"post-53716","1":"product","2":"type-product","3":"status-publish","4":"has-post-thumbnail","6":"pwb-brand-superfacialist","7":"product_cat-naokreemid","9":"first","10":"instock","11":"taxable","12":"shipping-taxable","13":"purchasable","14":"product-type-simple"},"acf":[],"brands":[{"id":989,"name":"Superfacialist","slug":"superfacialist"}],"_links":{"self":[{"href":"https:\/\/startlan.ee\/en\/wp-json\/wp\/v2\/product\/53716","targetHints":{"allow":["GET"]}}],"collection":[{"href":"https:\/\/startlan.ee\/en\/wp-json\/wp\/v2\/product"}],"about":[{"href":"https:\/\/startlan.ee\/en\/wp-json\/wp\/v2\/types\/product"}],"replies":[{"embeddable":true,"href":"https:\/\/startlan.ee\/en\/wp-json\/wp\/v2\/comments?post=53716"}],"wp:featuredmedia":[{"embeddable":true,"href":"https:\/\/startlan.ee\/en\/wp-json\/wp\/v2\/media\/53801"}],"wp:attachment":[{"href":"https:\/\/startlan.ee\/en\/wp-json\/wp\/v2\/media?parent=53716"}],"wp:term":[{"taxonomy":"pwb-brand","embeddable":true,"href":"https:\/\/startlan.ee\/en\/wp-json\/wp\/v2\/pwb-brand?post=53716"},{"taxonomy":"product_brand","embeddable":true,"href":"https:\/\/startlan.ee\/en\/wp-json\/wp\/v2\/product_brand?post=53716"},{"taxonomy":"product_cat","embeddable":true,"href":"https:\/\/startlan.ee\/en\/wp-json\/wp\/v2\/product_cat?post=53716"},{"taxonomy":"product_tag","embeddable":true,"href":"https:\/\/startlan.ee\/en\/wp-json\/wp\/v2\/product_tag?post=53716"}],"curies":[{"name":"wp","href":"https:\/\/api.w.org\/{rel}","templated":true}]}}