{"id":53715,"date":"2025-01-03T16:00:34","date_gmt":"2025-01-03T14:00:34","guid":{"rendered":"https:\/\/startlan.ee\/toode\/super-facialist-vegan-kollageeniga-super-smooth-paevakreem-50ml\/"},"modified":"2026-05-13T18:00:44","modified_gmt":"2026-05-13T15:00:44","slug":"super-facialist-vegan-kollageeniga-super-smooth-paevakreem-50ml","status":"publish","type":"product","link":"https:\/\/startlan.ee\/en\/toode\/super-facialist-vegan-kollageeniga-super-smooth-paevakreem-50ml\/","title":{"rendered":"Super Facialist Vegan Kollageeniga Super Smooth p\u00e4evakreem 50ml"},"content":{"rendered":"<p>Aidake taastada oma naha nooruslikku s\u00e4ra meie merep\u00f5hise Vegan Collagen Super Smooth p\u00e4evakreemiga. See siidiselt sile kreem, mis sisaldab ainulaadset Marine-Bio Complexi, mis \u00fchendab endas h\u00fcaluroonhapet ja s\u00e4\u00e4stva p\u00e4ritoluga punavetikaekstrakti, aitab nahka pinguldada ja niisutada, et aidata sellel taastada ja andes noorusliku s\u00e4ra.<br \/>\nKasutades \u00e4ra looduse j\u00f5ude, oleme lisanud akaatsiapuu mahlast saadud taimset kollageeni, mis on tuntud oma naha elastsuse toetamise ning varajase ja olemasoleva vananemisilmingute k\u00f5rvaldamise poolest. Need tugevatoimelised koostisosad t\u00f6\u00f6tavad koos, et v\u00e4hendada peente joonte ja kortsude teket, et jume oleks s\u00e4rav ja nooruslik.<br \/>\nDermatoloogiliselt testitud ja meie t\u00e4iustatud nahahoolduslahendus annab tulemusi, mida n\u00e4ete ja tunnete. Kasutamine : Kandke igal hommikul puhastatud n\u00e4ole, kaelale ja dekolteepiirkonnale. Looduslike koostisosade t\u00f5ttu v\u00f5ib v\u00e4rv aja jooksul ja partiideni erineda.<\/p>\n","protected":false},"excerpt":{"rendered":"<p>Aidake taastada oma naha nooruslikku s\u00e4ra meie merep\u00f5hise Vegan Collagen Super Smooth p\u00e4evakreemiga. See siidiselt sile kreem, mis sisaldab ainulaadset&#8230;<\/p>\n","protected":false},"featured_media":53798,"comment_status":"open","ping_status":"closed","template":"","meta":{"_acf_changed":false,"inline_featured_image":false},"pwb-brand":[989],"product_brand":[],"product_cat":[864],"product_tag":[],"class_list":{"0":"post-53715","1":"product","2":"type-product","3":"status-publish","4":"has-post-thumbnail","6":"pwb-brand-superfacialist","7":"product_cat-naokreemid","9":"first","10":"instock","11":"taxable","12":"shipping-taxable","13":"purchasable","14":"product-type-simple"},"acf":[],"brands":[{"id":989,"name":"Superfacialist","slug":"superfacialist"}],"_links":{"self":[{"href":"https:\/\/startlan.ee\/en\/wp-json\/wp\/v2\/product\/53715","targetHints":{"allow":["GET"]}}],"collection":[{"href":"https:\/\/startlan.ee\/en\/wp-json\/wp\/v2\/product"}],"about":[{"href":"https:\/\/startlan.ee\/en\/wp-json\/wp\/v2\/types\/product"}],"replies":[{"embeddable":true,"href":"https:\/\/startlan.ee\/en\/wp-json\/wp\/v2\/comments?post=53715"}],"wp:featuredmedia":[{"embeddable":true,"href":"https:\/\/startlan.ee\/en\/wp-json\/wp\/v2\/media\/53798"}],"wp:attachment":[{"href":"https:\/\/startlan.ee\/en\/wp-json\/wp\/v2\/media?parent=53715"}],"wp:term":[{"taxonomy":"pwb-brand","embeddable":true,"href":"https:\/\/startlan.ee\/en\/wp-json\/wp\/v2\/pwb-brand?post=53715"},{"taxonomy":"product_brand","embeddable":true,"href":"https:\/\/startlan.ee\/en\/wp-json\/wp\/v2\/product_brand?post=53715"},{"taxonomy":"product_cat","embeddable":true,"href":"https:\/\/startlan.ee\/en\/wp-json\/wp\/v2\/product_cat?post=53715"},{"taxonomy":"product_tag","embeddable":true,"href":"https:\/\/startlan.ee\/en\/wp-json\/wp\/v2\/product_tag?post=53715"}],"curies":[{"name":"wp","href":"https:\/\/api.w.org\/{rel}","templated":true}]}}