{"id":53558,"date":"2024-12-18T17:00:32","date_gmt":"2024-12-18T15:00:32","guid":{"rendered":"https:\/\/startlan.ee\/toode\/super-facialist-naoseerum-clear-skin-probleemsele-nahale-30ml\/"},"modified":"2026-05-13T18:00:44","modified_gmt":"2026-05-13T15:00:44","slug":"super-facialist-naoseerum-clear-skin-probleemsele-nahale-30ml","status":"publish","type":"product","link":"https:\/\/startlan.ee\/en\/toode\/super-facialist-naoseerum-clear-skin-probleemsele-nahale-30ml\/","title":{"rendered":"Super Facialist N\u00e4oseerum Clear Skin probleemsele nahale 30ml"},"content":{"rendered":"<p>Kas teie nahk tekitab teile stressi? Kas teil on raske naha enesekindlana p\u00fcsida?<br \/>\nMeie v\u00f5imas Breakout Buster seerum \u00fchendab meie nahka tasakaalustava kompleksi, mis t\u00f5estatult aitab parandada niisutust, minimeerida naha kuivust ja suurendada naha barj\u00e4\u00e4rifunktsiooni. Niatsiinamiid, prebiootikumid ja teepuu teevad k\u00f5vasti t\u00f6\u00f6d, et aidata luua tervemat ja tasakaalustatud jumet, k\u00f5rvaldades samal ajal punne ja kaitstes uute tekke eest. Kasutamine: Kandke igal hommikul ja \u00f5htul 3-4 tilka s\u00f5rmeotstele ja seej\u00e4rel masseerige enne kreemi pealekandmist puhtale nahale. HOIATUSED: Ainult v\u00e4lispidiseks kasutamiseks. V\u00e4ltida silma sattumist. Kui toode satub silma, loputage kohe sooja veega. V\u00e4ltige kasutamist \u00e4rritunud v\u00f5i katkisel nahal. Hoida lastele k\u00e4ttesaamatus kohas. Looduslike koostisosade t\u00f5ttu v\u00f5ib v\u00e4rv aja jooksul ja partiideni erineda.<\/p>\n","protected":false},"excerpt":{"rendered":"<p>Kas teie nahk tekitab teile stressi? Kas teil on raske naha enesekindlana p\u00fcsida? Meie v\u00f5imas Breakout Buster seerum \u00fchendab meie&#8230;<\/p>\n","protected":false},"featured_media":55151,"comment_status":"open","ping_status":"closed","template":"","meta":{"_acf_changed":false,"inline_featured_image":false},"pwb-brand":[989],"product_brand":[],"product_cat":[865],"product_tag":[],"class_list":{"0":"post-53558","1":"product","2":"type-product","3":"status-publish","4":"has-post-thumbnail","6":"pwb-brand-superfacialist","7":"product_cat-seerumid-ja-kontsentraadid","9":"first","10":"outofstock","11":"taxable","12":"shipping-taxable","13":"purchasable","14":"product-type-simple"},"acf":[],"brands":[{"id":989,"name":"Superfacialist","slug":"superfacialist"}],"_links":{"self":[{"href":"https:\/\/startlan.ee\/en\/wp-json\/wp\/v2\/product\/53558","targetHints":{"allow":["GET"]}}],"collection":[{"href":"https:\/\/startlan.ee\/en\/wp-json\/wp\/v2\/product"}],"about":[{"href":"https:\/\/startlan.ee\/en\/wp-json\/wp\/v2\/types\/product"}],"replies":[{"embeddable":true,"href":"https:\/\/startlan.ee\/en\/wp-json\/wp\/v2\/comments?post=53558"}],"wp:featuredmedia":[{"embeddable":true,"href":"https:\/\/startlan.ee\/en\/wp-json\/wp\/v2\/media\/55151"}],"wp:attachment":[{"href":"https:\/\/startlan.ee\/en\/wp-json\/wp\/v2\/media?parent=53558"}],"wp:term":[{"taxonomy":"pwb-brand","embeddable":true,"href":"https:\/\/startlan.ee\/en\/wp-json\/wp\/v2\/pwb-brand?post=53558"},{"taxonomy":"product_brand","embeddable":true,"href":"https:\/\/startlan.ee\/en\/wp-json\/wp\/v2\/product_brand?post=53558"},{"taxonomy":"product_cat","embeddable":true,"href":"https:\/\/startlan.ee\/en\/wp-json\/wp\/v2\/product_cat?post=53558"},{"taxonomy":"product_tag","embeddable":true,"href":"https:\/\/startlan.ee\/en\/wp-json\/wp\/v2\/product_tag?post=53558"}],"curies":[{"name":"wp","href":"https:\/\/api.w.org\/{rel}","templated":true}]}}