{"id":53557,"date":"2024-12-18T17:00:32","date_gmt":"2024-12-18T15:00:32","guid":{"rendered":"https:\/\/startlan.ee\/toode\/super-facialist-naokoorija-clear-skin-pore-clarity-daily-150ml\/"},"modified":"2026-05-13T18:00:44","modified_gmt":"2026-05-13T15:00:44","slug":"super-facialist-naokoorija-clear-skin-pore-clarity-daily-150ml","status":"publish","type":"product","link":"https:\/\/startlan.ee\/en\/toode\/super-facialist-naokoorija-clear-skin-pore-clarity-daily-150ml\/","title":{"rendered":"Super Facialist N\u00e4okoorija Clear Skin Pore Clarity Daily 150ml"},"content":{"rendered":"<p>Igap\u00e4evane kooriv n\u00e4ovesi, mis on koostatud nahka tasakaalustava kompleksiga, et puhastada ja v\u00e4rskendada nahka \u00f5rnalt, aidates hoida seda puhtana ja v\u00e4ltida tulevasi nahal\u00f6\u00f6beid. Lisatud prebiootikumid aitavad s\u00e4ilitada ja kaitsta naha loomulikku barj\u00e4\u00e4ri, tasakaalustades naha mikrobioomi. Kasutamine: Igal hommikul ja \u00f5htul pigista v\u00e4ike kogus s\u00f5rmeotstele ja masseeri \u00f5rnalt niiskele n\u00e4ole ja kaelale. Loputage sooja veega ja patsutage nahk kuivaks.<\/p>\n","protected":false},"excerpt":{"rendered":"<p>Igap\u00e4evane kooriv n\u00e4ovesi, mis on koostatud nahka tasakaalustava kompleksiga, et puhastada ja v\u00e4rskendada nahka \u00f5rnalt, aidates hoida seda puhtana ja&#8230;<\/p>\n","protected":false},"featured_media":53664,"comment_status":"open","ping_status":"closed","template":"","meta":{"_acf_changed":false,"inline_featured_image":false},"pwb-brand":[989],"product_brand":[],"product_cat":[869],"product_tag":[],"class_list":{"0":"post-53557","1":"product","2":"type-product","3":"status-publish","4":"has-post-thumbnail","6":"pwb-brand-superfacialist","7":"product_cat-koorivad-kreemid","9":"first","10":"outofstock","11":"taxable","12":"shipping-taxable","13":"purchasable","14":"product-type-simple"},"acf":[],"brands":[{"id":989,"name":"Superfacialist","slug":"superfacialist"}],"_links":{"self":[{"href":"https:\/\/startlan.ee\/en\/wp-json\/wp\/v2\/product\/53557","targetHints":{"allow":["GET"]}}],"collection":[{"href":"https:\/\/startlan.ee\/en\/wp-json\/wp\/v2\/product"}],"about":[{"href":"https:\/\/startlan.ee\/en\/wp-json\/wp\/v2\/types\/product"}],"replies":[{"embeddable":true,"href":"https:\/\/startlan.ee\/en\/wp-json\/wp\/v2\/comments?post=53557"}],"wp:featuredmedia":[{"embeddable":true,"href":"https:\/\/startlan.ee\/en\/wp-json\/wp\/v2\/media\/53664"}],"wp:attachment":[{"href":"https:\/\/startlan.ee\/en\/wp-json\/wp\/v2\/media?parent=53557"}],"wp:term":[{"taxonomy":"pwb-brand","embeddable":true,"href":"https:\/\/startlan.ee\/en\/wp-json\/wp\/v2\/pwb-brand?post=53557"},{"taxonomy":"product_brand","embeddable":true,"href":"https:\/\/startlan.ee\/en\/wp-json\/wp\/v2\/product_brand?post=53557"},{"taxonomy":"product_cat","embeddable":true,"href":"https:\/\/startlan.ee\/en\/wp-json\/wp\/v2\/product_cat?post=53557"},{"taxonomy":"product_tag","embeddable":true,"href":"https:\/\/startlan.ee\/en\/wp-json\/wp\/v2\/product_tag?post=53557"}],"curies":[{"name":"wp","href":"https:\/\/api.w.org\/{rel}","templated":true}]}}