{"id":5343,"date":"2023-12-01T11:10:49","date_gmt":"2023-12-01T11:10:49","guid":{"rendered":"https:\/\/startlan.ee\/?post_type=product&#038;p=5343"},"modified":"2026-05-13T18:02:53","modified_gmt":"2026-05-13T15:02:53","slug":"m-asam-hualuroonseerum-aqua-intense-30ml","status":"publish","type":"product","link":"https:\/\/startlan.ee\/en\/toode\/m-asam-hualuroonseerum-aqua-intense-30ml\/","title":{"rendered":"M.ASAM H\u00fcaluroonseerum Aqua Intense 30ml"},"content":{"rendered":"<p>H\u00fcaluroonseerum Aqua Intense. V\u00e4ga t\u00f5hus niisutav seerum annab nahale lisaniisutuse \u2013 intensiivselt ja koheselt. M\u00f5\u00f5detav naha niiskuse paranemine 2 tunni p\u00e4rast. T\u00e4idab visuaalselt kuivusest tingitud kortse. Nahk n\u00e4eb siledam ja nooruslikum v\u00e4lja. Peale puhastamist kanda n\u00e4ole, kaelale ja dekolteepiirkonnale ning masseerida \u00f5rnalt sisse. Seej\u00e4rel j\u00e4tkake oma tavap\u00e4rase n\u00e4ohooldusega. Kasutage ainult vastavalt juhistele. V\u00e4ltida otsest kokkupuudet silmadega.<\/p>\n","protected":false},"excerpt":{"rendered":"<p>H\u00fcaluroonseerum Aqua Intense. V\u00e4ga t\u00f5hus niisutav seerum annab nahale lisaniisutuse \u2013 intensiivselt ja koheselt. M\u00f5\u00f5detav naha niiskuse paranemine 2 tunni&#8230;<\/p>\n","protected":false},"featured_media":5413,"comment_status":"open","ping_status":"closed","template":"","meta":{"_acf_changed":false,"inline_featured_image":false},"pwb-brand":[491],"product_brand":[],"product_cat":[865,936],"product_tag":[],"class_list":{"0":"post-5343","1":"product","2":"type-product","3":"status-publish","4":"has-post-thumbnail","6":"pwb-brand-m-asam","7":"product_cat-seerumid-ja-kontsentraadid","8":"product_cat-soodustooted","10":"first","11":"instock","12":"sale","13":"taxable","14":"shipping-taxable","15":"purchasable","16":"product-type-simple"},"acf":[],"brands":[{"id":491,"name":"M.Asam","slug":"m-asam"}],"_links":{"self":[{"href":"https:\/\/startlan.ee\/en\/wp-json\/wp\/v2\/product\/5343","targetHints":{"allow":["GET"]}}],"collection":[{"href":"https:\/\/startlan.ee\/en\/wp-json\/wp\/v2\/product"}],"about":[{"href":"https:\/\/startlan.ee\/en\/wp-json\/wp\/v2\/types\/product"}],"replies":[{"embeddable":true,"href":"https:\/\/startlan.ee\/en\/wp-json\/wp\/v2\/comments?post=5343"}],"wp:featuredmedia":[{"embeddable":true,"href":"https:\/\/startlan.ee\/en\/wp-json\/wp\/v2\/media\/5413"}],"wp:attachment":[{"href":"https:\/\/startlan.ee\/en\/wp-json\/wp\/v2\/media?parent=5343"}],"wp:term":[{"taxonomy":"pwb-brand","embeddable":true,"href":"https:\/\/startlan.ee\/en\/wp-json\/wp\/v2\/pwb-brand?post=5343"},{"taxonomy":"product_brand","embeddable":true,"href":"https:\/\/startlan.ee\/en\/wp-json\/wp\/v2\/product_brand?post=5343"},{"taxonomy":"product_cat","embeddable":true,"href":"https:\/\/startlan.ee\/en\/wp-json\/wp\/v2\/product_cat?post=5343"},{"taxonomy":"product_tag","embeddable":true,"href":"https:\/\/startlan.ee\/en\/wp-json\/wp\/v2\/product_tag?post=5343"}],"curies":[{"name":"wp","href":"https:\/\/api.w.org\/{rel}","templated":true}]}}