{"id":5342,"date":"2023-12-01T11:10:49","date_gmt":"2023-12-01T11:10:49","guid":{"rendered":"https:\/\/startlan.ee\/?post_type=product&#038;p=5342"},"modified":"2026-05-13T18:31:37","modified_gmt":"2026-05-13T15:31:37","slug":"m-asam-naoeerum-retinol-intense-30ml","status":"publish","type":"product","link":"https:\/\/startlan.ee\/en\/toode\/m-asam-naoeerum-retinol-intense-30ml\/","title":{"rendered":"M.ASAM N\u00e4oeerum Retinol Intense 30ml"},"content":{"rendered":"<p>N\u00e4oeerum Retinol Intense. Pinguldav retinooliseerum t\u00f5husaks kortsude v\u00e4hendamiseks. Silendab silmn\u00e4htavalt peeneid jooni ja kortse. Minimeerib poorid \u00fchtlase nahatekstuuri saamiseks. Taastav, kiiresti imenduv koostis. Elastsem ja siledam nahk p\u00e4rast esimest kasutuskorda. Kandke hommikul ja \u00f5htul n\u00e4ole. Kasutage ainult vastavalt juhistele. V\u00e4ltige kokkupuudet silmadega. Kaitske otsese p\u00e4ikesevalguse eest ja kasutage SPF-i.<\/p>\n","protected":false},"excerpt":{"rendered":"<p>N\u00e4oeerum Retinol Intense. Pinguldav retinooliseerum t\u00f5husaks kortsude v\u00e4hendamiseks. Silendab silmn\u00e4htavalt peeneid jooni ja kortse. Minimeerib poorid \u00fchtlase nahatekstuuri saamiseks. Taastav,&#8230;<\/p>\n","protected":false},"featured_media":5411,"comment_status":"open","ping_status":"closed","template":"","meta":{"_acf_changed":false,"inline_featured_image":false},"pwb-brand":[491],"product_brand":[],"product_cat":[865,936],"product_tag":[],"class_list":{"0":"post-5342","1":"product","2":"type-product","3":"status-publish","4":"has-post-thumbnail","6":"pwb-brand-m-asam","7":"product_cat-seerumid-ja-kontsentraadid","8":"product_cat-soodustooted","10":"first","11":"instock","12":"sale","13":"taxable","14":"shipping-taxable","15":"purchasable","16":"product-type-simple"},"acf":[],"brands":[{"id":491,"name":"M.Asam","slug":"m-asam"}],"_links":{"self":[{"href":"https:\/\/startlan.ee\/en\/wp-json\/wp\/v2\/product\/5342","targetHints":{"allow":["GET"]}}],"collection":[{"href":"https:\/\/startlan.ee\/en\/wp-json\/wp\/v2\/product"}],"about":[{"href":"https:\/\/startlan.ee\/en\/wp-json\/wp\/v2\/types\/product"}],"replies":[{"embeddable":true,"href":"https:\/\/startlan.ee\/en\/wp-json\/wp\/v2\/comments?post=5342"}],"wp:featuredmedia":[{"embeddable":true,"href":"https:\/\/startlan.ee\/en\/wp-json\/wp\/v2\/media\/5411"}],"wp:attachment":[{"href":"https:\/\/startlan.ee\/en\/wp-json\/wp\/v2\/media?parent=5342"}],"wp:term":[{"taxonomy":"pwb-brand","embeddable":true,"href":"https:\/\/startlan.ee\/en\/wp-json\/wp\/v2\/pwb-brand?post=5342"},{"taxonomy":"product_brand","embeddable":true,"href":"https:\/\/startlan.ee\/en\/wp-json\/wp\/v2\/product_brand?post=5342"},{"taxonomy":"product_cat","embeddable":true,"href":"https:\/\/startlan.ee\/en\/wp-json\/wp\/v2\/product_cat?post=5342"},{"taxonomy":"product_tag","embeddable":true,"href":"https:\/\/startlan.ee\/en\/wp-json\/wp\/v2\/product_tag?post=5342"}],"curies":[{"name":"wp","href":"https:\/\/api.w.org\/{rel}","templated":true}]}}