{"id":5338,"date":"2023-12-01T11:10:48","date_gmt":"2023-12-01T11:10:48","guid":{"rendered":"https:\/\/startlan.ee\/?post_type=product&#038;p=5338"},"modified":"2026-05-13T18:02:50","modified_gmt":"2026-05-13T15:02:50","slug":"m-asam-ookreem-aqua-intense-50ml","status":"publish","type":"product","link":"https:\/\/startlan.ee\/en\/toode\/m-asam-ookreem-aqua-intense-50ml\/","title":{"rendered":"M.ASAM \u00d6\u00f6kreem Aqua Intense 50ml"},"content":{"rendered":"<p>\u00d6\u00f6kreem Aqua Intense. Taastatud ja toidetud nahk \u00fcle\u00f6\u00f6. Intensiivne niisutus ja toitvad lipiidid. V\u00e4\u00e4rtusliku r\u00e4nidioksiidiga veereservuaar. Kandke \u00f5htul puhastatud n\u00e4ole ja masseerige \u00f5rnalt. Sobib ka kaelale ja dekolteele. Kasutada ainult vastavalt juhistele. V\u00e4ltida silma sattumist. Hoida lastele k\u00e4ttesaamatus kohas.<\/p>\n","protected":false},"excerpt":{"rendered":"<p>\u00d6\u00f6kreem Aqua Intense. Taastatud ja toidetud nahk \u00fcle\u00f6\u00f6. Intensiivne niisutus ja toitvad lipiidid. V\u00e4\u00e4rtusliku r\u00e4nidioksiidiga veereservuaar. Kandke \u00f5htul puhastatud n\u00e4ole&#8230;<\/p>\n","protected":false},"featured_media":5403,"comment_status":"open","ping_status":"closed","template":"","meta":{"_acf_changed":false,"inline_featured_image":false},"pwb-brand":[491],"product_brand":[],"product_cat":[864,936],"product_tag":[],"class_list":{"0":"post-5338","1":"product","2":"type-product","3":"status-publish","4":"has-post-thumbnail","6":"pwb-brand-m-asam","7":"product_cat-naokreemid","8":"product_cat-soodustooted","10":"first","11":"instock","12":"sale","13":"taxable","14":"shipping-taxable","15":"purchasable","16":"product-type-simple"},"acf":[],"brands":[{"id":491,"name":"M.Asam","slug":"m-asam"}],"_links":{"self":[{"href":"https:\/\/startlan.ee\/en\/wp-json\/wp\/v2\/product\/5338","targetHints":{"allow":["GET"]}}],"collection":[{"href":"https:\/\/startlan.ee\/en\/wp-json\/wp\/v2\/product"}],"about":[{"href":"https:\/\/startlan.ee\/en\/wp-json\/wp\/v2\/types\/product"}],"replies":[{"embeddable":true,"href":"https:\/\/startlan.ee\/en\/wp-json\/wp\/v2\/comments?post=5338"}],"wp:featuredmedia":[{"embeddable":true,"href":"https:\/\/startlan.ee\/en\/wp-json\/wp\/v2\/media\/5403"}],"wp:attachment":[{"href":"https:\/\/startlan.ee\/en\/wp-json\/wp\/v2\/media?parent=5338"}],"wp:term":[{"taxonomy":"pwb-brand","embeddable":true,"href":"https:\/\/startlan.ee\/en\/wp-json\/wp\/v2\/pwb-brand?post=5338"},{"taxonomy":"product_brand","embeddable":true,"href":"https:\/\/startlan.ee\/en\/wp-json\/wp\/v2\/product_brand?post=5338"},{"taxonomy":"product_cat","embeddable":true,"href":"https:\/\/startlan.ee\/en\/wp-json\/wp\/v2\/product_cat?post=5338"},{"taxonomy":"product_tag","embeddable":true,"href":"https:\/\/startlan.ee\/en\/wp-json\/wp\/v2\/product_tag?post=5338"}],"curies":[{"name":"wp","href":"https:\/\/api.w.org\/{rel}","templated":true}]}}