{"id":5337,"date":"2023-12-01T11:10:48","date_gmt":"2023-12-01T11:10:48","guid":{"rendered":"https:\/\/startlan.ee\/?post_type=product&#038;p=5337"},"modified":"2026-05-13T18:31:33","modified_gmt":"2026-05-13T15:31:33","slug":"m-asam-naokreem-aqua-intense-50ml","status":"publish","type":"product","link":"https:\/\/startlan.ee\/en\/toode\/m-asam-naokreem-aqua-intense-50ml\/","title":{"rendered":"M.ASAM N\u00e4okreem Aqua Intense 50ml"},"content":{"rendered":"<p>N\u00e4okreem Aqua Intense. Intensiivne pikaajaline toime eriti v\u00e4ga deh\u00fcdreeritud ja n\u00f5udlikule nahale. T\u00e4idab ja pinguldab nahka koheselt. 5-p\u00e4evase depooefektiga. Kanna puhastatud n\u00e4ole hommikul ja \u00f5htul ning masseeri \u00f5rnalt sisse. Kasuta ainult vastavalt juhistele. V\u00e4ltida silma sattumist. Hoida lastele k\u00e4ttesaamatus kohas.<\/p>\n","protected":false},"excerpt":{"rendered":"<p>N\u00e4okreem Aqua Intense. Intensiivne pikaajaline toime eriti v\u00e4ga deh\u00fcdreeritud ja n\u00f5udlikule nahale. T\u00e4idab ja pinguldab nahka koheselt. 5-p\u00e4evase depooefektiga. Kanna&#8230;<\/p>\n","protected":false},"featured_media":5401,"comment_status":"open","ping_status":"closed","template":"","meta":{"_acf_changed":false,"inline_featured_image":false},"pwb-brand":[491],"product_brand":[],"product_cat":[864,936],"product_tag":[],"class_list":{"0":"post-5337","1":"product","2":"type-product","3":"status-publish","4":"has-post-thumbnail","6":"pwb-brand-m-asam","7":"product_cat-naokreemid","8":"product_cat-soodustooted","10":"first","11":"instock","12":"sale","13":"taxable","14":"shipping-taxable","15":"purchasable","16":"product-type-simple"},"acf":[],"brands":[{"id":491,"name":"M.Asam","slug":"m-asam"}],"_links":{"self":[{"href":"https:\/\/startlan.ee\/en\/wp-json\/wp\/v2\/product\/5337","targetHints":{"allow":["GET"]}}],"collection":[{"href":"https:\/\/startlan.ee\/en\/wp-json\/wp\/v2\/product"}],"about":[{"href":"https:\/\/startlan.ee\/en\/wp-json\/wp\/v2\/types\/product"}],"replies":[{"embeddable":true,"href":"https:\/\/startlan.ee\/en\/wp-json\/wp\/v2\/comments?post=5337"}],"wp:featuredmedia":[{"embeddable":true,"href":"https:\/\/startlan.ee\/en\/wp-json\/wp\/v2\/media\/5401"}],"wp:attachment":[{"href":"https:\/\/startlan.ee\/en\/wp-json\/wp\/v2\/media?parent=5337"}],"wp:term":[{"taxonomy":"pwb-brand","embeddable":true,"href":"https:\/\/startlan.ee\/en\/wp-json\/wp\/v2\/pwb-brand?post=5337"},{"taxonomy":"product_brand","embeddable":true,"href":"https:\/\/startlan.ee\/en\/wp-json\/wp\/v2\/product_brand?post=5337"},{"taxonomy":"product_cat","embeddable":true,"href":"https:\/\/startlan.ee\/en\/wp-json\/wp\/v2\/product_cat?post=5337"},{"taxonomy":"product_tag","embeddable":true,"href":"https:\/\/startlan.ee\/en\/wp-json\/wp\/v2\/product_tag?post=5337"}],"curies":[{"name":"wp","href":"https:\/\/api.w.org\/{rel}","templated":true}]}}