{"id":5336,"date":"2023-12-01T11:10:48","date_gmt":"2023-12-01T11:10:48","guid":{"rendered":"https:\/\/startlan.ee\/?post_type=product&#038;p=5336"},"modified":"2026-05-13T18:02:49","modified_gmt":"2026-05-13T15:02:49","slug":"m-asam-naotoonik-aqua-intense-200ml","status":"publish","type":"product","link":"https:\/\/startlan.ee\/en\/toode\/m-asam-naotoonik-aqua-intense-200ml\/","title":{"rendered":"M.ASAM N\u00e4otoonik Aqua Intense 200ml"},"content":{"rendered":"<p>N\u00e4otoonik Aqua Intense. Puhastav ja v\u00e4rskendav toonik, mida kasutada p\u00e4rast naha puhastamist. Rahustav ja tasakaalustav. Elustab ja elavdab nahka. Valmistab naha ette j\u00e4rgnevateks nahahooldustoodeteks. Peale puhastamist kanda n\u00e4ole, kaelale ja dekolteepiirkonnale ning masseerida \u00f5rnalt sisse. Seej\u00e4rel j\u00e4tkake oma tavap\u00e4rase n\u00e4ohooldusega. Kasutage ainult vastavalt juhistele. V\u00e4ltida silma sattumist. Hoida lastele k\u00e4ttesaamatus kohas.<\/p>\n","protected":false},"excerpt":{"rendered":"<p>N\u00e4otoonik Aqua Intense. Puhastav ja v\u00e4rskendav toonik, mida kasutada p\u00e4rast naha puhastamist. Rahustav ja tasakaalustav. Elustab ja elavdab nahka. Valmistab&#8230;<\/p>\n","protected":false},"featured_media":5399,"comment_status":"open","ping_status":"closed","template":"","meta":{"_acf_changed":false,"inline_featured_image":false},"pwb-brand":[491],"product_brand":[],"product_cat":[867,936],"product_tag":[],"class_list":{"0":"post-5336","1":"product","2":"type-product","3":"status-publish","4":"has-post-thumbnail","6":"pwb-brand-m-asam","7":"product_cat-puhastus-meigieemaldus","8":"product_cat-soodustooted","10":"first","11":"instock","12":"sale","13":"taxable","14":"shipping-taxable","15":"purchasable","16":"product-type-simple"},"acf":[],"brands":[{"id":491,"name":"M.Asam","slug":"m-asam"}],"_links":{"self":[{"href":"https:\/\/startlan.ee\/en\/wp-json\/wp\/v2\/product\/5336","targetHints":{"allow":["GET"]}}],"collection":[{"href":"https:\/\/startlan.ee\/en\/wp-json\/wp\/v2\/product"}],"about":[{"href":"https:\/\/startlan.ee\/en\/wp-json\/wp\/v2\/types\/product"}],"replies":[{"embeddable":true,"href":"https:\/\/startlan.ee\/en\/wp-json\/wp\/v2\/comments?post=5336"}],"wp:featuredmedia":[{"embeddable":true,"href":"https:\/\/startlan.ee\/en\/wp-json\/wp\/v2\/media\/5399"}],"wp:attachment":[{"href":"https:\/\/startlan.ee\/en\/wp-json\/wp\/v2\/media?parent=5336"}],"wp:term":[{"taxonomy":"pwb-brand","embeddable":true,"href":"https:\/\/startlan.ee\/en\/wp-json\/wp\/v2\/pwb-brand?post=5336"},{"taxonomy":"product_brand","embeddable":true,"href":"https:\/\/startlan.ee\/en\/wp-json\/wp\/v2\/product_brand?post=5336"},{"taxonomy":"product_cat","embeddable":true,"href":"https:\/\/startlan.ee\/en\/wp-json\/wp\/v2\/product_cat?post=5336"},{"taxonomy":"product_tag","embeddable":true,"href":"https:\/\/startlan.ee\/en\/wp-json\/wp\/v2\/product_tag?post=5336"}],"curies":[{"name":"wp","href":"https:\/\/api.w.org\/{rel}","templated":true}]}}