{"id":5335,"date":"2023-12-01T11:10:48","date_gmt":"2023-12-01T11:10:48","guid":{"rendered":"https:\/\/startlan.ee\/?post_type=product&#038;p=5335"},"modified":"2026-05-13T18:02:49","modified_gmt":"2026-05-13T15:02:49","slug":"m-asam-naomask-aqua-intense-100ml","status":"publish","type":"product","link":"https:\/\/startlan.ee\/en\/toode\/m-asam-naomask-aqua-intense-100ml\/","title":{"rendered":"M.ASAM N\u00e4omask Aqua Intense 100ml"},"content":{"rendered":"<p>N\u00e4omask Aqua Intense. Koheselt siledam ja intensiivselt niisutatum nahk. Pinguldab kuivusest tingitud kortse. V\u00e4rskendav ja jahutav geeljas tekstuur. N\u00e4htavalt t\u00e4idlasena jume saavutamiseks. Kanna \u00fchtlaselt puhastatud n\u00e4ole 1-2 korda n\u00e4dalas ja lase m\u00f5juda 5 minutit. Eemaldage j\u00e4\u00e4gid \u00f5rnalt vatipadjaga v\u00f5i masseerige sisse. Sobib ka kaelale ja dekolteele. Kasutage ainult vastavalt juhistele. V\u00e4ltida otsest kokkupuudet silmadega. Hoida lastele k\u00e4ttesaamatus kohas.<\/p>\n","protected":false},"excerpt":{"rendered":"<p>N\u00e4omask Aqua Intense. Koheselt siledam ja intensiivselt niisutatum nahk. Pinguldab kuivusest tingitud kortse. V\u00e4rskendav ja jahutav geeljas tekstuur. N\u00e4htavalt t\u00e4idlasena&#8230;<\/p>\n","protected":false},"featured_media":5397,"comment_status":"open","ping_status":"closed","template":"","meta":{"_acf_changed":false,"inline_featured_image":false},"pwb-brand":[491],"product_brand":[],"product_cat":[866,936],"product_tag":[],"class_list":{"0":"post-5335","1":"product","2":"type-product","3":"status-publish","4":"has-post-thumbnail","6":"pwb-brand-m-asam","7":"product_cat-maskid-nagu","8":"product_cat-soodustooted","10":"first","11":"instock","12":"sale","13":"taxable","14":"shipping-taxable","15":"purchasable","16":"product-type-simple"},"acf":[],"brands":[{"id":491,"name":"M.Asam","slug":"m-asam"}],"_links":{"self":[{"href":"https:\/\/startlan.ee\/en\/wp-json\/wp\/v2\/product\/5335","targetHints":{"allow":["GET"]}}],"collection":[{"href":"https:\/\/startlan.ee\/en\/wp-json\/wp\/v2\/product"}],"about":[{"href":"https:\/\/startlan.ee\/en\/wp-json\/wp\/v2\/types\/product"}],"replies":[{"embeddable":true,"href":"https:\/\/startlan.ee\/en\/wp-json\/wp\/v2\/comments?post=5335"}],"wp:featuredmedia":[{"embeddable":true,"href":"https:\/\/startlan.ee\/en\/wp-json\/wp\/v2\/media\/5397"}],"wp:attachment":[{"href":"https:\/\/startlan.ee\/en\/wp-json\/wp\/v2\/media?parent=5335"}],"wp:term":[{"taxonomy":"pwb-brand","embeddable":true,"href":"https:\/\/startlan.ee\/en\/wp-json\/wp\/v2\/pwb-brand?post=5335"},{"taxonomy":"product_brand","embeddable":true,"href":"https:\/\/startlan.ee\/en\/wp-json\/wp\/v2\/product_brand?post=5335"},{"taxonomy":"product_cat","embeddable":true,"href":"https:\/\/startlan.ee\/en\/wp-json\/wp\/v2\/product_cat?post=5335"},{"taxonomy":"product_tag","embeddable":true,"href":"https:\/\/startlan.ee\/en\/wp-json\/wp\/v2\/product_tag?post=5335"}],"curies":[{"name":"wp","href":"https:\/\/api.w.org\/{rel}","templated":true}]}}