{"id":5334,"date":"2023-12-01T11:10:48","date_gmt":"2023-12-01T11:10:48","guid":{"rendered":"https:\/\/startlan.ee\/?post_type=product&#038;p=5334"},"modified":"2026-05-13T18:31:33","modified_gmt":"2026-05-13T15:31:33","slug":"m-asam-naokoorija-aqua-intense-500ml","status":"publish","type":"product","link":"https:\/\/startlan.ee\/en\/toode\/m-asam-naokoorija-aqua-intense-500ml\/","title":{"rendered":"M.ASAM N\u00e4okoorija Aqua Intense 500ml"},"content":{"rendered":"<p>N\u00e4okoorija Aqua Intense. Eriti tundlik kooriv kreem n\u00e4ole ja kehale. Puhastab ja niisutab \u00fche sammuga. Toetab naha uuenemisprotsessi. Kandke niiskele nahale, masseerige \u00f5rnalt ringjate liigutustega ja loputage sooja veega. Koorijat v\u00f5ib kasutada ka n\u00e4ol. Kasutage ainult vastavalt juhistele. V\u00e4ltida silma sattumist. Hoida lastele k\u00e4ttesaamatus kohas.<\/p>\n","protected":false},"excerpt":{"rendered":"<p>N\u00e4okoorija Aqua Intense. Eriti tundlik kooriv kreem n\u00e4ole ja kehale. Puhastab ja niisutab \u00fche sammuga. Toetab naha uuenemisprotsessi. Kandke niiskele&#8230;<\/p>\n","protected":false},"featured_media":5395,"comment_status":"open","ping_status":"closed","template":"","meta":{"_acf_changed":false,"inline_featured_image":false},"pwb-brand":[491],"product_brand":[],"product_cat":[867,869,936],"product_tag":[],"class_list":{"0":"post-5334","1":"product","2":"type-product","3":"status-publish","4":"has-post-thumbnail","6":"pwb-brand-m-asam","7":"product_cat-puhastus-meigieemaldus","8":"product_cat-koorivad-kreemid","9":"product_cat-soodustooted","11":"first","12":"instock","13":"sale","14":"taxable","15":"shipping-taxable","16":"purchasable","17":"product-type-simple"},"acf":[],"brands":[{"id":491,"name":"M.Asam","slug":"m-asam"}],"_links":{"self":[{"href":"https:\/\/startlan.ee\/en\/wp-json\/wp\/v2\/product\/5334","targetHints":{"allow":["GET"]}}],"collection":[{"href":"https:\/\/startlan.ee\/en\/wp-json\/wp\/v2\/product"}],"about":[{"href":"https:\/\/startlan.ee\/en\/wp-json\/wp\/v2\/types\/product"}],"replies":[{"embeddable":true,"href":"https:\/\/startlan.ee\/en\/wp-json\/wp\/v2\/comments?post=5334"}],"wp:featuredmedia":[{"embeddable":true,"href":"https:\/\/startlan.ee\/en\/wp-json\/wp\/v2\/media\/5395"}],"wp:attachment":[{"href":"https:\/\/startlan.ee\/en\/wp-json\/wp\/v2\/media?parent=5334"}],"wp:term":[{"taxonomy":"pwb-brand","embeddable":true,"href":"https:\/\/startlan.ee\/en\/wp-json\/wp\/v2\/pwb-brand?post=5334"},{"taxonomy":"product_brand","embeddable":true,"href":"https:\/\/startlan.ee\/en\/wp-json\/wp\/v2\/product_brand?post=5334"},{"taxonomy":"product_cat","embeddable":true,"href":"https:\/\/startlan.ee\/en\/wp-json\/wp\/v2\/product_cat?post=5334"},{"taxonomy":"product_tag","embeddable":true,"href":"https:\/\/startlan.ee\/en\/wp-json\/wp\/v2\/product_tag?post=5334"}],"curies":[{"name":"wp","href":"https:\/\/api.w.org\/{rel}","templated":true}]}}