{"id":5333,"date":"2023-12-01T11:10:48","date_gmt":"2023-12-01T11:10:48","guid":{"rendered":"https:\/\/startlan.ee\/?post_type=product&#038;p=5333"},"modified":"2026-05-13T18:02:49","modified_gmt":"2026-05-13T15:02:49","slug":"m-asam-naopuhastaja-aqua-intense-200ml","status":"publish","type":"product","link":"https:\/\/startlan.ee\/en\/toode\/m-asam-naopuhastaja-aqua-intense-200ml\/","title":{"rendered":"M.ASAM N\u00e4opuhastusgeel Aqua Intense 200ml"},"content":{"rendered":"<p>N\u00e4opuhastusgeel Aqua Intense. Kerge puhastus ja \u00f5rn koorimine \u00fches tootes. V\u00e4rskendab nahka iga p\u00e4ev ilma seda kuivatamata. \u00d5rn nahale, tugev mustuse ja meigi vastu. Kandke puhastusvahend n\u00e4ole hommikul ja \u00f5htul ning eemaldage niiske vatipadjakese v\u00f5i sooja veega. Kasutage ainult vastavalt juhistele. V\u00e4ltida otsest kokkupuudet silmadega.<\/p>\n","protected":false},"excerpt":{"rendered":"<p>N\u00e4opuhastusgeel Aqua Intense. Kerge puhastus ja \u00f5rn koorimine \u00fches tootes. V\u00e4rskendab nahka iga p\u00e4ev ilma seda kuivatamata. \u00d5rn nahale, tugev&#8230;<\/p>\n","protected":false},"featured_media":5393,"comment_status":"open","ping_status":"closed","template":"","meta":{"_acf_changed":false,"inline_featured_image":false},"pwb-brand":[491],"product_brand":[],"product_cat":[867,936],"product_tag":[],"class_list":{"0":"post-5333","1":"product","2":"type-product","3":"status-publish","4":"has-post-thumbnail","6":"pwb-brand-m-asam","7":"product_cat-puhastus-meigieemaldus","8":"product_cat-soodustooted","10":"first","11":"instock","12":"sale","13":"taxable","14":"shipping-taxable","15":"purchasable","16":"product-type-simple"},"acf":[],"brands":[{"id":491,"name":"M.Asam","slug":"m-asam"}],"_links":{"self":[{"href":"https:\/\/startlan.ee\/en\/wp-json\/wp\/v2\/product\/5333","targetHints":{"allow":["GET"]}}],"collection":[{"href":"https:\/\/startlan.ee\/en\/wp-json\/wp\/v2\/product"}],"about":[{"href":"https:\/\/startlan.ee\/en\/wp-json\/wp\/v2\/types\/product"}],"replies":[{"embeddable":true,"href":"https:\/\/startlan.ee\/en\/wp-json\/wp\/v2\/comments?post=5333"}],"wp:featuredmedia":[{"embeddable":true,"href":"https:\/\/startlan.ee\/en\/wp-json\/wp\/v2\/media\/5393"}],"wp:attachment":[{"href":"https:\/\/startlan.ee\/en\/wp-json\/wp\/v2\/media?parent=5333"}],"wp:term":[{"taxonomy":"pwb-brand","embeddable":true,"href":"https:\/\/startlan.ee\/en\/wp-json\/wp\/v2\/pwb-brand?post=5333"},{"taxonomy":"product_brand","embeddable":true,"href":"https:\/\/startlan.ee\/en\/wp-json\/wp\/v2\/product_brand?post=5333"},{"taxonomy":"product_cat","embeddable":true,"href":"https:\/\/startlan.ee\/en\/wp-json\/wp\/v2\/product_cat?post=5333"},{"taxonomy":"product_tag","embeddable":true,"href":"https:\/\/startlan.ee\/en\/wp-json\/wp\/v2\/product_tag?post=5333"}],"curies":[{"name":"wp","href":"https:\/\/api.w.org\/{rel}","templated":true}]}}