{"id":5332,"date":"2023-12-01T11:10:48","date_gmt":"2023-12-01T11:10:48","guid":{"rendered":"https:\/\/startlan.ee\/?post_type=product&#038;p=5332"},"modified":"2026-05-13T16:02:52","modified_gmt":"2026-05-13T13:02:52","slug":"m-asam-silmaumbruskreem-aqua-intense-30ml","status":"publish","type":"product","link":"https:\/\/startlan.ee\/en\/toode\/m-asam-silmaumbruskreem-aqua-intense-30ml\/","title":{"rendered":"M.ASAM Silma\u00fcmbruskreem Aqua Intense 30ml"},"content":{"rendered":"<p>Silma\u00fcmbruskreem Aqua Intense. Tugevdab ja kaitseb \u00f5rna silma\u00fcmbrust. Pikaajaline niiskus. V\u00e4hendab tumedaid ringe ja varjusid silmade all. Kandke hommikul ja \u00f5htul puhastatud silma\u00fcmbrusele ja patsutage \u00f5rnalt. Kasutage ainult vastavalt juhistele. V\u00e4ltida otsest kokkupuudet silmadega.<\/p>\n","protected":false},"excerpt":{"rendered":"<p>Silma\u00fcmbruskreem Aqua Intense. Tugevdab ja kaitseb \u00f5rna silma\u00fcmbrust. Pikaajaline niiskus. V\u00e4hendab tumedaid ringe ja varjusid silmade all. Kandke hommikul ja&#8230;<\/p>\n","protected":false},"featured_media":5374,"comment_status":"open","ping_status":"closed","template":"","meta":{"_acf_changed":false,"inline_featured_image":false},"pwb-brand":[491],"product_brand":[],"product_cat":[940,936],"product_tag":[],"class_list":{"0":"post-5332","1":"product","2":"type-product","3":"status-publish","4":"has-post-thumbnail","6":"pwb-brand-m-asam","7":"product_cat-silmahooldus","8":"product_cat-soodustooted","10":"first","11":"instock","12":"sale","13":"taxable","14":"shipping-taxable","15":"purchasable","16":"product-type-simple"},"acf":[],"brands":[{"id":491,"name":"M.Asam","slug":"m-asam"}],"_links":{"self":[{"href":"https:\/\/startlan.ee\/en\/wp-json\/wp\/v2\/product\/5332","targetHints":{"allow":["GET"]}}],"collection":[{"href":"https:\/\/startlan.ee\/en\/wp-json\/wp\/v2\/product"}],"about":[{"href":"https:\/\/startlan.ee\/en\/wp-json\/wp\/v2\/types\/product"}],"replies":[{"embeddable":true,"href":"https:\/\/startlan.ee\/en\/wp-json\/wp\/v2\/comments?post=5332"}],"wp:featuredmedia":[{"embeddable":true,"href":"https:\/\/startlan.ee\/en\/wp-json\/wp\/v2\/media\/5374"}],"wp:attachment":[{"href":"https:\/\/startlan.ee\/en\/wp-json\/wp\/v2\/media?parent=5332"}],"wp:term":[{"taxonomy":"pwb-brand","embeddable":true,"href":"https:\/\/startlan.ee\/en\/wp-json\/wp\/v2\/pwb-brand?post=5332"},{"taxonomy":"product_brand","embeddable":true,"href":"https:\/\/startlan.ee\/en\/wp-json\/wp\/v2\/product_brand?post=5332"},{"taxonomy":"product_cat","embeddable":true,"href":"https:\/\/startlan.ee\/en\/wp-json\/wp\/v2\/product_cat?post=5332"},{"taxonomy":"product_tag","embeddable":true,"href":"https:\/\/startlan.ee\/en\/wp-json\/wp\/v2\/product_tag?post=5332"}],"curies":[{"name":"wp","href":"https:\/\/api.w.org\/{rel}","templated":true}]}}