{"id":53179,"date":"2024-12-03T11:00:34","date_gmt":"2024-12-03T09:00:34","guid":{"rendered":"https:\/\/startlan.ee\/toode\/super-facialist-geelkreem-clear-skin-75ml\/"},"modified":"2026-05-13T18:00:44","modified_gmt":"2026-05-13T15:00:44","slug":"super-facialist-geelkreem-clear-skin-75ml","status":"publish","type":"product","link":"https:\/\/startlan.ee\/en\/toode\/super-facialist-geelkreem-clear-skin-75ml\/","title":{"rendered":"Super Facialist Geelkreem Clear Skin 75ml"},"content":{"rendered":"<p>Kas teie nahk tekitab teile stressi? Kas teil on raske naha enesekindlana p\u00fcsida?<\/p>\n<p>Niisutav igap\u00e4evane kreem, mis on koostatud nahka tasakaalustava kompleksiga, et aidata nahka niisutada, tagades, et see p\u00fcsib h\u00fcdreeritud kogu p\u00e4eva, hoides samas eemal rasust. Tugevdatud niatsiinamiidiga, mis aitab v\u00e4hendada rasueritust. Kasutamine: Igal hommikul ja \u00f5htul kanda puhtale nahale.<br \/>\nHOIATUSED: Ainult v\u00e4lispidiseks kasutamiseks. V\u00e4ltida silma sattumist. Kui toode satub silma, loputage kohe sooja veega. V\u00e4ltige kasutamist \u00e4rritunud v\u00f5i purunenud nahal. Hoida lastele k\u00e4ttesaamatus kohas. Looduslike koostisosade t\u00f5ttu v\u00f5ib v\u00e4rv aja jooksul ja partiideni erineda. \u00c4rrituse ilmnemisel katkestada toote kasutamine.<\/p>\n","protected":false},"excerpt":{"rendered":"<p>Kas teie nahk tekitab teile stressi? Kas teil on raske naha enesekindlana p\u00fcsida? Niisutav igap\u00e4evane kreem, mis on koostatud nahka&#8230;<\/p>\n","protected":false},"featured_media":53414,"comment_status":"open","ping_status":"closed","template":"","meta":{"_acf_changed":false,"inline_featured_image":false},"pwb-brand":[989],"product_brand":[],"product_cat":[864],"product_tag":[],"class_list":{"0":"post-53179","1":"product","2":"type-product","3":"status-publish","4":"has-post-thumbnail","6":"pwb-brand-superfacialist","7":"product_cat-naokreemid","9":"first","10":"outofstock","11":"taxable","12":"shipping-taxable","13":"purchasable","14":"product-type-simple"},"acf":[],"brands":[{"id":989,"name":"Superfacialist","slug":"superfacialist"}],"_links":{"self":[{"href":"https:\/\/startlan.ee\/en\/wp-json\/wp\/v2\/product\/53179","targetHints":{"allow":["GET"]}}],"collection":[{"href":"https:\/\/startlan.ee\/en\/wp-json\/wp\/v2\/product"}],"about":[{"href":"https:\/\/startlan.ee\/en\/wp-json\/wp\/v2\/types\/product"}],"replies":[{"embeddable":true,"href":"https:\/\/startlan.ee\/en\/wp-json\/wp\/v2\/comments?post=53179"}],"wp:featuredmedia":[{"embeddable":true,"href":"https:\/\/startlan.ee\/en\/wp-json\/wp\/v2\/media\/53414"}],"wp:attachment":[{"href":"https:\/\/startlan.ee\/en\/wp-json\/wp\/v2\/media?parent=53179"}],"wp:term":[{"taxonomy":"pwb-brand","embeddable":true,"href":"https:\/\/startlan.ee\/en\/wp-json\/wp\/v2\/pwb-brand?post=53179"},{"taxonomy":"product_brand","embeddable":true,"href":"https:\/\/startlan.ee\/en\/wp-json\/wp\/v2\/product_brand?post=53179"},{"taxonomy":"product_cat","embeddable":true,"href":"https:\/\/startlan.ee\/en\/wp-json\/wp\/v2\/product_cat?post=53179"},{"taxonomy":"product_tag","embeddable":true,"href":"https:\/\/startlan.ee\/en\/wp-json\/wp\/v2\/product_tag?post=53179"}],"curies":[{"name":"wp","href":"https:\/\/api.w.org\/{rel}","templated":true}]}}