{"id":53178,"date":"2024-12-03T11:00:34","date_gmt":"2024-12-03T09:00:34","guid":{"rendered":"https:\/\/startlan.ee\/toode\/super-facialist-naopesuvaht-salitsuulhappega150ml\/"},"modified":"2026-05-13T18:00:43","modified_gmt":"2026-05-13T15:00:43","slug":"super-facialist-naopesugeel-salitsuulhappega150ml","status":"publish","type":"product","link":"https:\/\/startlan.ee\/en\/toode\/super-facialist-naopesugeel-salitsuulhappega150ml\/","title":{"rendered":"Super Facialist N\u00e4opesugeel Salits\u00fc\u00fclhappega150ml"},"content":{"rendered":"<p>M\u00f5eldud eba\u00fchtlasele, rasusele ja stressis nahale. Toiteallikaks on p\u00f5letikuvastane salits\u00fc\u00fclhape, superkangelane niatsiinamiid, mis aitab ravida laike, ja leedri\u00f5ie ekstrakt, mis muudab jume tasakaalustatumaks. V\u00e4rskendav geelpuhastusvahend eemaldab meigi, igap\u00e4evase mustuse ja saaste, et nahk oleks \u00fclipehme, puhas ja klaari v\u00e4limusega.<br \/>\nKasutamine: Puhastage hommikul ja \u00f5htul. Kanda toodet s\u00f5rmeotstele ja masseerida ringjate liigutustega \u00f5rnalt n\u00e4ole, kaelale ja dekolteepiirkonnale. Loputage leige veega v\u00f5i soojas vees niisutatud flanelliga ja patsutage nahk kuivaks. HOIATUSED: Ainult v\u00e4lispidiseks kasutamiseks. V\u00e4ltida silma sattumist. Kui toode satub silma, loputage kohe sooja veega. V\u00e4ltige kasutamist \u00e4rritunud v\u00f5i katkisel nahal. Hoida lastele k\u00e4ttesaamatus kohas. Looduslike koostisosade t\u00f5ttu v\u00f5ib v\u00e4rv aja jooksul ja partiideni erineda. \u00c4rrituse ilmnemisel katkestada toote kasutamine.<\/p>\n","protected":false},"excerpt":{"rendered":"<p>M\u00f5eldud eba\u00fchtlasele, rasusele ja stressis nahale. Toiteallikaks on p\u00f5letikuvastane salits\u00fc\u00fclhape, superkangelane niatsiinamiid, mis aitab ravida laike, ja leedri\u00f5ie ekstrakt, mis&#8230;<\/p>\n","protected":false},"featured_media":53417,"comment_status":"open","ping_status":"closed","template":"","meta":{"_acf_changed":false,"inline_featured_image":false},"pwb-brand":[989],"product_brand":[],"product_cat":[867],"product_tag":[],"class_list":{"0":"post-53178","1":"product","2":"type-product","3":"status-publish","4":"has-post-thumbnail","6":"pwb-brand-superfacialist","7":"product_cat-puhastus-meigieemaldus","9":"first","10":"instock","11":"taxable","12":"shipping-taxable","13":"purchasable","14":"product-type-simple"},"acf":[],"brands":[{"id":989,"name":"Superfacialist","slug":"superfacialist"}],"_links":{"self":[{"href":"https:\/\/startlan.ee\/en\/wp-json\/wp\/v2\/product\/53178","targetHints":{"allow":["GET"]}}],"collection":[{"href":"https:\/\/startlan.ee\/en\/wp-json\/wp\/v2\/product"}],"about":[{"href":"https:\/\/startlan.ee\/en\/wp-json\/wp\/v2\/types\/product"}],"replies":[{"embeddable":true,"href":"https:\/\/startlan.ee\/en\/wp-json\/wp\/v2\/comments?post=53178"}],"wp:featuredmedia":[{"embeddable":true,"href":"https:\/\/startlan.ee\/en\/wp-json\/wp\/v2\/media\/53417"}],"wp:attachment":[{"href":"https:\/\/startlan.ee\/en\/wp-json\/wp\/v2\/media?parent=53178"}],"wp:term":[{"taxonomy":"pwb-brand","embeddable":true,"href":"https:\/\/startlan.ee\/en\/wp-json\/wp\/v2\/pwb-brand?post=53178"},{"taxonomy":"product_brand","embeddable":true,"href":"https:\/\/startlan.ee\/en\/wp-json\/wp\/v2\/product_brand?post=53178"},{"taxonomy":"product_cat","embeddable":true,"href":"https:\/\/startlan.ee\/en\/wp-json\/wp\/v2\/product_cat?post=53178"},{"taxonomy":"product_tag","embeddable":true,"href":"https:\/\/startlan.ee\/en\/wp-json\/wp\/v2\/product_tag?post=53178"}],"curies":[{"name":"wp","href":"https:\/\/api.w.org\/{rel}","templated":true}]}}