{"id":5309,"date":"2023-12-01T11:10:26","date_gmt":"2023-12-01T11:10:26","guid":{"rendered":"https:\/\/startlan.ee\/?post_type=product&#038;p=5309"},"modified":"2026-05-13T16:02:56","modified_gmt":"2026-05-13T13:02:56","slug":"m-asam-silmaumbruspalsam-retinol-intense-30ml","status":"publish","type":"product","link":"https:\/\/startlan.ee\/en\/toode\/m-asam-silmaumbruspalsam-retinol-intense-30ml\/","title":{"rendered":"M.ASAM Silma\u00fcmbruspalsam Retinol Intense 30ml"},"content":{"rendered":"<p>Silma\u00fcmbrusbalsam Retinol Intense. Rikkalik silmapalsam retinooliga t\u00f5husaks kortsude v\u00e4hendamiseks: silub jooni ja kortse tundlikul silma\u00fcmbruse nahal. Koos toitvate lipiididega neutraliseerib retinool naha vananemise m\u00e4rke ja toetab naha taastumist. Nahk tundub \u00fchtlane ja sile. Kandke hommikul ja \u00f5htul silmade \u00fcmber. Kasutage ainult vastavalt juhistele. V\u00e4ltida silma sattumist. Hoida lastele k\u00e4ttesaamatus kohas.<\/p>\n","protected":false},"excerpt":{"rendered":"<p>Silma\u00fcmbrusbalsam Retinol Intense. Rikkalik silmapalsam retinooliga t\u00f5husaks kortsude v\u00e4hendamiseks: silub jooni ja kortse tundlikul silma\u00fcmbruse nahal. Koos toitvate lipiididega neutraliseerib&#8230;<\/p>\n","protected":false},"featured_media":5372,"comment_status":"open","ping_status":"closed","template":"","meta":{"_acf_changed":false,"inline_featured_image":false},"pwb-brand":[491],"product_brand":[],"product_cat":[940,936],"product_tag":[],"class_list":{"0":"post-5309","1":"product","2":"type-product","3":"status-publish","4":"has-post-thumbnail","6":"pwb-brand-m-asam","7":"product_cat-silmahooldus","8":"product_cat-soodustooted","10":"first","11":"instock","12":"sale","13":"taxable","14":"shipping-taxable","15":"purchasable","16":"product-type-simple"},"acf":[],"brands":[{"id":491,"name":"M.Asam","slug":"m-asam"}],"_links":{"self":[{"href":"https:\/\/startlan.ee\/en\/wp-json\/wp\/v2\/product\/5309","targetHints":{"allow":["GET"]}}],"collection":[{"href":"https:\/\/startlan.ee\/en\/wp-json\/wp\/v2\/product"}],"about":[{"href":"https:\/\/startlan.ee\/en\/wp-json\/wp\/v2\/types\/product"}],"replies":[{"embeddable":true,"href":"https:\/\/startlan.ee\/en\/wp-json\/wp\/v2\/comments?post=5309"}],"wp:featuredmedia":[{"embeddable":true,"href":"https:\/\/startlan.ee\/en\/wp-json\/wp\/v2\/media\/5372"}],"wp:attachment":[{"href":"https:\/\/startlan.ee\/en\/wp-json\/wp\/v2\/media?parent=5309"}],"wp:term":[{"taxonomy":"pwb-brand","embeddable":true,"href":"https:\/\/startlan.ee\/en\/wp-json\/wp\/v2\/pwb-brand?post=5309"},{"taxonomy":"product_brand","embeddable":true,"href":"https:\/\/startlan.ee\/en\/wp-json\/wp\/v2\/product_brand?post=5309"},{"taxonomy":"product_cat","embeddable":true,"href":"https:\/\/startlan.ee\/en\/wp-json\/wp\/v2\/product_cat?post=5309"},{"taxonomy":"product_tag","embeddable":true,"href":"https:\/\/startlan.ee\/en\/wp-json\/wp\/v2\/product_tag?post=5309"}],"curies":[{"name":"wp","href":"https:\/\/api.w.org\/{rel}","templated":true}]}}