{"id":5308,"date":"2023-12-01T11:10:26","date_gmt":"2023-12-01T11:10:26","guid":{"rendered":"https:\/\/startlan.ee\/?post_type=product&#038;p=5308"},"modified":"2026-05-13T18:02:52","modified_gmt":"2026-05-13T15:02:52","slug":"m-asam-naooli-collagen-lift-50ml","status":"publish","type":"product","link":"https:\/\/startlan.ee\/en\/toode\/m-asam-naooli-collagen-lift-50ml\/","title":{"rendered":"M.ASAM N\u00e4o\u00f5li Collagen Lift 50ml"},"content":{"rendered":"<p>N\u00e4o\u00f5li Collagen Lift. Pinguldav \u00f5li taimse kollageeni v\u00f5imendajaga. Stimuleerib kollageeni s\u00fcnteesi. Ideaalne deh\u00fcdreeritud nahale t\u00e4nu erinevatele toitvatele \u00f5lidele. Pinguldatud naha struktuur ja pehme naha tunne. Rohkem elastsust ja vastupidavust. Kandke v\u00e4ike kogus puhastatud nahale hommikul v\u00f5i \u00f5htul ning masseerige \u00f5rnalt. Vajadusel kandke peale hoolduskreemi. Kasutage ainult vastavalt juhistele. V\u00e4ltida silma sattumist. Hoida lastele k\u00e4ttesaamatus kohas. Hoidke toodet jahedas ja kuivas kohas. Kaitske toodet otsese p\u00e4ikesevalguse eest.<\/p>\n","protected":false},"excerpt":{"rendered":"<p>N\u00e4o\u00f5li Collagen Lift. Pinguldav \u00f5li taimse kollageeni v\u00f5imendajaga. Stimuleerib kollageeni s\u00fcnteesi. Ideaalne deh\u00fcdreeritud nahale t\u00e4nu erinevatele toitvatele \u00f5lidele. Pinguldatud naha&#8230;<\/p>\n","protected":false},"featured_media":5370,"comment_status":"open","ping_status":"closed","template":"","meta":{"_acf_changed":false,"inline_featured_image":false},"pwb-brand":[491],"product_brand":[],"product_cat":[865,936],"product_tag":[],"class_list":{"0":"post-5308","1":"product","2":"type-product","3":"status-publish","4":"has-post-thumbnail","6":"pwb-brand-m-asam","7":"product_cat-seerumid-ja-kontsentraadid","8":"product_cat-soodustooted","10":"first","11":"instock","12":"sale","13":"taxable","14":"shipping-taxable","15":"purchasable","16":"product-type-simple"},"acf":[],"brands":[{"id":491,"name":"M.Asam","slug":"m-asam"}],"_links":{"self":[{"href":"https:\/\/startlan.ee\/en\/wp-json\/wp\/v2\/product\/5308","targetHints":{"allow":["GET"]}}],"collection":[{"href":"https:\/\/startlan.ee\/en\/wp-json\/wp\/v2\/product"}],"about":[{"href":"https:\/\/startlan.ee\/en\/wp-json\/wp\/v2\/types\/product"}],"replies":[{"embeddable":true,"href":"https:\/\/startlan.ee\/en\/wp-json\/wp\/v2\/comments?post=5308"}],"wp:featuredmedia":[{"embeddable":true,"href":"https:\/\/startlan.ee\/en\/wp-json\/wp\/v2\/media\/5370"}],"wp:attachment":[{"href":"https:\/\/startlan.ee\/en\/wp-json\/wp\/v2\/media?parent=5308"}],"wp:term":[{"taxonomy":"pwb-brand","embeddable":true,"href":"https:\/\/startlan.ee\/en\/wp-json\/wp\/v2\/pwb-brand?post=5308"},{"taxonomy":"product_brand","embeddable":true,"href":"https:\/\/startlan.ee\/en\/wp-json\/wp\/v2\/product_brand?post=5308"},{"taxonomy":"product_cat","embeddable":true,"href":"https:\/\/startlan.ee\/en\/wp-json\/wp\/v2\/product_cat?post=5308"},{"taxonomy":"product_tag","embeddable":true,"href":"https:\/\/startlan.ee\/en\/wp-json\/wp\/v2\/product_tag?post=5308"}],"curies":[{"name":"wp","href":"https:\/\/api.w.org\/{rel}","templated":true}]}}