{"id":5307,"date":"2023-12-01T11:10:26","date_gmt":"2023-12-01T11:10:26","guid":{"rendered":"https:\/\/startlan.ee\/?post_type=product&#038;p=5307"},"modified":"2026-05-13T18:02:51","modified_gmt":"2026-05-13T15:02:51","slug":"m-asam-puhastav-kreem-mask-collagen-lift-200ml","status":"publish","type":"product","link":"https:\/\/startlan.ee\/en\/toode\/m-asam-puhastav-kreem-mask-collagen-lift-200ml\/","title":{"rendered":"M.ASAM Puhastav kreem-mask Collagen Lift 200ml"},"content":{"rendered":"<p>Puhastav kreem-mask Collagen Lift. \u00d5rn puhastuskreem ja toitev mask \u00fches tootes. Eemaldab p\u00f5hjalikult meigi, liigse rasu ja muud j\u00e4\u00e4gid, hooldades samal ajal nahka. Stimuleerib naha uuenemist hibiskiekstraktiga. Kandke see siidine, toitev valge lupiini ja ploomi tuuma\u00f5liga puhastusvahend n\u00e4ole hommikul ja \u00f5htul ning eemaldage niiske vatipadjakese v\u00f5i sooja veega. Maskina kasutades kandke 1-2 korda n\u00e4dalas niiskele nahale, laske m\u00f5juda v\u00e4hemalt 10 minutit ja loputage hoolikalt veega. Kasutage ainult vastavalt juhistele. V\u00e4ltida silma sattumist. Hoida lastele k\u00e4ttesaamatus kohas.<\/p>\n","protected":false},"excerpt":{"rendered":"<p>Puhastav kreem-mask Collagen Lift. \u00d5rn puhastuskreem ja toitev mask \u00fches tootes. Eemaldab p\u00f5hjalikult meigi, liigse rasu ja muud j\u00e4\u00e4gid, hooldades&#8230;<\/p>\n","protected":false},"featured_media":5368,"comment_status":"open","ping_status":"closed","template":"","meta":{"_acf_changed":false,"inline_featured_image":false},"pwb-brand":[491],"product_brand":[],"product_cat":[866,867,936],"product_tag":[],"class_list":{"0":"post-5307","1":"product","2":"type-product","3":"status-publish","4":"has-post-thumbnail","6":"pwb-brand-m-asam","7":"product_cat-maskid-nagu","8":"product_cat-puhastus-meigieemaldus","9":"product_cat-soodustooted","11":"first","12":"instock","13":"sale","14":"taxable","15":"shipping-taxable","16":"purchasable","17":"product-type-simple"},"acf":[],"brands":[{"id":491,"name":"M.Asam","slug":"m-asam"}],"_links":{"self":[{"href":"https:\/\/startlan.ee\/en\/wp-json\/wp\/v2\/product\/5307","targetHints":{"allow":["GET"]}}],"collection":[{"href":"https:\/\/startlan.ee\/en\/wp-json\/wp\/v2\/product"}],"about":[{"href":"https:\/\/startlan.ee\/en\/wp-json\/wp\/v2\/types\/product"}],"replies":[{"embeddable":true,"href":"https:\/\/startlan.ee\/en\/wp-json\/wp\/v2\/comments?post=5307"}],"wp:featuredmedia":[{"embeddable":true,"href":"https:\/\/startlan.ee\/en\/wp-json\/wp\/v2\/media\/5368"}],"wp:attachment":[{"href":"https:\/\/startlan.ee\/en\/wp-json\/wp\/v2\/media?parent=5307"}],"wp:term":[{"taxonomy":"pwb-brand","embeddable":true,"href":"https:\/\/startlan.ee\/en\/wp-json\/wp\/v2\/pwb-brand?post=5307"},{"taxonomy":"product_brand","embeddable":true,"href":"https:\/\/startlan.ee\/en\/wp-json\/wp\/v2\/product_brand?post=5307"},{"taxonomy":"product_cat","embeddable":true,"href":"https:\/\/startlan.ee\/en\/wp-json\/wp\/v2\/product_cat?post=5307"},{"taxonomy":"product_tag","embeddable":true,"href":"https:\/\/startlan.ee\/en\/wp-json\/wp\/v2\/product_tag?post=5307"}],"curies":[{"name":"wp","href":"https:\/\/api.w.org\/{rel}","templated":true}]}}