{"id":5303,"date":"2023-12-01T11:10:24","date_gmt":"2023-12-01T11:10:24","guid":{"rendered":"https:\/\/startlan.ee\/?post_type=product&#038;p=5303"},"modified":"2026-05-13T18:31:33","modified_gmt":"2026-05-13T15:31:33","slug":"m-asam-naopuhastuskreem-resveratrol-200ml","status":"publish","type":"product","link":"https:\/\/startlan.ee\/en\/toode\/m-asam-naopuhastuskreem-resveratrol-200ml\/","title":{"rendered":"M.ASAM N\u00e4opuhastuskreem Resveratrol 200ml"},"content":{"rendered":"<p>N\u00e4opuhastuskreem Resveratrol puhastab nahka p\u00f5hjalikult, kuid samas \u00f5rn nahale. V\u00e4rskendatud ja toidetud naha tunne p\u00e4rast puhastamist. Rahustab stressis nahka. Kandke hommikul ja \u00f5htul n\u00e4ole ning eemaldage niiske vatipadjaga. Sobib ka kaelale ja dekolteele. Kasutage ainult vastavalt juhistele. V\u00e4ltida silma sattumist. Hoida lastele k\u00e4ttesaamatus kohas.<\/p>\n","protected":false},"excerpt":{"rendered":"<p>N\u00e4opuhastuskreem Resveratrol puhastab nahka p\u00f5hjalikult, kuid samas \u00f5rn nahale. V\u00e4rskendatud ja toidetud naha tunne p\u00e4rast puhastamist. Rahustab stressis nahka. Kandke&#8230;<\/p>\n","protected":false},"featured_media":5360,"comment_status":"open","ping_status":"closed","template":"","meta":{"_acf_changed":false,"inline_featured_image":false},"pwb-brand":[491],"product_brand":[],"product_cat":[867,936],"product_tag":[],"class_list":{"0":"post-5303","1":"product","2":"type-product","3":"status-publish","4":"has-post-thumbnail","6":"pwb-brand-m-asam","7":"product_cat-puhastus-meigieemaldus","8":"product_cat-soodustooted","10":"first","11":"instock","12":"sale","13":"taxable","14":"shipping-taxable","15":"purchasable","16":"product-type-simple"},"acf":[],"brands":[{"id":491,"name":"M.Asam","slug":"m-asam"}],"_links":{"self":[{"href":"https:\/\/startlan.ee\/en\/wp-json\/wp\/v2\/product\/5303","targetHints":{"allow":["GET"]}}],"collection":[{"href":"https:\/\/startlan.ee\/en\/wp-json\/wp\/v2\/product"}],"about":[{"href":"https:\/\/startlan.ee\/en\/wp-json\/wp\/v2\/types\/product"}],"replies":[{"embeddable":true,"href":"https:\/\/startlan.ee\/en\/wp-json\/wp\/v2\/comments?post=5303"}],"wp:featuredmedia":[{"embeddable":true,"href":"https:\/\/startlan.ee\/en\/wp-json\/wp\/v2\/media\/5360"}],"wp:attachment":[{"href":"https:\/\/startlan.ee\/en\/wp-json\/wp\/v2\/media?parent=5303"}],"wp:term":[{"taxonomy":"pwb-brand","embeddable":true,"href":"https:\/\/startlan.ee\/en\/wp-json\/wp\/v2\/pwb-brand?post=5303"},{"taxonomy":"product_brand","embeddable":true,"href":"https:\/\/startlan.ee\/en\/wp-json\/wp\/v2\/product_brand?post=5303"},{"taxonomy":"product_cat","embeddable":true,"href":"https:\/\/startlan.ee\/en\/wp-json\/wp\/v2\/product_cat?post=5303"},{"taxonomy":"product_tag","embeddable":true,"href":"https:\/\/startlan.ee\/en\/wp-json\/wp\/v2\/product_tag?post=5303"}],"curies":[{"name":"wp","href":"https:\/\/api.w.org\/{rel}","templated":true}]}}