{"id":50345,"date":"2024-06-04T14:00:37","date_gmt":"2024-06-04T11:00:37","guid":{"rendered":"https:\/\/startlan.ee\/toode\/superfacialist-naokreem-spf10-niisutav-75ml\/"},"modified":"2026-05-13T18:00:47","modified_gmt":"2026-05-13T15:00:47","slug":"superfacialist-naokreem-spf10-niisutav-75ml","status":"publish","type":"product","link":"https:\/\/startlan.ee\/en\/toode\/superfacialist-naokreem-spf10-niisutav-75ml\/","title":{"rendered":"Superfacialist n\u00e4okreem SPF10 niisutav meestele 75ml"},"content":{"rendered":"<p>Super Facialist SPF10 kaitsev p\u00e4evakreem meestele (75ml). Mitmek\u00fclgne, igap\u00e4evane, kaitsev ja niisutav n\u00e4okreem, mis on rikastatud h\u00fcaluroonhappe, vitamiinide A-, E- ja C-ga. Kreemile on lisatud UVB-filtrid, et kaitsta, tugevdada ja parandada naha elastsust, ei j\u00e4ta nahka rasvaseks ega kleepuvaks. Tulemuseks on kaitstud, niisutatud ja tervema v\u00e4limusega nahk. Kasutamine: kandke kreem iga p\u00e4ev hommikul ja \u00f5htul puhastatud n\u00e4ole ja kaelale. Hoiatus: ainult v\u00e4lispidiseks kasutamiseks. V\u00e4ltige silma sattumist. Kui toode satub silma, loputage koheselt sooja veega. V\u00e4ltige kasutamist \u00e4rritunud v\u00f5i kahjustatud nahal. Hoidke lastele k\u00e4ttesaamatus kohas. Looduslike koostisosade t\u00f5ttu v\u00f5ib v\u00e4rvus ajas ja partiide l\u00f5ikes erineda. Enne kasutama hakkamist testige toodet v\u00e4iksemal nahapinnal. \u00c4rrituse tekkimisel l\u00f5petage kasutamine.<\/p>\n<p>&nbsp;<\/p>\n<p><strong>KOOSTIS<\/strong>: Aqua (Water), Ethylhexyl Methoxycinnamate, Butyl Methoxydibenzoylmethane, Octocrylene, Glycerin, C12-15 Alkyl Benzoate, Coco-Caprylate, Phenoxyethanol, Parfum (Fragrance), Marrubium Vulgare Extract, Acrylates\/C10-30 Alkyl Acrylate Crosspolymer, PEG-75 Shea Butter Glycerides, Potassium Sorbate, Allantoin, Carbomer, Butylene Glycol, Benzoic Acid, Sodium Hydroxide, Sodium Ascorbyl Phosphate, Retinyl Palmitate, Opuntia Ficus-Indica Fruit Water, Tocopherol, Dehydroacetic Acid, Sclerotium Gum, Sodium Hyaluronate, Glycine Soja (Soybean) Oil, Benzyl Salicylate, Limonene, Citric Acid, BHT, Linalool, Coumarin, Geraniol, Tetrapeptide-21, Sodium Benzoate.<\/p>\n<p>&nbsp;<\/p>\n","protected":false},"excerpt":{"rendered":"<p>Super Facialist SPF10 kaitsev p\u00e4evakreem meestele (75ml). Mitmek\u00fclgne, igap\u00e4evane, kaitsev ja niisutav n\u00e4okreem, mis on rikastatud h\u00fcaluroonhappe, vitamiinide A-, E-&#8230;<\/p>\n","protected":false},"featured_media":50559,"comment_status":"open","ping_status":"closed","template":"","meta":{"_acf_changed":false,"inline_featured_image":false},"pwb-brand":[989],"product_brand":[],"product_cat":[864,903],"product_tag":[],"class_list":{"0":"post-50345","1":"product","2":"type-product","3":"status-publish","4":"has-post-thumbnail","6":"pwb-brand-superfacialist","7":"product_cat-naokreemid","8":"product_cat-mehed","10":"first","11":"instock","12":"taxable","13":"shipping-taxable","14":"purchasable","15":"product-type-simple"},"acf":[],"brands":[{"id":989,"name":"Superfacialist","slug":"superfacialist"}],"_links":{"self":[{"href":"https:\/\/startlan.ee\/en\/wp-json\/wp\/v2\/product\/50345","targetHints":{"allow":["GET"]}}],"collection":[{"href":"https:\/\/startlan.ee\/en\/wp-json\/wp\/v2\/product"}],"about":[{"href":"https:\/\/startlan.ee\/en\/wp-json\/wp\/v2\/types\/product"}],"replies":[{"embeddable":true,"href":"https:\/\/startlan.ee\/en\/wp-json\/wp\/v2\/comments?post=50345"}],"wp:featuredmedia":[{"embeddable":true,"href":"https:\/\/startlan.ee\/en\/wp-json\/wp\/v2\/media\/50559"}],"wp:attachment":[{"href":"https:\/\/startlan.ee\/en\/wp-json\/wp\/v2\/media?parent=50345"}],"wp:term":[{"taxonomy":"pwb-brand","embeddable":true,"href":"https:\/\/startlan.ee\/en\/wp-json\/wp\/v2\/pwb-brand?post=50345"},{"taxonomy":"product_brand","embeddable":true,"href":"https:\/\/startlan.ee\/en\/wp-json\/wp\/v2\/product_brand?post=50345"},{"taxonomy":"product_cat","embeddable":true,"href":"https:\/\/startlan.ee\/en\/wp-json\/wp\/v2\/product_cat?post=50345"},{"taxonomy":"product_tag","embeddable":true,"href":"https:\/\/startlan.ee\/en\/wp-json\/wp\/v2\/product_tag?post=50345"}],"curies":[{"name":"wp","href":"https:\/\/api.w.org\/{rel}","templated":true}]}}