{"id":50343,"date":"2024-06-04T14:00:36","date_gmt":"2024-06-04T11:00:36","guid":{"rendered":"https:\/\/startlan.ee\/toode\/superfacialist-naopuhastus-collagen-pinguldav\/"},"modified":"2026-05-13T18:00:44","modified_gmt":"2026-05-13T15:00:44","slug":"superfacialist-naopuhastus-collagen-pinguldav","status":"publish","type":"product","link":"https:\/\/startlan.ee\/en\/toode\/superfacialist-naopuhastus-collagen-pinguldav\/","title":{"rendered":"Superfacialist n\u00e4opuhastus Collagen+ pinguldav"},"content":{"rendered":"<p>Super Facialist kollageeniga pinguldav puhastusgeel. V\u00e4rskenda oma nahahooldusrutiini meie vegan kollageenip\u00f5hise noorendava puhastusgeeliga, mis on loodud igap\u00e4evaseks naha p\u00f5hjalikuks puhastamiseks ja v\u00e4rskendamiseks. Sisaldab nahas\u00f5bralikke koostisosi nagu hibiskuse ekstrakt ja vegan mereline biokompleks, mis pakub \u00fcheagselt nii tugevat niisutust kui ka eemaldab samal ajal t\u00f5husalt mustuse, rasu ja meigij\u00e4\u00e4gid. Peptiiditehnoloogia ja akaatsiapuust saadud vegan taimne kollageen aitavad v\u00f5idelda esimeste vananemisilmingute vastu taastades naha nooruslikku v\u00e4limust. Merevetikate ja h\u00fcaluroonhappe kombinatsioon niisutab nahka s\u00fcgavuti muutes jume v\u00e4rskeks. Kasutamine: puhastage nahka iga p\u00e4ev hommikul ja \u00f5htul. Kandke puhastusgeel s\u00f5rmeotstele ja masseerige ringjate liigutustega \u00f5rnalt n\u00e4ole ja kaelale. Loputage leige veega v\u00f5i soojas vees niisutatud flanelliga ja patsutage nahk kuivaks. Hoiatus: ainult v\u00e4lispidiseks kasutamiseks. V\u00e4ltida silma sattumist. Kui toode satub silma, loputage koheselt sooja veega. V\u00e4ltida kasutamist \u00e4rritunud v\u00f5i kahjustatud nahal. Hoida lastele k\u00e4ttesaamatus kohas. Looduslike koostisosade t\u00f5ttu v\u00f5ib v\u00e4rvus erineda. Enne kasutama hakkamist testige toodet v\u00e4iksemal nahapinnal. \u00c4rrituse korral l\u00f5petage kasutamine.<\/p>\n","protected":false},"excerpt":{"rendered":"<p>Super Facialist kollageeniga pinguldav puhastusgeel. V\u00e4rskenda oma nahahooldusrutiini meie vegan kollageenip\u00f5hise noorendava puhastusgeeliga, mis on loodud igap\u00e4evaseks naha p\u00f5hjalikuks puhastamiseks&#8230;<\/p>\n","protected":false},"featured_media":50538,"comment_status":"open","ping_status":"closed","template":"","meta":{"_acf_changed":false,"inline_featured_image":false},"pwb-brand":[989],"product_brand":[],"product_cat":[867],"product_tag":[],"class_list":{"0":"post-50343","1":"product","2":"type-product","3":"status-publish","4":"has-post-thumbnail","6":"pwb-brand-superfacialist","7":"product_cat-puhastus-meigieemaldus","9":"first","10":"instock","11":"taxable","12":"shipping-taxable","13":"purchasable","14":"product-type-simple"},"acf":[],"brands":[{"id":989,"name":"Superfacialist","slug":"superfacialist"}],"_links":{"self":[{"href":"https:\/\/startlan.ee\/en\/wp-json\/wp\/v2\/product\/50343","targetHints":{"allow":["GET"]}}],"collection":[{"href":"https:\/\/startlan.ee\/en\/wp-json\/wp\/v2\/product"}],"about":[{"href":"https:\/\/startlan.ee\/en\/wp-json\/wp\/v2\/types\/product"}],"replies":[{"embeddable":true,"href":"https:\/\/startlan.ee\/en\/wp-json\/wp\/v2\/comments?post=50343"}],"wp:featuredmedia":[{"embeddable":true,"href":"https:\/\/startlan.ee\/en\/wp-json\/wp\/v2\/media\/50538"}],"wp:attachment":[{"href":"https:\/\/startlan.ee\/en\/wp-json\/wp\/v2\/media?parent=50343"}],"wp:term":[{"taxonomy":"pwb-brand","embeddable":true,"href":"https:\/\/startlan.ee\/en\/wp-json\/wp\/v2\/pwb-brand?post=50343"},{"taxonomy":"product_brand","embeddable":true,"href":"https:\/\/startlan.ee\/en\/wp-json\/wp\/v2\/product_brand?post=50343"},{"taxonomy":"product_cat","embeddable":true,"href":"https:\/\/startlan.ee\/en\/wp-json\/wp\/v2\/product_cat?post=50343"},{"taxonomy":"product_tag","embeddable":true,"href":"https:\/\/startlan.ee\/en\/wp-json\/wp\/v2\/product_tag?post=50343"}],"curies":[{"name":"wp","href":"https:\/\/api.w.org\/{rel}","templated":true}]}}