{"id":50341,"date":"2024-06-04T14:00:36","date_gmt":"2024-06-04T11:00:36","guid":{"rendered":"https:\/\/startlan.ee\/toode\/superfacialist-naokoorija-salitsuulhappega-suvapuhastav-ja-varskendav-150ml\/"},"modified":"2026-05-13T18:00:43","modified_gmt":"2026-05-13T15:00:43","slug":"superfacialist-naokoorija-salitsuulhappega-suvapuhastav-ja-varskendav-150ml","status":"publish","type":"product","link":"https:\/\/startlan.ee\/en\/toode\/superfacialist-naokoorija-salitsuulhappega-suvapuhastav-ja-varskendav-150ml\/","title":{"rendered":"Superfacialist n\u00e4okoorija salits\u00fc\u00fclhappega s\u00fcvapuhastav ja v\u00e4rskendav 150ml"},"content":{"rendered":"<p>Super Facialist salits\u00fc\u00fclhappega puhastav ja v\u00e4rskendav n\u00e4okoorija (150 ml). Puhastab ja niisutab nahka s\u00fcgavuti. Biolagunevad koorimisosakesed t\u00f6\u00f6tavad t\u00f5husalt eemaldades surnud naharakud ja naha ebapuhtused, mis v\u00f5ivad p\u00f5hjustada vistrikke. Koorija sisaldab salits\u00fc\u00fclhapet ja spetsiaalset kolme loodusliku ekstrakti kooslust Sebostat Complex\u00b4i, mis aitab rahustada nahka ja parandada selle seisundit ning ravida ebat\u00e4iusi (komedoonid jne). Kasutamine: kasuta \u00fcks v\u00f5i kaks n\u00e4dalas. Pigista v\u00e4ike kogus s\u00f5rmeotstele ja masseeri \u00f5rnalt niiskele n\u00e4ole, kaelale ja dekolteele. Loputa sooja veega. Hoiatus: Ainult v\u00e4lispidiseks kasutamiseks. V\u00e4ltida silma sattumist. Kui toode satub silma, loputa koheselt sooja veega. V\u00e4ltida kasutamist \u00e4rritunud v\u00f5i kahjustatud nahal. Hoida lastele k\u00e4ttesaamatus kohas. Looduslike koostisosade t\u00f5ttu v\u00f5ib v\u00e4rvus aja jooksul ja partiide l\u00f5ikes erineda. Enne kasutama hakkamist testige toodet v\u00e4iksemal nahapinnal. \u00c4rrituse korral l\u00f5petage kasutamine.<\/p>\n","protected":false},"excerpt":{"rendered":"<p>Super Facialist salits\u00fc\u00fclhappega puhastav ja v\u00e4rskendav n\u00e4okoorija (150 ml). Puhastab ja niisutab nahka s\u00fcgavuti. Biolagunevad koorimisosakesed t\u00f6\u00f6tavad t\u00f5husalt eemaldades surnud&#8230;<\/p>\n","protected":false},"featured_media":50553,"comment_status":"open","ping_status":"closed","template":"","meta":{"_acf_changed":false,"inline_featured_image":false},"pwb-brand":[989],"product_brand":[],"product_cat":[869],"product_tag":[],"class_list":{"0":"post-50341","1":"product","2":"type-product","3":"status-publish","4":"has-post-thumbnail","6":"pwb-brand-superfacialist","7":"product_cat-koorivad-kreemid","9":"first","10":"instock","11":"taxable","12":"shipping-taxable","13":"purchasable","14":"product-type-simple"},"acf":[],"brands":[{"id":989,"name":"Superfacialist","slug":"superfacialist"}],"_links":{"self":[{"href":"https:\/\/startlan.ee\/en\/wp-json\/wp\/v2\/product\/50341","targetHints":{"allow":["GET"]}}],"collection":[{"href":"https:\/\/startlan.ee\/en\/wp-json\/wp\/v2\/product"}],"about":[{"href":"https:\/\/startlan.ee\/en\/wp-json\/wp\/v2\/types\/product"}],"replies":[{"embeddable":true,"href":"https:\/\/startlan.ee\/en\/wp-json\/wp\/v2\/comments?post=50341"}],"wp:featuredmedia":[{"embeddable":true,"href":"https:\/\/startlan.ee\/en\/wp-json\/wp\/v2\/media\/50553"}],"wp:attachment":[{"href":"https:\/\/startlan.ee\/en\/wp-json\/wp\/v2\/media?parent=50341"}],"wp:term":[{"taxonomy":"pwb-brand","embeddable":true,"href":"https:\/\/startlan.ee\/en\/wp-json\/wp\/v2\/pwb-brand?post=50341"},{"taxonomy":"product_brand","embeddable":true,"href":"https:\/\/startlan.ee\/en\/wp-json\/wp\/v2\/product_brand?post=50341"},{"taxonomy":"product_cat","embeddable":true,"href":"https:\/\/startlan.ee\/en\/wp-json\/wp\/v2\/product_cat?post=50341"},{"taxonomy":"product_tag","embeddable":true,"href":"https:\/\/startlan.ee\/en\/wp-json\/wp\/v2\/product_tag?post=50341"}],"curies":[{"name":"wp","href":"https:\/\/api.w.org\/{rel}","templated":true}]}}