{"id":50045,"date":"2024-05-27T12:00:21","date_gmt":"2024-05-27T09:00:21","guid":{"rendered":"https:\/\/startlan.ee\/toode\/7days-my-beauty-week-tselluliidivastane-soojendav-kehakreem-tsillipipar-1-ingver-2-130ml\/"},"modified":"2026-05-13T18:00:19","modified_gmt":"2026-05-13T15:00:19","slug":"7days-my-beauty-week-tselluliidivastane-soojendav-kehakreem-tsillipipar-1-ingver-2-130ml","status":"publish","type":"product","link":"https:\/\/startlan.ee\/en\/toode\/7days-my-beauty-week-tselluliidivastane-soojendav-kehakreem-tsillipipar-1-ingver-2-130ml\/","title":{"rendered":"7DAYS MY BEAUTY WEEK tselluliidivastane soojendav kehakreem t\u0161illipipar 1%+ Ingver 2% 130ml"},"content":{"rendered":"<p>Avastage kreemi + massaa\u017eirulli 2in1 7DAYS CHILE t\u00f5husust, mis on ainulaadne kombinatsioon 3D-massaa\u017eist ja Korea kosmeetikast, mille toimeaineteks on pipar ja ingver. See kreem ja rullik, mis on loodud t\u00f5husaks v\u00f5itluseks tselluliidi vastu kuumuse kasutamisega, pakuvad m\u00e4rkimisv\u00e4\u00e4rseid tulemusi. Paprika ekstrakt, mis teadaolevalt parandab mikrotsirkulatsiooni, aitab p\u00f5letada rasvade kogunemist ja eemaldada kehast liigset vedelikku. Samal ajal annab ingveri ekstrakt t\u00f5stva efekti ja parandab naha elastsust. Massaa\u017eirull &#8220;SKIN WORKOUT&#8221; m\u00f5jub mugavalt ja valutult probleemsetele piirkondadele, tugevdab tselluliidivastast toimet ning tagab aktiivsete komponentide s\u00fcgava imendumise. Pikaajaliste tulemustega vaid 10 minutiga p\u00e4evas. Annab pringima ja toonuses naha. Vegan.<\/p>\n<p>&nbsp;<\/p>\n<p><strong>KOOSTIS:\u00a0<\/strong> WATER, GLYCERIN, ZINGIBER OFFICINALE (GINGER) ROOT EXTRACT, BUTYLENE GLYCOL, ALCOHOL DENAT, CAPSICUM ANNUUM FRUIT EXTRACT, CETYL ETHYLHEXANOATE, MELALEUCA ALTERNIFOLIA (TEA TREE) LEAF OIL, VANILLYL BUTYL ETHER, TRIETHANOLAMINE, PHENOXYETHANOL, CARBOMER, ACRYLATES\/C10-30 ALKYL ACRYLATE CROSSPOLYMER, PEG-60 HYDROGENATED CASTOR OIL, 1,2-HEXANEDIOL, ETHYLHEXYLGLYCERIN, DISODIUM EDTA, BENZOTRIAZOLYL DODECYL P-CRESOL, XANTHAN GUM, ALCOHOL, LIMONENE, TRIS (TETRAMETHYLHYDROXYPIPERIDINOL) CITRATE, CI 15985, CI 16185.<\/p>\n","protected":false},"excerpt":{"rendered":"<p>Avastage kreemi + massaa\u017eirulli 2in1 7DAYS CHILE t\u00f5husust, mis on ainulaadne kombinatsioon 3D-massaa\u017eist ja Korea kosmeetikast, mille toimeaineteks on pipar&#8230;<\/p>\n","protected":false},"featured_media":50271,"comment_status":"open","ping_status":"closed","template":"","meta":{"_acf_changed":false,"inline_featured_image":false},"pwb-brand":[981],"product_brand":[],"product_cat":[1071,872,874,936],"product_tag":[1037],"class_list":{"0":"post-50045","1":"product","2":"type-product","3":"status-publish","4":"has-post-thumbnail","6":"pwb-brand-7days","7":"product_cat-korea","8":"product_cat-kehakreemid-ihupiimad","9":"product_cat-tselluliidihooldus","10":"product_cat-soodustooted","11":"product_tag-7days-tselluliidikreemid","13":"first","14":"instock","15":"sale","16":"taxable","17":"shipping-taxable","18":"purchasable","19":"product-type-simple"},"acf":[],"brands":[{"id":981,"name":"7Days","slug":"7days"}],"_links":{"self":[{"href":"https:\/\/startlan.ee\/en\/wp-json\/wp\/v2\/product\/50045","targetHints":{"allow":["GET"]}}],"collection":[{"href":"https:\/\/startlan.ee\/en\/wp-json\/wp\/v2\/product"}],"about":[{"href":"https:\/\/startlan.ee\/en\/wp-json\/wp\/v2\/types\/product"}],"replies":[{"embeddable":true,"href":"https:\/\/startlan.ee\/en\/wp-json\/wp\/v2\/comments?post=50045"}],"wp:featuredmedia":[{"embeddable":true,"href":"https:\/\/startlan.ee\/en\/wp-json\/wp\/v2\/media\/50271"}],"wp:attachment":[{"href":"https:\/\/startlan.ee\/en\/wp-json\/wp\/v2\/media?parent=50045"}],"wp:term":[{"taxonomy":"pwb-brand","embeddable":true,"href":"https:\/\/startlan.ee\/en\/wp-json\/wp\/v2\/pwb-brand?post=50045"},{"taxonomy":"product_brand","embeddable":true,"href":"https:\/\/startlan.ee\/en\/wp-json\/wp\/v2\/product_brand?post=50045"},{"taxonomy":"product_cat","embeddable":true,"href":"https:\/\/startlan.ee\/en\/wp-json\/wp\/v2\/product_cat?post=50045"},{"taxonomy":"product_tag","embeddable":true,"href":"https:\/\/startlan.ee\/en\/wp-json\/wp\/v2\/product_tag?post=50045"}],"curies":[{"name":"wp","href":"https:\/\/api.w.org\/{rel}","templated":true}]}}