{"id":50044,"date":"2024-05-27T12:00:20","date_gmt":"2024-05-27T09:00:20","guid":{"rendered":"https:\/\/startlan.ee\/toode\/7days-my-beauty-week-tselluliidivastane-kehakreem-oli-brasiilia-kofeiin-1-brasiiliapahkli-oli-2-130ml\/"},"modified":"2026-05-13T18:00:19","modified_gmt":"2026-05-13T15:00:19","slug":"7days-my-beauty-week-tselluliidivastane-kehakreem-oli-brasiilia-kofeiin-1-brasiiliapahkli-oli-2-130ml","status":"publish","type":"product","link":"https:\/\/startlan.ee\/en\/toode\/7days-my-beauty-week-tselluliidivastane-kehakreem-oli-brasiilia-kofeiin-1-brasiiliapahkli-oli-2-130ml\/","title":{"rendered":"7DAYS MY BEAUTY WEEK tselluliidivastane kehakreem-\u00f5li BRASIILIA Kofeiin 1%+ Brasiiliap\u00e4hkli \u00f5li 2% 130ml"},"content":{"rendered":"<p>Kogege Modeling Cream + Massage Oil + Roller 3in1 7DAYS j\u00f5udu , mis on uuenduslik kombinatsioon 3D-massaa\u017eist ja Korea kosmeetikast, sisaldades selliseid toimeaineid nagu kofeiin ja Brasiilia p\u00e4hkli\u00f5li. See \u00f5likreem ja rull on loodud t\u00f5husaks v\u00f5itluseks tselluliidi, venitusarmide ja muude nahavigadega. Kreem aktiveerub kokkupuutel nahaga, muutudes \u00f5liks, mis tagab s\u00fcgava niisutuse. Kofeiin, mis on tuntud oma v\u00f5ime poolest v\u00f5idelda tselluliidi n\u00e4htavate tunnustega, toniseerib nahka ja aitab eemaldada liigset vedelikku. Brasiilia p\u00e4hkli\u00f5li annab v\u00f5imsa t\u00f5stva efekti, toidab, pehmendab ja uuendab nahka. Massaa\u017ei\u00f5li tagab kerge libisemise, aidates v\u00e4ljutada toksiine ja liigseid vedelikke. &#8220;SKIN WORKOUT&#8221; rull m\u00f5jub probleemsetele piirkondadele mugavalt ja valutult, tugevdades tselluliidivastast toimet ning tagades aktiivsete komponentide s\u00fcgava limendumise. Pikaajaliste tulemustega vaid 10 minutiga p\u00e4evas. Annab pinguldatud ja toonuses naha. Vegan.<\/p>\n<p>&nbsp;<\/p>\n<p><strong>KOOSTIS:\u00a0<\/strong>ETHYLHEXYL STEARATE, WATER, BUTYLENE GLYCOL, POLYSORBATE 60, BERTHOLLETIA EXCELSA SEED OIL, GLYCERYL STEARATE, TRIETHANOLAMINE, CAFFEINE, MELALEUCA ALTERNIFOLIA (TEA TREE) LEAF OIL, TOCOPHERYL ACETATE, LAURIC ACID, MYRISTIC ACID, PALMITIC ACID, STEARIC ACID, OLEIC ACID, ARACHIDIC ACID, PHENOXYETHANOL, CITRIC ACID, ACRYLATES\/C10-30 ALKYL ACRYLATE CROSSPOLYMER, LIMONENE, ETHYLHEXYLGLYCERIN, DISODIUM EDTA.<\/p>\n","protected":false},"excerpt":{"rendered":"<p>Kogege Modeling Cream + Massage Oil + Roller 3in1 7DAYS j\u00f5udu , mis on uuenduslik kombinatsioon 3D-massaa\u017eist ja Korea kosmeetikast,&#8230;<\/p>\n","protected":false},"featured_media":50243,"comment_status":"open","ping_status":"closed","template":"","meta":{"_acf_changed":false,"inline_featured_image":false},"pwb-brand":[981],"product_brand":[],"product_cat":[872,874,936,1071],"product_tag":[1037],"class_list":{"0":"post-50044","1":"product","2":"type-product","3":"status-publish","4":"has-post-thumbnail","6":"pwb-brand-7days","7":"product_cat-kehakreemid-ihupiimad","8":"product_cat-tselluliidihooldus","9":"product_cat-soodustooted","10":"product_cat-korea","11":"product_tag-7days-tselluliidikreemid","13":"first","14":"instock","15":"sale","16":"taxable","17":"shipping-taxable","18":"purchasable","19":"product-type-simple"},"acf":[],"brands":[{"id":981,"name":"7Days","slug":"7days"}],"_links":{"self":[{"href":"https:\/\/startlan.ee\/en\/wp-json\/wp\/v2\/product\/50044","targetHints":{"allow":["GET"]}}],"collection":[{"href":"https:\/\/startlan.ee\/en\/wp-json\/wp\/v2\/product"}],"about":[{"href":"https:\/\/startlan.ee\/en\/wp-json\/wp\/v2\/types\/product"}],"replies":[{"embeddable":true,"href":"https:\/\/startlan.ee\/en\/wp-json\/wp\/v2\/comments?post=50044"}],"wp:featuredmedia":[{"embeddable":true,"href":"https:\/\/startlan.ee\/en\/wp-json\/wp\/v2\/media\/50243"}],"wp:attachment":[{"href":"https:\/\/startlan.ee\/en\/wp-json\/wp\/v2\/media?parent=50044"}],"wp:term":[{"taxonomy":"pwb-brand","embeddable":true,"href":"https:\/\/startlan.ee\/en\/wp-json\/wp\/v2\/pwb-brand?post=50044"},{"taxonomy":"product_brand","embeddable":true,"href":"https:\/\/startlan.ee\/en\/wp-json\/wp\/v2\/product_brand?post=50044"},{"taxonomy":"product_cat","embeddable":true,"href":"https:\/\/startlan.ee\/en\/wp-json\/wp\/v2\/product_cat?post=50044"},{"taxonomy":"product_tag","embeddable":true,"href":"https:\/\/startlan.ee\/en\/wp-json\/wp\/v2\/product_tag?post=50044"}],"curies":[{"name":"wp","href":"https:\/\/api.w.org\/{rel}","templated":true}]}}