{"id":50043,"date":"2024-05-27T12:00:20","date_gmt":"2024-05-27T09:00:20","guid":{"rendered":"https:\/\/startlan.ee\/toode\/7days-my-beauty-week-tselluliidikreem-kontuuriv-naked-merevetikad-2-niatsiinamiid-1-130ml\/"},"modified":"2026-05-13T18:00:19","modified_gmt":"2026-05-13T15:00:19","slug":"7days-my-beauty-week-tselluliidikreem-kontuuriv-naked-merevetikad-2-niatsiinamiid-1-130ml","status":"publish","type":"product","link":"https:\/\/startlan.ee\/en\/toode\/7days-my-beauty-week-tselluliidikreem-kontuuriv-naked-merevetikad-2-niatsiinamiid-1-130ml\/","title":{"rendered":"7DAYS MY BEAUTY WEEK tselluliidikreem kontuuriv NAKED merevetikad 2% + niatsiinamiid 1% 130ml"},"content":{"rendered":"<p>Kogege Contour Cream + Moisturizer + 3in1 Massage Roller 7DAYS j\u00f5udu, mis on revolutsiooniline kombinatsioon 3D-massaa\u017eist ja Korea kosmeetikast, sisaldades selliseid toimeaineid nagu vetikad ja niatsiinamiid. Kreem ja rullik on loodud t\u00f5husalt v\u00f5itlema n\u00e4htavate tselluliidij\u00e4lgedega ja kujundama teie kehale selge kontuuri. Koostises olevad merevetikad niisutavad nahka, aitavad suurendada kollageeni tootmist ning muudavad naha paindlikumaks ja elastsemaks. Niatsiinamiid v\u00f5itleb plekkidega ja tugevdab nahka.<br \/>\nKreem toimib ekspresslifting-tootena, aidates k\u00f5rvaldada rasva kogunemist ja luues selgema kontuuri. &#8220;&#8221;SKIN WORKOUT&#8221;&#8221; rull m\u00f5jub probleemsetele piirkondadele mugavalt ja valutult, tugevdades tselluliidivastast toimet ja garanteerides aktiivsete komponentide s\u00fcgava imendumise. Pikaajaliste tulemusteni vaid 10 minutiga p\u00e4evas. Annab pringima, vormitud ja tselluliidivaba naha. Vegan<\/p>\n<p>&nbsp;<\/p>\n<p><strong>KOOSTIS:\u00a0<\/strong>WATER, GLYCERIN, CAPRYLIC\/CAPRIC TRIGLYCERIDE, BUTYLENE GLYCOL, CETEARYL ALCOHOL, GLYCERYL STEARATE, PEG-100 STEARATE, NIACINAMIDE, PORPHYRA YEZOENSIS EXTRACT, UNDARIA PINNATIFIDA EXTRACT, CHLORELLA VULGARIS EXTRACT, ARGININE, TOCOPHERYL ACETATE, CUCUMIS SATIVUS (CUCUMBER) FRUIT EXTRACT, BUTYROSPERMUM PARKII (SHEA) BUTTER, SIMMONDSIA CHINENSIS (JOJOBA) SEED OIL, PERSEA GRATISSIMA (AVOCADO) OIL, MACADAMIA TERNIFOLIA SEED OIL, GLYCINE SOJA (SOYBEAN) OIL, BEESWAX, DIMETHICONE, PHENOXYETHANOL, 1,2-HEXANEDIOL, ACRYLATES\/C10-30 ALKYL ACRYLATE CROSSPOLYMER, ETHYLHEXYLGLYCERIN, DISODIUM EDTA.<\/p>\n","protected":false},"excerpt":{"rendered":"<p>Kogege Contour Cream + Moisturizer + 3in1 Massage Roller 7DAYS j\u00f5udu, mis on revolutsiooniline kombinatsioon 3D-massaa\u017eist ja Korea kosmeetikast, sisaldades&#8230;<\/p>\n","protected":false},"featured_media":50247,"comment_status":"open","ping_status":"closed","template":"","meta":{"_acf_changed":false,"inline_featured_image":false},"pwb-brand":[981],"product_brand":[],"product_cat":[1071,872,874,936],"product_tag":[1037],"class_list":{"0":"post-50043","1":"product","2":"type-product","3":"status-publish","4":"has-post-thumbnail","6":"pwb-brand-7days","7":"product_cat-korea","8":"product_cat-kehakreemid-ihupiimad","9":"product_cat-tselluliidihooldus","10":"product_cat-soodustooted","11":"product_tag-7days-tselluliidikreemid","13":"first","14":"instock","15":"sale","16":"taxable","17":"shipping-taxable","18":"purchasable","19":"product-type-simple"},"acf":[],"brands":[{"id":981,"name":"7Days","slug":"7days"}],"_links":{"self":[{"href":"https:\/\/startlan.ee\/en\/wp-json\/wp\/v2\/product\/50043","targetHints":{"allow":["GET"]}}],"collection":[{"href":"https:\/\/startlan.ee\/en\/wp-json\/wp\/v2\/product"}],"about":[{"href":"https:\/\/startlan.ee\/en\/wp-json\/wp\/v2\/types\/product"}],"replies":[{"embeddable":true,"href":"https:\/\/startlan.ee\/en\/wp-json\/wp\/v2\/comments?post=50043"}],"wp:featuredmedia":[{"embeddable":true,"href":"https:\/\/startlan.ee\/en\/wp-json\/wp\/v2\/media\/50247"}],"wp:attachment":[{"href":"https:\/\/startlan.ee\/en\/wp-json\/wp\/v2\/media?parent=50043"}],"wp:term":[{"taxonomy":"pwb-brand","embeddable":true,"href":"https:\/\/startlan.ee\/en\/wp-json\/wp\/v2\/pwb-brand?post=50043"},{"taxonomy":"product_brand","embeddable":true,"href":"https:\/\/startlan.ee\/en\/wp-json\/wp\/v2\/product_brand?post=50043"},{"taxonomy":"product_cat","embeddable":true,"href":"https:\/\/startlan.ee\/en\/wp-json\/wp\/v2\/product_cat?post=50043"},{"taxonomy":"product_tag","embeddable":true,"href":"https:\/\/startlan.ee\/en\/wp-json\/wp\/v2\/product_tag?post=50043"}],"curies":[{"name":"wp","href":"https:\/\/api.w.org\/{rel}","templated":true}]}}