{"id":50042,"date":"2024-05-27T12:00:20","date_gmt":"2024-05-27T09:00:20","guid":{"rendered":"https:\/\/startlan.ee\/toode\/7days-my-beauty-week-tselluliidigeel-jahutav-iceice-mentool-2-merevetikad-1-130ml\/"},"modified":"2026-05-13T18:00:19","modified_gmt":"2026-05-13T15:00:19","slug":"7days-my-beauty-week-tselluliidigeel-jahutav-iceice-mentool-2-merevetikad-1-130ml","status":"publish","type":"product","link":"https:\/\/startlan.ee\/en\/toode\/7days-my-beauty-week-tselluliidigeel-jahutav-iceice-mentool-2-merevetikad-1-130ml\/","title":{"rendered":"7DAYS MY BEAUTY WEEK tselluliidigeel jahutav ICEICE mentool 2% + merevetikad 1% 130ml"},"content":{"rendered":"<p>Avastage kr\u00fcogeeli + massaa\u017eirulli 2en1 7DAYS ICEICE j\u00f5udu, mis on ainulaadne kombinatsioon 3D-massaa\u017eist ja Korea kosmeetikast, sisaldades selliseid toimeaineid nagu mentool ja vetikad. Geel ja rullik, mis on loodud t\u00f5husaks tselluliidi vastu v\u00f5itlemiseks v\u00e4rskendava jahutusefekti kaudu, annavad m\u00e4rgatavaid tulemusi. Mentool, mis teadaolevalt parandab mikrotsirkulatsiooni, aitab kaasa rasval\u00f5ksude p\u00f5letamisele ja silub visuaalselt naha reljeefi. Vetikad omakorda niisutavad, muudavad naha elastsemaks ja kergitavad, pakkudes t\u00e4ielikku hooldust. Massaa\u017eirull &#8220;SKIN WORKOUT&#8221; toimib mugavalt ja valutult probleemsetel piirkondadel, tugevdades tselluliidivastast toimet ja garanteerides aktiivsete komponentide s\u00fcgava imendumise. Pikaajaliste tulemusteni vaid 10 minutiga p\u00e4evas. Annab pringima ja toonuses naha. Vegan.<\/p>\n<p>&nbsp;<\/p>\n<p><strong>KOOSTIS:\u00a0<\/strong>WATER, ALCOHOL DENAT, PROPYLENE GLYCOL, MENTHOL, CHLORELLA VULGARIS EXTRACT, PORPHYRA YEZOENSIS EXTRACT, UNDARIA PINNATIFIDA EXTRACT, CARBOMER, PEG-60 HYDROGENATED CASTOR OIL, TRIETHANOLAMINE, GLYCERIN, ETHYLHEXYLGLYCERIN, DISODIUM EDTA, 1,2-HEXANEDIOL, FRAGRANCE, PHENOXYETHANOL, LINALOOL, LIMONENE, CITRAL.<\/p>\n","protected":false},"excerpt":{"rendered":"<p>Avastage kr\u00fcogeeli + massaa\u017eirulli 2en1 7DAYS ICEICE j\u00f5udu, mis on ainulaadne kombinatsioon 3D-massaa\u017eist ja Korea kosmeetikast, sisaldades selliseid toimeaineid nagu&#8230;<\/p>\n","protected":false},"featured_media":50251,"comment_status":"open","ping_status":"closed","template":"","meta":{"_acf_changed":false,"inline_featured_image":false},"pwb-brand":[981],"product_brand":[],"product_cat":[874,936,1071],"product_tag":[1037],"class_list":{"0":"post-50042","1":"product","2":"type-product","3":"status-publish","4":"has-post-thumbnail","6":"pwb-brand-7days","7":"product_cat-tselluliidihooldus","8":"product_cat-soodustooted","9":"product_cat-korea","10":"product_tag-7days-tselluliidikreemid","12":"first","13":"instock","14":"sale","15":"taxable","16":"shipping-taxable","17":"purchasable","18":"product-type-simple"},"acf":[],"brands":[{"id":981,"name":"7Days","slug":"7days"}],"_links":{"self":[{"href":"https:\/\/startlan.ee\/en\/wp-json\/wp\/v2\/product\/50042","targetHints":{"allow":["GET"]}}],"collection":[{"href":"https:\/\/startlan.ee\/en\/wp-json\/wp\/v2\/product"}],"about":[{"href":"https:\/\/startlan.ee\/en\/wp-json\/wp\/v2\/types\/product"}],"replies":[{"embeddable":true,"href":"https:\/\/startlan.ee\/en\/wp-json\/wp\/v2\/comments?post=50042"}],"wp:featuredmedia":[{"embeddable":true,"href":"https:\/\/startlan.ee\/en\/wp-json\/wp\/v2\/media\/50251"}],"wp:attachment":[{"href":"https:\/\/startlan.ee\/en\/wp-json\/wp\/v2\/media?parent=50042"}],"wp:term":[{"taxonomy":"pwb-brand","embeddable":true,"href":"https:\/\/startlan.ee\/en\/wp-json\/wp\/v2\/pwb-brand?post=50042"},{"taxonomy":"product_brand","embeddable":true,"href":"https:\/\/startlan.ee\/en\/wp-json\/wp\/v2\/product_brand?post=50042"},{"taxonomy":"product_cat","embeddable":true,"href":"https:\/\/startlan.ee\/en\/wp-json\/wp\/v2\/product_cat?post=50042"},{"taxonomy":"product_tag","embeddable":true,"href":"https:\/\/startlan.ee\/en\/wp-json\/wp\/v2\/product_tag?post=50042"}],"curies":[{"name":"wp","href":"https:\/\/api.w.org\/{rel}","templated":true}]}}