{"id":50040,"date":"2024-05-27T12:00:20","date_gmt":"2024-05-27T09:00:20","guid":{"rendered":"https:\/\/startlan.ee\/toode\/7days-my-beauty-week-oomask-milky-dreams-80ml\/"},"modified":"2026-05-13T18:00:18","modified_gmt":"2026-05-13T15:00:18","slug":"7days-my-beauty-week-oomask-milky-dreams-80ml","status":"publish","type":"product","link":"https:\/\/startlan.ee\/en\/toode\/7days-my-beauty-week-oomask-milky-dreams-80ml\/","title":{"rendered":"7DAYS MY BEAUTY WEEK \u00f6\u00f6mask MILKY DREAMS 80ml"},"content":{"rendered":"<p>\u00d6\u00f6mask magusa mandli\u00f5li ja E-vitamiiniga intensiivseks toitmiseks ja naha taastumisprotsesside aktiveerimiseks. Hommikul n\u00e4eb su n\u00e4gu v\u00e4rske ja h\u00e4sti v\u00e4ljapuhanud t\u00e4nu magusa mandli \u00f5lile, mis niisutab ja pehmendab nahka ning on antioks\u00fcdantse toimega. H\u00fcaluroonhape niisutab, v\u00e4rskendab ja silub nahka intensiivselt ning taastab h\u00fcdrolipiidide tasakaalu. E-vitamiin toidab, aktiveerib naha uuenemist, v\u00f5itleb pigmentatsiooni ja vananemisilmingute vastu. N\u00e4omask igale nahat\u00fc\u00fcbile: niisutab kuiva nahka, muudab rasuse ja vananeva naha paremaks. Aastaringseks kasutamiseks. Ei ole testitud loomade peal.<\/p>\n<p>&nbsp;<\/p>\n<p><strong>KOOSTIS:\u00a0<\/strong>AQUA, DIPROPYLENE GLYCOL, GLYCERIN, DIMETHICONE, CYCLOPENTASILOXANE, DONKEY MILK, PRUNUS AMYGDALUS DULCIS (SWEET ALMOND) OIL, CHONDRUS CRISPUS (CARRAGEENAN) EXTRACT, GLUCOSE, HYDROLYZED JOJOBA ESTERS, GLYCOSYL TREHALOSE, HYDROGENATED STARCH HYDROLYSATE, TOCOPHERYL ACETATE, PROPYLENE GLYCOL, SODIUM HYALURONATE, PANTHENOL, BIS-PEG-18 METHYL ETHER DIMETHYL SILANE, POLYSORBATE 60, CARBOMER, XANTHAN GUM, ARGININE, SODIUM POLYACRYLATE, HYDROGENATED POLYDECENE, TRIDECETH-6, ALLANTOIN, DISODIUM EDTA, ETHYLHEXYLGLYCERIN, 1,2-HEXANEDIOL, CHLORPHENESIN, PARFUM.<\/p>\n","protected":false},"excerpt":{"rendered":"<p>\u00d6\u00f6mask magusa mandli\u00f5li ja E-vitamiiniga intensiivseks toitmiseks ja naha taastumisprotsesside aktiveerimiseks. Hommikul n\u00e4eb su n\u00e4gu v\u00e4rske ja h\u00e4sti v\u00e4ljapuhanud t\u00e4nu&#8230;<\/p>\n","protected":false},"featured_media":50256,"comment_status":"open","ping_status":"closed","template":"","meta":{"_acf_changed":false,"inline_featured_image":false},"pwb-brand":[981],"product_brand":[],"product_cat":[866,1071],"product_tag":[],"class_list":{"0":"post-50040","1":"product","2":"type-product","3":"status-publish","4":"has-post-thumbnail","6":"pwb-brand-7days","7":"product_cat-maskid-nagu","8":"product_cat-korea","10":"first","11":"instock","12":"sale","13":"taxable","14":"shipping-taxable","15":"purchasable","16":"product-type-simple"},"acf":[],"brands":[{"id":981,"name":"7Days","slug":"7days"}],"_links":{"self":[{"href":"https:\/\/startlan.ee\/en\/wp-json\/wp\/v2\/product\/50040","targetHints":{"allow":["GET"]}}],"collection":[{"href":"https:\/\/startlan.ee\/en\/wp-json\/wp\/v2\/product"}],"about":[{"href":"https:\/\/startlan.ee\/en\/wp-json\/wp\/v2\/types\/product"}],"replies":[{"embeddable":true,"href":"https:\/\/startlan.ee\/en\/wp-json\/wp\/v2\/comments?post=50040"}],"wp:featuredmedia":[{"embeddable":true,"href":"https:\/\/startlan.ee\/en\/wp-json\/wp\/v2\/media\/50256"}],"wp:attachment":[{"href":"https:\/\/startlan.ee\/en\/wp-json\/wp\/v2\/media?parent=50040"}],"wp:term":[{"taxonomy":"pwb-brand","embeddable":true,"href":"https:\/\/startlan.ee\/en\/wp-json\/wp\/v2\/pwb-brand?post=50040"},{"taxonomy":"product_brand","embeddable":true,"href":"https:\/\/startlan.ee\/en\/wp-json\/wp\/v2\/product_brand?post=50040"},{"taxonomy":"product_cat","embeddable":true,"href":"https:\/\/startlan.ee\/en\/wp-json\/wp\/v2\/product_cat?post=50040"},{"taxonomy":"product_tag","embeddable":true,"href":"https:\/\/startlan.ee\/en\/wp-json\/wp\/v2\/product_tag?post=50040"}],"curies":[{"name":"wp","href":"https:\/\/api.w.org\/{rel}","templated":true}]}}