{"id":50039,"date":"2024-05-27T12:00:19","date_gmt":"2024-05-27T09:00:19","guid":{"rendered":"https:\/\/startlan.ee\/toode\/7days-my-beauty-week-naogeel-rahustav-skin-meditation-80ml\/"},"modified":"2026-05-13T18:00:18","modified_gmt":"2026-05-13T15:00:18","slug":"7days-my-beauty-week-naogeel-rahustav-skin-meditation-80ml","status":"publish","type":"product","link":"https:\/\/startlan.ee\/en\/toode\/7days-my-beauty-week-naogeel-rahustav-skin-meditation-80ml\/","title":{"rendered":"7DAYS MY BEAUTY WEEK n\u00e4ogeel rahustav SKIN MEDITATION 80ml"},"content":{"rendered":"<p>Universaalne rahustav n\u00e4o- ja kehageel 98% aloe vera ja teepuuga s\u00fcgavniisutamiseks, rahustamiseks ja v\u00e4rskuse andmiseks. Aloe Vera eemaldab punetuse, naha koorumise ja pigistustunde. Teepuu k\u00fcllastub niiskusega, v\u00f5itleb ebat\u00e4iuslikkuse ja \u00f5lise s\u00e4raga. Seda saab kasutada n\u00e4omaski, jumestuskreemina, keha- v\u00f5i k\u00fc\u00fcnenahageelina, p\u00e4evitusgeelina v\u00f5i putukahammustuste j\u00e4rgse hooldusena. Aaloe geel igale nahat\u00fc\u00fcbile: niisutab, muudab kuiva, rasuse ja vananeva naha paremaks. Aastaringseks kasutamiseks. Ei ole testitud loomade peal.<\/p>\n<p>&nbsp;<\/p>\n<p><strong>KOOSTIS:\u00a0<\/strong>AQUA, ALOE BARBADENSIS LEAF EXTRACT, GLYCERIN, BETAINE, PANTHENOL, CHAMOMILLA RECUTITA FLOWER EXTRACT, MELALEUCA ALTERNIFOLIA (TEA TREE) LEAF EXTRACT, BUTYLENE GLYCOL, 1,2-HEXANEDIOL, ALLANTOIN, MALTODEXTRIN, CARBOMER, PEG-60 HYDROGENATED CASTOR OIL, ARGININE, ETHYLHEXYLGLYCERIN, DISODIUM EDTA, CHLORPHENESIN, PARFUM, BUTYLPHENYL METHYLPROPIONAL.<\/p>\n","protected":false},"excerpt":{"rendered":"<p>Universaalne rahustav n\u00e4o- ja kehageel 98% aloe vera ja teepuuga s\u00fcgavniisutamiseks, rahustamiseks ja v\u00e4rskuse andmiseks. Aloe Vera eemaldab punetuse, naha&#8230;<\/p>\n","protected":false},"featured_media":50229,"comment_status":"open","ping_status":"closed","template":"","meta":{"_acf_changed":false,"inline_featured_image":false},"pwb-brand":[981],"product_brand":[],"product_cat":[864,936,1071],"product_tag":[],"class_list":{"0":"post-50039","1":"product","2":"type-product","3":"status-publish","4":"has-post-thumbnail","6":"pwb-brand-7days","7":"product_cat-naokreemid","8":"product_cat-soodustooted","9":"product_cat-korea","11":"first","12":"instock","13":"sale","14":"taxable","15":"shipping-taxable","16":"purchasable","17":"product-type-simple"},"acf":[],"brands":[{"id":981,"name":"7Days","slug":"7days"}],"_links":{"self":[{"href":"https:\/\/startlan.ee\/en\/wp-json\/wp\/v2\/product\/50039","targetHints":{"allow":["GET"]}}],"collection":[{"href":"https:\/\/startlan.ee\/en\/wp-json\/wp\/v2\/product"}],"about":[{"href":"https:\/\/startlan.ee\/en\/wp-json\/wp\/v2\/types\/product"}],"replies":[{"embeddable":true,"href":"https:\/\/startlan.ee\/en\/wp-json\/wp\/v2\/comments?post=50039"}],"wp:featuredmedia":[{"embeddable":true,"href":"https:\/\/startlan.ee\/en\/wp-json\/wp\/v2\/media\/50229"}],"wp:attachment":[{"href":"https:\/\/startlan.ee\/en\/wp-json\/wp\/v2\/media?parent=50039"}],"wp:term":[{"taxonomy":"pwb-brand","embeddable":true,"href":"https:\/\/startlan.ee\/en\/wp-json\/wp\/v2\/pwb-brand?post=50039"},{"taxonomy":"product_brand","embeddable":true,"href":"https:\/\/startlan.ee\/en\/wp-json\/wp\/v2\/product_brand?post=50039"},{"taxonomy":"product_cat","embeddable":true,"href":"https:\/\/startlan.ee\/en\/wp-json\/wp\/v2\/product_cat?post=50039"},{"taxonomy":"product_tag","embeddable":true,"href":"https:\/\/startlan.ee\/en\/wp-json\/wp\/v2\/product_tag?post=50039"}],"curies":[{"name":"wp","href":"https:\/\/api.w.org\/{rel}","templated":true}]}}