{"id":50038,"date":"2024-05-27T12:00:19","date_gmt":"2024-05-27T09:00:19","guid":{"rendered":"https:\/\/startlan.ee\/toode\/7days-my-beauty-week-savimask-puhastav-cica-recover-80ml\/"},"modified":"2026-05-13T19:00:18","modified_gmt":"2026-05-13T16:00:18","slug":"7days-my-beauty-week-savimask-puhastav-cica-recover-80ml","status":"publish","type":"product","link":"https:\/\/startlan.ee\/en\/toode\/7days-my-beauty-week-savimask-puhastav-cica-recover-80ml\/","title":{"rendered":"7DAYS MY BEAUTY WEEK savimask puhastav CICA RECOVER 80ml"},"content":{"rendered":"<p>Puhastav savi n\u00e4omask centella asiatica, tsingi ja kaoliiniga pooride ahendamiseks ja n\u00e4onaha matistamiseks. Centella asiatica niisutab nahka ja aitab kaasa selle taastumisele. Tsink k\u00e4ivitab regeneratsiooni, muudab naha kuivemaks ja v\u00f5itleb selle ebat\u00e4iuslikkusega. Kaoliin puhastab nahka s\u00fcgavuti, muutmata seda liiga kuivaks, ahendab poore, eemaldab mustad t\u00e4pid ja matistab nahka. Savimask igale nahat\u00fc\u00fcbile: niisutab kuiva nahka, matistab rasust nahka, muudab vananeva naha paremaks. Aastaringseks kasutamiseks. Ei ole testitud loomade peal.<\/p>\n<p>&nbsp;<\/p>\n<p><strong>KOOSTIS:\u00a0<\/strong>AQUA, PEG-8, PALMITIC ACID, MYRISTIC ACID, STEARIC ACID, POTASSIUM HYDROXIDE, GLYCERIN, LAURIC ACID, RUBUS IDAEUS (RASPBERRY) FRUIT EXTRACT, RUBUS FRUTICOSUS (BLACKBERRY) FRUIT EXTRACT, EUTERPE OLERACEA FRUIT EXTRACT, VACCINIUM MYRTILLUS FRUIT EXTRACT, VACCINIUM MACROCARPON (CRANBERRY) FRUIT EXTRACT, RIBES NIGRUM (BLACK CURRANT) FRUIT EXTRACT, VACCINIUM ANGUSTIFOLIUM (BLUEBERRY) FRUIT EXTRACT, BUTYLENE GLYCOL, DISODIUM EDTA, POLYQUATERNIUM-7, CHLORPHENESIN, ETHYLHEXYLGLYCERIN, 1,2-HEXANEDIOL, SODIUM BENZOATE, PARFUM.<\/p>\n","protected":false},"excerpt":{"rendered":"<p>Puhastav savi n\u00e4omask centella asiatica, tsingi ja kaoliiniga pooride ahendamiseks ja n\u00e4onaha matistamiseks. Centella asiatica niisutab nahka ja aitab kaasa&#8230;<\/p>\n","protected":false},"featured_media":50233,"comment_status":"open","ping_status":"closed","template":"","meta":{"_acf_changed":false,"inline_featured_image":false},"pwb-brand":[981],"product_brand":[],"product_cat":[866,936,1071],"product_tag":[],"class_list":{"0":"post-50038","1":"product","2":"type-product","3":"status-publish","4":"has-post-thumbnail","6":"pwb-brand-7days","7":"product_cat-maskid-nagu","8":"product_cat-soodustooted","9":"product_cat-korea","11":"first","12":"instock","13":"sale","14":"taxable","15":"shipping-taxable","16":"purchasable","17":"product-type-simple"},"acf":[],"brands":[{"id":981,"name":"7Days","slug":"7days"}],"_links":{"self":[{"href":"https:\/\/startlan.ee\/en\/wp-json\/wp\/v2\/product\/50038","targetHints":{"allow":["GET"]}}],"collection":[{"href":"https:\/\/startlan.ee\/en\/wp-json\/wp\/v2\/product"}],"about":[{"href":"https:\/\/startlan.ee\/en\/wp-json\/wp\/v2\/types\/product"}],"replies":[{"embeddable":true,"href":"https:\/\/startlan.ee\/en\/wp-json\/wp\/v2\/comments?post=50038"}],"wp:featuredmedia":[{"embeddable":true,"href":"https:\/\/startlan.ee\/en\/wp-json\/wp\/v2\/media\/50233"}],"wp:attachment":[{"href":"https:\/\/startlan.ee\/en\/wp-json\/wp\/v2\/media?parent=50038"}],"wp:term":[{"taxonomy":"pwb-brand","embeddable":true,"href":"https:\/\/startlan.ee\/en\/wp-json\/wp\/v2\/pwb-brand?post=50038"},{"taxonomy":"product_brand","embeddable":true,"href":"https:\/\/startlan.ee\/en\/wp-json\/wp\/v2\/product_brand?post=50038"},{"taxonomy":"product_cat","embeddable":true,"href":"https:\/\/startlan.ee\/en\/wp-json\/wp\/v2\/product_cat?post=50038"},{"taxonomy":"product_tag","embeddable":true,"href":"https:\/\/startlan.ee\/en\/wp-json\/wp\/v2\/product_tag?post=50038"}],"curies":[{"name":"wp","href":"https:\/\/api.w.org\/{rel}","templated":true}]}}