{"id":50037,"date":"2024-05-27T12:00:19","date_gmt":"2024-05-27T09:00:19","guid":{"rendered":"https:\/\/startlan.ee\/toode\/7days-my-beauty-week-naokoorimiszelee-jelly-80ml\/"},"modified":"2026-05-13T18:00:18","modified_gmt":"2026-05-13T15:00:18","slug":"7days-my-beauty-week-naokoorimiszelee-jelly-80ml","status":"publish","type":"product","link":"https:\/\/startlan.ee\/en\/toode\/7days-my-beauty-week-naokoorimiszelee-jelly-80ml\/","title":{"rendered":"7DAYS MY BEAUTY WEEK N\u00e4okoorimis\u017eelee JELLY 80ml"},"content":{"rendered":"<p>Ens\u00fc\u00fcm gommage papaia, mango ja virsikuga puhastab nahka s\u00fcgavuti, koorib seda kergelt, v\u00f5imaldades kreemide ja seerumite toimeainetel paremini nahka tungida. Papaia koorib keratiinseid rakke, \u00fchtlustab visuaalselt naha tekstuuri ja tooni. Mango niisutab, kergendab, elustab nahka ja muudab selle s\u00e4ravaks. Virsik pehmendab, toniseerib ja toidab intensiivselt. N\u00e4okoorimine igale nahat\u00fc\u00fcbile: niisutab kuiva nahka, muudab rasuse ja vananeva naha paremaks. Aastaringseks kasutamiseks. Ei ole testitud loomade peal.<\/p>\n<p>&nbsp;<\/p>\n<p><strong>KOOSTIS:\u00a0<\/strong>AQUA, BUTYLENE GLYCOL, CELLULOSE, ALCOHOL DENAT., 1,2-HEXANEDIOL, PRUNUS PERSICA (PEACH) FRUIT EXTRACT, MANGIFERA INDICA (MANGO) FRUIT EXTRACT, GLYCOLIC ACID, LACTIC ACID, CARBOMER, ARGININE, PEG-60 HYDROGENATED CASTOR OIL, DISODIUM EDTA, CHLORPHENESIN, PARFUM, LIMONENE.<\/p>\n","protected":false},"excerpt":{"rendered":"<p>Ens\u00fc\u00fcm gommage papaia, mango ja virsikuga puhastab nahka s\u00fcgavuti, koorib seda kergelt, v\u00f5imaldades kreemide ja seerumite toimeainetel paremini nahka tungida&#8230;.<\/p>\n","protected":false},"featured_media":50238,"comment_status":"open","ping_status":"closed","template":"","meta":{"_acf_changed":false,"inline_featured_image":false},"pwb-brand":[981],"product_brand":[],"product_cat":[869,1071],"product_tag":[],"class_list":{"0":"post-50037","1":"product","2":"type-product","3":"status-publish","4":"has-post-thumbnail","6":"pwb-brand-7days","7":"product_cat-koorivad-kreemid","8":"product_cat-korea","10":"first","11":"instock","12":"sale","13":"taxable","14":"shipping-taxable","15":"purchasable","16":"product-type-simple"},"acf":[],"brands":[{"id":981,"name":"7Days","slug":"7days"}],"_links":{"self":[{"href":"https:\/\/startlan.ee\/en\/wp-json\/wp\/v2\/product\/50037","targetHints":{"allow":["GET"]}}],"collection":[{"href":"https:\/\/startlan.ee\/en\/wp-json\/wp\/v2\/product"}],"about":[{"href":"https:\/\/startlan.ee\/en\/wp-json\/wp\/v2\/types\/product"}],"replies":[{"embeddable":true,"href":"https:\/\/startlan.ee\/en\/wp-json\/wp\/v2\/comments?post=50037"}],"wp:featuredmedia":[{"embeddable":true,"href":"https:\/\/startlan.ee\/en\/wp-json\/wp\/v2\/media\/50238"}],"wp:attachment":[{"href":"https:\/\/startlan.ee\/en\/wp-json\/wp\/v2\/media?parent=50037"}],"wp:term":[{"taxonomy":"pwb-brand","embeddable":true,"href":"https:\/\/startlan.ee\/en\/wp-json\/wp\/v2\/pwb-brand?post=50037"},{"taxonomy":"product_brand","embeddable":true,"href":"https:\/\/startlan.ee\/en\/wp-json\/wp\/v2\/product_brand?post=50037"},{"taxonomy":"product_cat","embeddable":true,"href":"https:\/\/startlan.ee\/en\/wp-json\/wp\/v2\/product_cat?post=50037"},{"taxonomy":"product_tag","embeddable":true,"href":"https:\/\/startlan.ee\/en\/wp-json\/wp\/v2\/product_tag?post=50037"}],"curies":[{"name":"wp","href":"https:\/\/api.w.org\/{rel}","templated":true}]}}