{"id":50035,"date":"2024-05-27T12:00:18","date_gmt":"2024-05-27T09:00:18","guid":{"rendered":"https:\/\/startlan.ee\/toode\/7days-my-beauty-week-pooride-sugavpuhastus-koorija-soda-80ml\/"},"modified":"2026-05-13T18:00:18","modified_gmt":"2026-05-13T15:00:18","slug":"7days-my-beauty-week-pooride-sugavpuhastus-koorija-soda-80ml","status":"publish","type":"product","link":"https:\/\/startlan.ee\/en\/toode\/7days-my-beauty-week-pooride-sugavpuhastus-koorija-soda-80ml\/","title":{"rendered":"7DAYS MY BEAUTY WEEK pooride s\u00fcgavpuhastus-koorija SODA 80ml"},"content":{"rendered":"<p>N\u00e4okoorija sooda, tsingi, C-vitamiini ja mentooliga puhastab s\u00fcgavuti, eemaldab \u00f5rnalt keratiinsed osakesed ja \u00fchtlustab nahatooni. Sooda tagab s\u00fcgavpuhastuse, ahendab poore ja matistab nahka. Tsink muudab selle kuivemaks ja v\u00f5itleb ebat\u00e4iuslikkusega. Mentool eemaldab ebapuhtused ja v\u00e4hendab punetust. C-vitamiin toniseerib ja tugevdab nahka ning muudab selle s\u00e4ravaks. Cleanse&amp;scrub sobib igale nahat\u00fc\u00fcbile: niisutab kuiva nahka, matistab rasust nahka, muudab vananeva naha paremaks. Aastaringseks kasutamiseks. Ei ole testitud loomade peal.<\/p>\n<p>&nbsp;<\/p>\n<p><strong>KOOSTIS:\u00a0<\/strong>AQUA, PEG-8, PALMITIC ACID, MYRISTIC ACID, STEARIC ACID, POTASSIUM HYDROXIDE, GLYCERIN, LAURIC ACID, RUBUS IDAEUS (RASPBERRY) FRUIT EXTRACT, RUBUS FRUTICOSUS (BLACKBERRY) FRUIT EXTRACT, EUTERPE OLERACEA FRUIT EXTRACT, VACCINIUM MYRTILLUS FRUIT EXTRACT, VACCINIUM MACROCARPON (CRANBERRY) FRUIT EXTRACT, RIBES NIGRUM (BLACK CURRANT) FRUIT EXTRACT, VACCINIUM ANGUSTIFOLIUM (BLUEBERRY) FRUIT EXTRACT, BUTYLENE GLYCOL, DISODIUM EDTA, POLYQUATERNIUM-7, CHLORPHENESIN, ETHYLHEXYLGLYCERIN, 1,2-HEXANEDIOL, SODIUM BENZOATE, PARFUM.<\/p>\n","protected":false},"excerpt":{"rendered":"<p>N\u00e4okoorija sooda, tsingi, C-vitamiini ja mentooliga puhastab s\u00fcgavuti, eemaldab \u00f5rnalt keratiinsed osakesed ja \u00fchtlustab nahatooni. Sooda tagab s\u00fcgavpuhastuse, ahendab poore&#8230;<\/p>\n","protected":false},"featured_media":50217,"comment_status":"open","ping_status":"closed","template":"","meta":{"_acf_changed":false,"inline_featured_image":false},"pwb-brand":[981],"product_brand":[],"product_cat":[869,1071],"product_tag":[],"class_list":{"0":"post-50035","1":"product","2":"type-product","3":"status-publish","4":"has-post-thumbnail","6":"pwb-brand-7days","7":"product_cat-koorivad-kreemid","8":"product_cat-korea","10":"first","11":"instock","12":"sale","13":"taxable","14":"shipping-taxable","15":"purchasable","16":"product-type-simple"},"acf":[],"brands":[{"id":981,"name":"7Days","slug":"7days"}],"_links":{"self":[{"href":"https:\/\/startlan.ee\/en\/wp-json\/wp\/v2\/product\/50035","targetHints":{"allow":["GET"]}}],"collection":[{"href":"https:\/\/startlan.ee\/en\/wp-json\/wp\/v2\/product"}],"about":[{"href":"https:\/\/startlan.ee\/en\/wp-json\/wp\/v2\/types\/product"}],"replies":[{"embeddable":true,"href":"https:\/\/startlan.ee\/en\/wp-json\/wp\/v2\/comments?post=50035"}],"wp:featuredmedia":[{"embeddable":true,"href":"https:\/\/startlan.ee\/en\/wp-json\/wp\/v2\/media\/50217"}],"wp:attachment":[{"href":"https:\/\/startlan.ee\/en\/wp-json\/wp\/v2\/media?parent=50035"}],"wp:term":[{"taxonomy":"pwb-brand","embeddable":true,"href":"https:\/\/startlan.ee\/en\/wp-json\/wp\/v2\/pwb-brand?post=50035"},{"taxonomy":"product_brand","embeddable":true,"href":"https:\/\/startlan.ee\/en\/wp-json\/wp\/v2\/product_brand?post=50035"},{"taxonomy":"product_cat","embeddable":true,"href":"https:\/\/startlan.ee\/en\/wp-json\/wp\/v2\/product_cat?post=50035"},{"taxonomy":"product_tag","embeddable":true,"href":"https:\/\/startlan.ee\/en\/wp-json\/wp\/v2\/product_tag?post=50035"}],"curies":[{"name":"wp","href":"https:\/\/api.w.org\/{rel}","templated":true}]}}