{"id":50034,"date":"2024-05-27T12:00:18","date_gmt":"2024-05-27T09:00:18","guid":{"rendered":"https:\/\/startlan.ee\/toode\/7days-my-beauty-week-naopuhastusvaht-foam-it-80ml\/"},"modified":"2026-05-13T18:00:18","modified_gmt":"2026-05-13T15:00:18","slug":"7days-my-beauty-week-naopuhastusvaht-foam-it-80ml","status":"publish","type":"product","link":"https:\/\/startlan.ee\/en\/toode\/7days-my-beauty-week-naopuhastusvaht-foam-it-80ml\/","title":{"rendered":"7DAYS MY BEAUTY WEEK n\u00e4opuhastusvaht FOAM IT! 80ml"},"content":{"rendered":"<p>Puhastusvaht vaarika, muraka, mustika, j\u00f5hvika ja musts\u00f5stra ekstraktidega puhastab \u00f5rnalt nahka, eemaldab meigi, muutmata nahka liiga kuivaks ja rikkumata loomulikku kaitsebarj\u00e4\u00e4ri. Vaarikas, murakas, mustikas taastavad nahka, muudavad selle siledaks ja annavad sellele terve s\u00e4ra. J\u00f5hvikas ja musts\u00f5star aitavad toita nahka hapnikuga, ahendada poore ja \u00fchtlustada nahatooni. Puhastusvaht igale nahat\u00fc\u00fcbile: niisutab kuiva nahka, matistab rasust nahka, muudab vananeva naha paremaks. Aastaringseks kasutamiseks. Ei ole testitud loomade peal.<\/p>\n<p>&nbsp;<\/p>\n<p><strong>KOOSTIS:\u00a0<\/strong>AQUA, PEG-8, PALMITIC ACID, MYRISTIC ACID, STEARIC ACID, POTASSIUM HYDROXIDE, GLYCERIN, LAURIC ACID, RUBUS IDAEUS (RASPBERRY) FRUIT EXTRACT, RUBUS FRUTICOSUS (BLACKBERRY) FRUIT EXTRACT, EUTERPE OLERACEA FRUIT EXTRACT, VACCINIUM MYRTILLUS FRUIT EXTRACT, VACCINIUM MACROCARPON (CRANBERRY) FRUIT EXTRACT, RIBES NIGRUM (BLACK CURRANT) FRUIT EXTRACT, VACCINIUM ANGUSTIFOLIUM (BLUEBERRY) FRUIT EXTRACT, BUTYLENE GLYCOL, DISODIUM EDTA, POLYQUATERNIUM-7, CHLORPHENESIN, ETHYLHEXYLGLYCERIN, 1,2-HEXANEDIOL, SODIUM BENZOATE, PARFUM.<\/p>\n","protected":false},"excerpt":{"rendered":"<p>Puhastusvaht vaarika, muraka, mustika, j\u00f5hvika ja musts\u00f5stra ekstraktidega puhastab \u00f5rnalt nahka, eemaldab meigi, muutmata nahka liiga kuivaks ja rikkumata loomulikku&#8230;<\/p>\n","protected":false},"featured_media":50220,"comment_status":"open","ping_status":"closed","template":"","meta":{"_acf_changed":false,"inline_featured_image":false},"pwb-brand":[981],"product_brand":[],"product_cat":[867,1071],"product_tag":[],"class_list":{"0":"post-50034","1":"product","2":"type-product","3":"status-publish","4":"has-post-thumbnail","6":"pwb-brand-7days","7":"product_cat-puhastus-meigieemaldus","8":"product_cat-korea","10":"first","11":"instock","12":"sale","13":"taxable","14":"shipping-taxable","15":"purchasable","16":"product-type-simple"},"acf":[],"brands":[{"id":981,"name":"7Days","slug":"7days"}],"_links":{"self":[{"href":"https:\/\/startlan.ee\/en\/wp-json\/wp\/v2\/product\/50034","targetHints":{"allow":["GET"]}}],"collection":[{"href":"https:\/\/startlan.ee\/en\/wp-json\/wp\/v2\/product"}],"about":[{"href":"https:\/\/startlan.ee\/en\/wp-json\/wp\/v2\/types\/product"}],"replies":[{"embeddable":true,"href":"https:\/\/startlan.ee\/en\/wp-json\/wp\/v2\/comments?post=50034"}],"wp:featuredmedia":[{"embeddable":true,"href":"https:\/\/startlan.ee\/en\/wp-json\/wp\/v2\/media\/50220"}],"wp:attachment":[{"href":"https:\/\/startlan.ee\/en\/wp-json\/wp\/v2\/media?parent=50034"}],"wp:term":[{"taxonomy":"pwb-brand","embeddable":true,"href":"https:\/\/startlan.ee\/en\/wp-json\/wp\/v2\/pwb-brand?post=50034"},{"taxonomy":"product_brand","embeddable":true,"href":"https:\/\/startlan.ee\/en\/wp-json\/wp\/v2\/product_brand?post=50034"},{"taxonomy":"product_cat","embeddable":true,"href":"https:\/\/startlan.ee\/en\/wp-json\/wp\/v2\/product_cat?post=50034"},{"taxonomy":"product_tag","embeddable":true,"href":"https:\/\/startlan.ee\/en\/wp-json\/wp\/v2\/product_tag?post=50034"}],"curies":[{"name":"wp","href":"https:\/\/api.w.org\/{rel}","templated":true}]}}